{"id":1164,"date":"2025-05-11T12:26:33","date_gmt":"2025-05-11T10:26:33","guid":{"rendered":"https:\/\/ia-dev.hes-so.ch\/ona\/?page_id=1164"},"modified":"2025-05-30T09:29:56","modified_gmt":"2025-05-30T07:29:56","slug":"brasov","status":"publish","type":"page","link":"https:\/\/ia-dev.hes-so.ch\/ona\/photos\/brasov\/","title":{"rendered":"Bra\u0219ov"},"content":{"rendered":"\n<h4 class=\"wp-block-heading\">1er jour<\/h4>\n\n\n\n<figure class=\"wp-block-gallery has-nested-images columns-default is-cropped wp-block-gallery-1 is-layout-flex wp-block-gallery-is-layout-flex\">\n<figure class=\"wp-block-image size-large\"><img loading=\"lazy\" decoding=\"async\" width=\"1024\" height=\"817\" data-id=\"1092\" src=\"https:\/\/ia-dev.hes-so.ch\/ona\/wp-content\/uploads\/2025\/04\/01-Lever-du-soleil-a-Ecuvillens-1024x817.jpeg\" alt=\"\" class=\"wp-image-1092\" srcset=\"https:\/\/ia-dev.hes-so.ch\/ona\/wp-content\/uploads\/2025\/04\/01-Lever-du-soleil-a-Ecuvillens-1024x817.jpeg 1024w, https:\/\/ia-dev.hes-so.ch\/ona\/wp-content\/uploads\/2025\/04\/01-Lever-du-soleil-a-Ecuvillens-300x239.jpeg 300w, https:\/\/ia-dev.hes-so.ch\/ona\/wp-content\/uploads\/2025\/04\/01-Lever-du-soleil-a-Ecuvillens-768x613.jpeg 768w, https:\/\/ia-dev.hes-so.ch\/ona\/wp-content\/uploads\/2025\/04\/01-Lever-du-soleil-a-Ecuvillens-1536x1225.jpeg 1536w, https:\/\/ia-dev.hes-so.ch\/ona\/wp-content\/uploads\/2025\/04\/01-Lever-du-soleil-a-Ecuvillens-2048x1634.jpeg 2048w\" sizes=\"auto, (max-width: 1024px) 100vw, 1024px\" \/><\/figure>\n<\/figure>\n\n\n\n<p>Premiers rayons d\u2019un voyage \u00e0 deux. Sous ce ciel en feu, l\u2019horizon s\u2019ouvre : cap sur l\u2019Europe, \u00e0 la rencontre des id\u00e9es et des r\u00eaves.<\/p>\n\n\n\n<h4 class=\"wp-block-heading\">2\u00e8me jour<\/h4>\n\n\n\n<figure class=\"wp-block-image size-large\"><img loading=\"lazy\" decoding=\"async\" width=\"1024\" height=\"483\" src=\"https:\/\/ia-dev.hes-so.ch\/ona\/wp-content\/uploads\/2025\/05\/02-Prendre-lavion-Brasov-1024x483.jpeg\" alt=\"\" class=\"wp-image-1103\" srcset=\"https:\/\/ia-dev.hes-so.ch\/ona\/wp-content\/uploads\/2025\/05\/02-Prendre-lavion-Brasov-1024x483.jpeg 1024w, https:\/\/ia-dev.hes-so.ch\/ona\/wp-content\/uploads\/2025\/05\/02-Prendre-lavion-Brasov-300x141.jpeg 300w, https:\/\/ia-dev.hes-so.ch\/ona\/wp-content\/uploads\/2025\/05\/02-Prendre-lavion-Brasov-768x362.jpeg 768w, https:\/\/ia-dev.hes-so.ch\/ona\/wp-content\/uploads\/2025\/05\/02-Prendre-lavion-Brasov-1536x724.jpeg 1536w, https:\/\/ia-dev.hes-so.ch\/ona\/wp-content\/uploads\/2025\/05\/02-Prendre-lavion-Brasov-2048x966.jpeg 2048w\" sizes=\"auto, (max-width: 1024px) 100vw, 1024px\" \/><\/figure>\n\n\n\n<p>Brasov, premi\u00e8re destination du r\u00e9seau UNITA. Entre ciel et terre, un avion immobile questionne nos itin\u00e9raires. \u00c0 chacun sa voie pour relier les universit\u00e9s d\u2019Europe : par la route, le rail ou les r\u00eaves.<\/p>\n\n\n\n<p><strong>3\u00e8me jour<\/strong><\/p>\n\n\n\n<figure class=\"wp-block-image size-large\"><img loading=\"lazy\" decoding=\"async\" width=\"1024\" height=\"791\" src=\"https:\/\/ia-dev.hes-so.ch\/ona\/wp-content\/uploads\/2025\/05\/03-Sans-locomotive-Brasov-1024x791.jpeg\" alt=\"\" class=\"wp-image-1109\" srcset=\"https:\/\/ia-dev.hes-so.ch\/ona\/wp-content\/uploads\/2025\/05\/03-Sans-locomotive-Brasov-1024x791.jpeg 1024w, https:\/\/ia-dev.hes-so.ch\/ona\/wp-content\/uploads\/2025\/05\/03-Sans-locomotive-Brasov-300x232.jpeg 300w, https:\/\/ia-dev.hes-so.ch\/ona\/wp-content\/uploads\/2025\/05\/03-Sans-locomotive-Brasov-768x593.jpeg 768w, https:\/\/ia-dev.hes-so.ch\/ona\/wp-content\/uploads\/2025\/05\/03-Sans-locomotive-Brasov-1536x1186.jpeg 1536w, https:\/\/ia-dev.hes-so.ch\/ona\/wp-content\/uploads\/2025\/05\/03-Sans-locomotive-Brasov-2048x1581.jpeg 2048w\" sizes=\"auto, (max-width: 1024px) 100vw, 1024px\" \/><\/figure>\n\n\n\n<p>Quand la locomotive manque, les rails seuls ne suffisent pas. Comme nos formations, un train a besoin d\u2019une force motrice pour avancer : vision, adaptation, \u00e9lan collectif. Et si l\u2019avenir de l\u2019ing\u00e9nierie reposait sur ceux et celles qui savent questionner le sens du mouvement ?<\/p>\n\n\n\n<p><strong>4\u00e8me jour<\/strong><\/p>\n\n\n\n<figure class=\"wp-block-image size-large\"><img loading=\"lazy\" decoding=\"async\" width=\"1016\" height=\"1024\" src=\"https:\/\/ia-dev.hes-so.ch\/ona\/wp-content\/uploads\/2025\/05\/04-Apprendre-a-conduire-Brasov-1016x1024.jpeg\" alt=\"\" class=\"wp-image-1112\" srcset=\"https:\/\/ia-dev.hes-so.ch\/ona\/wp-content\/uploads\/2025\/05\/04-Apprendre-a-conduire-Brasov-1016x1024.jpeg 1016w, https:\/\/ia-dev.hes-so.ch\/ona\/wp-content\/uploads\/2025\/05\/04-Apprendre-a-conduire-Brasov-298x300.jpeg 298w, https:\/\/ia-dev.hes-so.ch\/ona\/wp-content\/uploads\/2025\/05\/04-Apprendre-a-conduire-Brasov-150x150.jpeg 150w, https:\/\/ia-dev.hes-so.ch\/ona\/wp-content\/uploads\/2025\/05\/04-Apprendre-a-conduire-Brasov-768x774.jpeg 768w, https:\/\/ia-dev.hes-so.ch\/ona\/wp-content\/uploads\/2025\/05\/04-Apprendre-a-conduire-Brasov-1524x1536.jpeg 1524w, https:\/\/ia-dev.hes-so.ch\/ona\/wp-content\/uploads\/2025\/05\/04-Apprendre-a-conduire-Brasov-2033x2048.jpeg 2033w\" sizes=\"auto, (max-width: 1016px) 100vw, 1016px\" \/><\/figure>\n\n\n\n<p>Apr\u00e8s l\u2019avion sans ailes et le train sans locomotive, voici le simulateur qui nous rappelle : pour avancer, il faut apprendre \u00e0 conduire. L\u2019ing\u00e9nierie ne se r\u00e9sume pas \u00e0 des savoirs techniques \u2014 elle exige coordination, anticipation, et une vision claire du chemin \u00e0 suivre. Entre m\u00e9canique, \u00e9lectronique et apprentissage, chaque trajectoire se construit \u00e0 l\u2019intersection des comp\u00e9tences et de l\u2019interdisciplinarit\u00e9.<\/p>\n\n\n\n<p><strong>5\u00e8me jour<\/strong><\/p>\n\n\n\n<figure class=\"wp-block-image size-large\"><img loading=\"lazy\" decoding=\"async\" width=\"1024\" height=\"625\" src=\"https:\/\/ia-dev.hes-so.ch\/ona\/wp-content\/uploads\/2025\/05\/05-Hesitation-sur-la-voiture-1024x625.jpeg\" alt=\"\" class=\"wp-image-1117\" srcset=\"https:\/\/ia-dev.hes-so.ch\/ona\/wp-content\/uploads\/2025\/05\/05-Hesitation-sur-la-voiture-1024x625.jpeg 1024w, https:\/\/ia-dev.hes-so.ch\/ona\/wp-content\/uploads\/2025\/05\/05-Hesitation-sur-la-voiture-300x183.jpeg 300w, https:\/\/ia-dev.hes-so.ch\/ona\/wp-content\/uploads\/2025\/05\/05-Hesitation-sur-la-voiture-768x469.jpeg 768w, https:\/\/ia-dev.hes-so.ch\/ona\/wp-content\/uploads\/2025\/05\/05-Hesitation-sur-la-voiture-1536x938.jpeg 1536w, https:\/\/ia-dev.hes-so.ch\/ona\/wp-content\/uploads\/2025\/05\/05-Hesitation-sur-la-voiture-2048x1251.jpeg 2048w\" sizes=\"auto, (max-width: 1024px) 100vw, 1024px\" \/><\/figure>\n\n\n\n<p>Entre deux bolides, le doute s\u2019installe&#8230;. Les comp\u00e9tences fra\u00eechement acquises donnent des ailes\u2026 mais faut-il foncer sans recul ? Apprendre, c\u2019est aussi savoir attendre le bon moment pour s\u2019\u00e9lancer. Tester, ajuster, oser \u2014 mais avec discernement. L\u2019ing\u00e9nierie de demain se construit \u00e0 la fois sur l\u2019\u00e9lan et la ma\u00eetrise.<\/p>\n\n\n\n<p><strong>6\u00e8me jour<\/strong><\/p>\n\n\n\n<figure class=\"wp-block-image size-large\"><img loading=\"lazy\" decoding=\"async\" width=\"1024\" height=\"768\" src=\"https:\/\/ia-dev.hes-so.ch\/ona\/wp-content\/uploads\/2025\/05\/07-Uni-Brasov-Rectorat-1024x768.jpeg\" alt=\"\" class=\"wp-image-1120\" srcset=\"https:\/\/ia-dev.hes-so.ch\/ona\/wp-content\/uploads\/2025\/05\/07-Uni-Brasov-Rectorat-1024x768.jpeg 1024w, https:\/\/ia-dev.hes-so.ch\/ona\/wp-content\/uploads\/2025\/05\/07-Uni-Brasov-Rectorat-300x225.jpeg 300w, https:\/\/ia-dev.hes-so.ch\/ona\/wp-content\/uploads\/2025\/05\/07-Uni-Brasov-Rectorat-768x576.jpeg 768w, https:\/\/ia-dev.hes-so.ch\/ona\/wp-content\/uploads\/2025\/05\/07-Uni-Brasov-Rectorat-1536x1152.jpeg 1536w, https:\/\/ia-dev.hes-so.ch\/ona\/wp-content\/uploads\/2025\/05\/07-Uni-Brasov-Rectorat-2048x1536.jpeg 2048w\" sizes=\"auto, (max-width: 1024px) 100vw, 1024px\" \/><\/figure>\n\n\n\n<p>Brasov, c\u0153ur battant de la Transylvanie : situ\u00e9 \u00e0 l\u2019entr\u00e9e de la vieille ville, le b\u00e2timent du Rectorat impressionne par sa majest\u00e9. Ses proportions et son architecture imposent naturellement le respect. Face \u00e0 cette fa\u00e7ade, difficile de ne pas s\u2019interroger sur la place de l\u2019\u00e9ducation dans notre soci\u00e9t\u00e9. Peut-on vraiment b\u00e2tir l\u2019avenir sans ?<\/p>\n\n\n\n<p><strong>7\u00e8me jour<\/strong><\/p>\n\n\n\n<figure class=\"wp-block-image size-large\"><img loading=\"lazy\" decoding=\"async\" width=\"1024\" height=\"768\" src=\"https:\/\/ia-dev.hes-so.ch\/ona\/wp-content\/uploads\/2025\/05\/08-Brasov-1024x768.jpeg\" alt=\"\" class=\"wp-image-1123\" srcset=\"https:\/\/ia-dev.hes-so.ch\/ona\/wp-content\/uploads\/2025\/05\/08-Brasov-1024x768.jpeg 1024w, https:\/\/ia-dev.hes-so.ch\/ona\/wp-content\/uploads\/2025\/05\/08-Brasov-300x225.jpeg 300w, https:\/\/ia-dev.hes-so.ch\/ona\/wp-content\/uploads\/2025\/05\/08-Brasov-768x576.jpeg 768w, https:\/\/ia-dev.hes-so.ch\/ona\/wp-content\/uploads\/2025\/05\/08-Brasov-1536x1152.jpeg 1536w, https:\/\/ia-dev.hes-so.ch\/ona\/wp-content\/uploads\/2025\/05\/08-Brasov-2048x1536.jpeg 2048w\" sizes=\"auto, (max-width: 1024px) 100vw, 1024px\" \/><\/figure>\n\n\n\n<p>Quand l\u2019ing\u00e9nierie s&rsquo;arr\u00eate face au mur, l\u2019art regarde et interroge. Un \u0153il sur le monde, l\u2019autre sur notre destin\u00e9e. Et si penser autrement passait par un peu de couleur ?<br><strong>8\u00e8me jour<\/strong><\/p>\n\n\n\n<figure class=\"wp-block-image size-large\"><img loading=\"lazy\" decoding=\"async\" width=\"556\" height=\"1024\" src=\"https:\/\/ia-dev.hes-so.ch\/ona\/wp-content\/uploads\/2025\/05\/09-Eglise-Brasov-556x1024.jpeg\" alt=\"\" class=\"wp-image-1132\" srcset=\"https:\/\/ia-dev.hes-so.ch\/ona\/wp-content\/uploads\/2025\/05\/09-Eglise-Brasov-556x1024.jpeg 556w, https:\/\/ia-dev.hes-so.ch\/ona\/wp-content\/uploads\/2025\/05\/09-Eglise-Brasov-163x300.jpeg 163w, https:\/\/ia-dev.hes-so.ch\/ona\/wp-content\/uploads\/2025\/05\/09-Eglise-Brasov-768x1415.jpeg 768w, https:\/\/ia-dev.hes-so.ch\/ona\/wp-content\/uploads\/2025\/05\/09-Eglise-Brasov-834x1536.jpeg 834w, https:\/\/ia-dev.hes-so.ch\/ona\/wp-content\/uploads\/2025\/05\/09-Eglise-Brasov-1112x2048.jpeg 1112w, https:\/\/ia-dev.hes-so.ch\/ona\/wp-content\/uploads\/2025\/05\/09-Eglise-Brasov-scaled.jpeg 1389w\" sizes=\"auto, (max-width: 556px) 100vw, 556px\" \/><\/figure>\n\n\n\n<p>Entre pass\u00e9 et pr\u00e9sent, cette chapelle m\u2019\u00e9voque un autre nord, un autre voyage.<br>\u00c0 Gautier, dont l\u2019absence p\u00e8se encore dans les silences. Certains lieux r\u00e9veillent la m\u00e9moire, sans pr\u00e9venir, avec douceur. Juste assez pour se souvenir\u2026<\/p>\n\n\n\n<p> <\/p>\n\n\n\n<p>Lien vers la ville suivante : <a href=\"https:\/\/ia-dev.hes-so.ch\/ona\/photos\/brescia\/\" data-type=\"page\" data-id=\"1178\">Brescia<\/a><\/p>\n","protected":false},"excerpt":{"rendered":"<p>1er jour Premiers rayons d\u2019un voyage \u00e0 deux. Sous ce ciel en feu, l\u2019horizon s\u2019ouvre : cap sur l\u2019Europe, \u00e0 [&hellip;]<\/p>\n","protected":false},"author":1,"featured_media":0,"parent":173,"menu_order":11,"comment_status":"closed","ping_status":"closed","template":"","meta":{"footnotes":""},"class_list":["post-1164","page","type-page","status-publish","hentry"],"_links":{"self":[{"href":"https:\/\/ia-dev.hes-so.ch\/ona\/wp-json\/wp\/v2\/pages\/1164","targetHints":{"allow":["GET"]}}],"collection":[{"href":"https:\/\/ia-dev.hes-so.ch\/ona\/wp-json\/wp\/v2\/pages"}],"about":[{"href":"https:\/\/ia-dev.hes-so.ch\/ona\/wp-json\/wp\/v2\/types\/page"}],"author":[{"embeddable":true,"href":"https:\/\/ia-dev.hes-so.ch\/ona\/wp-json\/wp\/v2\/users\/1"}],"replies":[{"embeddable":true,"href":"https:\/\/ia-dev.hes-so.ch\/ona\/wp-json\/wp\/v2\/comments?post=1164"}],"version-history":[{"count":5,"href":"https:\/\/ia-dev.hes-so.ch\/ona\/wp-json\/wp\/v2\/pages\/1164\/revisions"}],"predecessor-version":[{"id":1399,"href":"https:\/\/ia-dev.hes-so.ch\/ona\/wp-json\/wp\/v2\/pages\/1164\/revisions\/1399"}],"up":[{"embeddable":true,"href":"https:\/\/ia-dev.hes-so.ch\/ona\/wp-json\/wp\/v2\/pages\/173"}],"wp:attachment":[{"href":"https:\/\/ia-dev.hes-so.ch\/ona\/wp-json\/wp\/v2\/media?parent=1164"}],"curies":[{"name":"wp","href":"https:\/\/api.w.org\/{rel}","templated":true}]}}