{"id":1282,"date":"2025-05-18T10:31:19","date_gmt":"2025-05-18T08:31:19","guid":{"rendered":"https:\/\/ia-dev.hes-so.ch\/ona\/?page_id=1282"},"modified":"2025-05-30T09:29:22","modified_gmt":"2025-05-30T07:29:22","slug":"chambery","status":"publish","type":"page","link":"https:\/\/ia-dev.hes-so.ch\/ona\/photos\/chambery\/","title":{"rendered":"Chamb\u00e9ry"},"content":{"rendered":"\n<p><strong>1er jour<\/strong><\/p>\n\n\n\n<figure class=\"wp-block-image size-large\"><img loading=\"lazy\" decoding=\"async\" width=\"1024\" height=\"664\" src=\"https:\/\/ia-dev.hes-so.ch\/ona\/wp-content\/uploads\/2025\/05\/01-A-la-sortie-du-Mont-Blanc-1024x664.jpeg\" alt=\"\" class=\"wp-image-1324\" srcset=\"https:\/\/ia-dev.hes-so.ch\/ona\/wp-content\/uploads\/2025\/05\/01-A-la-sortie-du-Mont-Blanc-1024x664.jpeg 1024w, https:\/\/ia-dev.hes-so.ch\/ona\/wp-content\/uploads\/2025\/05\/01-A-la-sortie-du-Mont-Blanc-300x195.jpeg 300w, https:\/\/ia-dev.hes-so.ch\/ona\/wp-content\/uploads\/2025\/05\/01-A-la-sortie-du-Mont-Blanc-768x498.jpeg 768w, https:\/\/ia-dev.hes-so.ch\/ona\/wp-content\/uploads\/2025\/05\/01-A-la-sortie-du-Mont-Blanc-1536x996.jpeg 1536w, https:\/\/ia-dev.hes-so.ch\/ona\/wp-content\/uploads\/2025\/05\/01-A-la-sortie-du-Mont-Blanc-2048x1329.jpeg 2048w\" sizes=\"auto, (max-width: 1024px) 100vw, 1024px\" \/><\/figure>\n\n\n\n<p>Entre l\u2019Italie acad\u00e9mique de Turin et la France universitaire de Chamb\u00e9ry, un petit salut des Alpes franco-italiennes. Apr\u00e8s le tunnel, la lumi\u00e8re \u2014 et ce rappel majestueux que les ponts entre pays se construisent parfois sous les montagnes\u2026 avant de se poursuivre dans la coop\u00e9ration scientifique.<\/p>\n\n\n\n<p><strong>2\u00e8me jour<\/strong><\/p>\n\n\n\n<figure class=\"wp-block-image size-large\"><img loading=\"lazy\" decoding=\"async\" width=\"1024\" height=\"768\" src=\"https:\/\/ia-dev.hes-so.ch\/ona\/wp-content\/uploads\/2025\/05\/02-Lac-de-Saint-Andre-1024x768.jpeg\" alt=\"\" class=\"wp-image-1325\" srcset=\"https:\/\/ia-dev.hes-so.ch\/ona\/wp-content\/uploads\/2025\/05\/02-Lac-de-Saint-Andre-1024x768.jpeg 1024w, https:\/\/ia-dev.hes-so.ch\/ona\/wp-content\/uploads\/2025\/05\/02-Lac-de-Saint-Andre-300x225.jpeg 300w, https:\/\/ia-dev.hes-so.ch\/ona\/wp-content\/uploads\/2025\/05\/02-Lac-de-Saint-Andre-768x576.jpeg 768w, https:\/\/ia-dev.hes-so.ch\/ona\/wp-content\/uploads\/2025\/05\/02-Lac-de-Saint-Andre-1536x1152.jpeg 1536w, https:\/\/ia-dev.hes-so.ch\/ona\/wp-content\/uploads\/2025\/05\/02-Lac-de-Saint-Andre-2048x1536.jpeg 2048w\" sizes=\"auto, (max-width: 1024px) 100vw, 1024px\" \/><\/figure>\n\n\n\n<p>Poser sa caravane au bord du lac, face au miroir paisible des montagnes, c\u2019est aussi prendre le temps de r\u00e9fl\u00e9chir \u00e0 nos formations. \u00c0 l\u2019image de l\u2019eau, elles paraissent fig\u00e9es, mais comme les nuages en mouvement, elles sont en perp\u00e9tuelle transformation. L\u2019\u00e9volution, parfois discr\u00e8te, est d\u00e9j\u00e0 en cours.<\/p>\n\n\n\n<p><strong>3\u00e8me jour<\/strong><\/p>\n\n\n\n<figure class=\"wp-block-image size-large\"><img loading=\"lazy\" decoding=\"async\" width=\"768\" height=\"1024\" src=\"https:\/\/ia-dev.hes-so.ch\/ona\/wp-content\/uploads\/2025\/05\/03-Chambery-Couvent-pour-mediter-768x1024.jpeg\" alt=\"\" class=\"wp-image-1326\" srcset=\"https:\/\/ia-dev.hes-so.ch\/ona\/wp-content\/uploads\/2025\/05\/03-Chambery-Couvent-pour-mediter-768x1024.jpeg 768w, https:\/\/ia-dev.hes-so.ch\/ona\/wp-content\/uploads\/2025\/05\/03-Chambery-Couvent-pour-mediter-225x300.jpeg 225w, https:\/\/ia-dev.hes-so.ch\/ona\/wp-content\/uploads\/2025\/05\/03-Chambery-Couvent-pour-mediter-1152x1536.jpeg 1152w, https:\/\/ia-dev.hes-so.ch\/ona\/wp-content\/uploads\/2025\/05\/03-Chambery-Couvent-pour-mediter-1536x2048.jpeg 1536w, https:\/\/ia-dev.hes-so.ch\/ona\/wp-content\/uploads\/2025\/05\/03-Chambery-Couvent-pour-mediter-scaled.jpeg 1920w\" sizes=\"auto, (max-width: 768px) 100vw, 768px\" \/><\/figure>\n\n\n\n<p>Entre pierre et verdure, le clo\u00eetre offre un havre de paix propice \u00e0 la r\u00e9flexion. L\u2019arche v\u00e9g\u00e9tale nous rappelle que l\u2019acc\u00e8s au savoir demande parfois de franchir un seuil, r\u00e9el ou symbolique. Un lieu parfait pour m\u00e9diter sur la place de l\u2019universit\u00e9 dans un monde en mutation\u2026 ou pour pr\u00e9parer son prochain rapport.<\/p>\n\n\n\n<p><strong>4\u00e8me jour<\/strong><\/p>\n\n\n\n<figure class=\"wp-block-image size-large\"><img loading=\"lazy\" decoding=\"async\" width=\"2561\" height=\"1921\" src=\"https:\/\/ia-dev.hes-so.ch\/ona\/wp-content\/uploads\/2025\/05\/04-Chambery-au-bout-du-tunel-edited.jpeg\" alt=\"\" class=\"wp-image-1368\"\/><\/figure>\n\n\n\n<p>Sous la treille, un passage discret s\u2019ouvre sur une ruelle \u00e9troite. Le d\u00e9tour par l\u2019ombre est parfois n\u00e9cessaire avant de retrouver la clart\u00e9. \u00c0 l\u2019image du parcours \u00e9tudiant : bifurcations, h\u00e9sitations\u2026 mais au bout, une terrasse pleine de vie.<\/p>\n\n\n\n<p><strong>5\u00e8me jour<\/strong><\/p>\n\n\n\n<figure class=\"wp-block-image size-large\"><img loading=\"lazy\" decoding=\"async\" width=\"1024\" height=\"768\" src=\"https:\/\/ia-dev.hes-so.ch\/ona\/wp-content\/uploads\/2025\/05\/05-Technoparc-Bourget-le-Lac-Panneaux-solaires-1024x768.jpeg\" alt=\"\" class=\"wp-image-1328\" srcset=\"https:\/\/ia-dev.hes-so.ch\/ona\/wp-content\/uploads\/2025\/05\/05-Technoparc-Bourget-le-Lac-Panneaux-solaires-1024x768.jpeg 1024w, https:\/\/ia-dev.hes-so.ch\/ona\/wp-content\/uploads\/2025\/05\/05-Technoparc-Bourget-le-Lac-Panneaux-solaires-300x225.jpeg 300w, https:\/\/ia-dev.hes-so.ch\/ona\/wp-content\/uploads\/2025\/05\/05-Technoparc-Bourget-le-Lac-Panneaux-solaires-768x576.jpeg 768w, https:\/\/ia-dev.hes-so.ch\/ona\/wp-content\/uploads\/2025\/05\/05-Technoparc-Bourget-le-Lac-Panneaux-solaires-1536x1152.jpeg 1536w, https:\/\/ia-dev.hes-so.ch\/ona\/wp-content\/uploads\/2025\/05\/05-Technoparc-Bourget-le-Lac-Panneaux-solaires-2048x1536.jpeg 2048w\" sizes=\"auto, (max-width: 1024px) 100vw, 1024px\" \/><\/figure>\n\n\n\n<p>Quand le soleil alimente les neurones\u2026 et les batteries ! Sous ces ombri\u00e8res photovolta\u00efques, les voitures se reposent pendant que les futures ing\u00e9nieures et ing\u00e9nieurs planchent sur les transitions \u00e9nerg\u00e9tiques. Un indice lumineux : vous \u00eates bien \u00e0 deux pas d\u2019une \u00e9cole d\u2019ing\u00e9nieur.<\/p>\n\n\n\n<p><strong>6\u00e8me jour<\/strong><\/p>\n\n\n\n<figure class=\"wp-block-image size-large\"><img loading=\"lazy\" decoding=\"async\" width=\"768\" height=\"1024\" src=\"https:\/\/ia-dev.hes-so.ch\/ona\/wp-content\/uploads\/2025\/05\/06-Taille-savons-a-lUSB-polytech-768x1024.jpeg\" alt=\"\" class=\"wp-image-1329\" srcset=\"https:\/\/ia-dev.hes-so.ch\/ona\/wp-content\/uploads\/2025\/05\/06-Taille-savons-a-lUSB-polytech-768x1024.jpeg 768w, https:\/\/ia-dev.hes-so.ch\/ona\/wp-content\/uploads\/2025\/05\/06-Taille-savons-a-lUSB-polytech-225x300.jpeg 225w, https:\/\/ia-dev.hes-so.ch\/ona\/wp-content\/uploads\/2025\/05\/06-Taille-savons-a-lUSB-polytech-1152x1536.jpeg 1152w, https:\/\/ia-dev.hes-so.ch\/ona\/wp-content\/uploads\/2025\/05\/06-Taille-savons-a-lUSB-polytech-1536x2048.jpeg 1536w, https:\/\/ia-dev.hes-so.ch\/ona\/wp-content\/uploads\/2025\/05\/06-Taille-savons-a-lUSB-polytech-scaled.jpeg 1920w\" sizes=\"auto, (max-width: 768px) 100vw, 768px\" \/><\/figure>\n\n\n\n<p>Un taille-savon \u00e0 manivelle ! Apr\u00e8s les panneaux photovolta\u00efques sur le parking, un nouvel indice confirme que nous sommes bien dans une \u00e9cole d\u2019ing\u00e9nieur\u00b7es. Entre sobri\u00e9t\u00e9 technologique et ing\u00e9niosit\u00e9 m\u00e9canique, m\u00eame les lavabos participent \u00e0 la d\u00e9monstration.<\/p>\n\n\n\n<p><strong>7\u00e8me jour<\/strong><\/p>\n\n\n\n<figure class=\"wp-block-gallery has-nested-images columns-default is-cropped wp-block-gallery-1 is-layout-flex wp-block-gallery-is-layout-flex\">\n<figure class=\"wp-block-image size-large\"><img loading=\"lazy\" decoding=\"async\" width=\"1024\" height=\"768\" data-id=\"1330\" src=\"https:\/\/ia-dev.hes-so.ch\/ona\/wp-content\/uploads\/2025\/05\/07-Polytech-de-lUSMB-au-Bourget-du-Lac-1024x768.jpeg\" alt=\"\" class=\"wp-image-1330\" srcset=\"https:\/\/ia-dev.hes-so.ch\/ona\/wp-content\/uploads\/2025\/05\/07-Polytech-de-lUSMB-au-Bourget-du-Lac-1024x768.jpeg 1024w, https:\/\/ia-dev.hes-so.ch\/ona\/wp-content\/uploads\/2025\/05\/07-Polytech-de-lUSMB-au-Bourget-du-Lac-300x225.jpeg 300w, https:\/\/ia-dev.hes-so.ch\/ona\/wp-content\/uploads\/2025\/05\/07-Polytech-de-lUSMB-au-Bourget-du-Lac-768x576.jpeg 768w, https:\/\/ia-dev.hes-so.ch\/ona\/wp-content\/uploads\/2025\/05\/07-Polytech-de-lUSMB-au-Bourget-du-Lac-1536x1152.jpeg 1536w, https:\/\/ia-dev.hes-so.ch\/ona\/wp-content\/uploads\/2025\/05\/07-Polytech-de-lUSMB-au-Bourget-du-Lac-2048x1536.jpeg 2048w\" sizes=\"auto, (max-width: 1024px) 100vw, 1024px\" \/><\/figure>\n<\/figure>\n\n\n\n<p>Ne vous fiez pas aux apparences : derri\u00e8re ces fa\u00e7ades discr\u00e8tes du Bourget-du-Lac se cache un \u00e9cosyst\u00e8me universitaire dynamique. Ici, Polytech, l\u2019IUT et les autres composantes de l\u2019USMB conjuguent interdisciplinarit\u00e9, innovation et formations professionnalisantes. Un lieu o\u00f9 l\u2019ing\u00e9nierie se cultive \u00e0 l\u2019ombre des montagnes\u2026 et des murs modestes.<\/p>\n\n\n\n<p><strong>8\u00e8me jour<\/strong><\/p>\n\n\n\n<figure class=\"wp-block-image size-large\"><img loading=\"lazy\" decoding=\"async\" width=\"768\" height=\"1024\" src=\"https:\/\/ia-dev.hes-so.ch\/ona\/wp-content\/uploads\/2025\/05\/08-Avec-la-HES-SO-Cuisiner-un-plaisir-768x1024.jpeg\" alt=\"\" class=\"wp-image-1331\" srcset=\"https:\/\/ia-dev.hes-so.ch\/ona\/wp-content\/uploads\/2025\/05\/08-Avec-la-HES-SO-Cuisiner-un-plaisir-768x1024.jpeg 768w, https:\/\/ia-dev.hes-so.ch\/ona\/wp-content\/uploads\/2025\/05\/08-Avec-la-HES-SO-Cuisiner-un-plaisir-225x300.jpeg 225w, https:\/\/ia-dev.hes-so.ch\/ona\/wp-content\/uploads\/2025\/05\/08-Avec-la-HES-SO-Cuisiner-un-plaisir-1152x1536.jpeg 1152w, https:\/\/ia-dev.hes-so.ch\/ona\/wp-content\/uploads\/2025\/05\/08-Avec-la-HES-SO-Cuisiner-un-plaisir-1536x2048.jpeg 1536w, https:\/\/ia-dev.hes-so.ch\/ona\/wp-content\/uploads\/2025\/05\/08-Avec-la-HES-SO-Cuisiner-un-plaisir-scaled.jpeg 1920w\" sizes=\"auto, (max-width: 768px) 100vw, 768px\" \/><\/figure>\n\n\n\n<p>Apr\u00e8s une semaine riche en \u00e9changes \u00e0 Chamb\u00e9ry, rien de tel qu\u2019une pause bien m\u00e9rit\u00e9e. Tablier HES\u2060-\u2060SO en main, on prend le temps de cuisiner, de savourer l\u2019instant\u2026 avant de repartir, pr\u00eat et ressourc\u00e9, vers les prochaines rencontres acad\u00e9miques.<\/p>\n\n\n\n<p> <\/p>\n\n\n\n<p>Lien vers la ville suivante : <a href=\"https:\/\/ia-dev.hes-so.ch\/ona\/photos\/lyon\/\" data-type=\"page\" data-id=\"1287\">Lyon<\/a><\/p>\n","protected":false},"excerpt":{"rendered":"<p>1er jour Entre l\u2019Italie acad\u00e9mique de Turin et la France universitaire de Chamb\u00e9ry, un petit salut des Alpes franco-italiennes. Apr\u00e8s [&hellip;]<\/p>\n","protected":false},"author":1,"featured_media":0,"parent":173,"menu_order":14,"comment_status":"closed","ping_status":"closed","template":"","meta":{"footnotes":""},"class_list":["post-1282","page","type-page","status-publish","hentry"],"_links":{"self":[{"href":"https:\/\/ia-dev.hes-so.ch\/ona\/wp-json\/wp\/v2\/pages\/1282","targetHints":{"allow":["GET"]}}],"collection":[{"href":"https:\/\/ia-dev.hes-so.ch\/ona\/wp-json\/wp\/v2\/pages"}],"about":[{"href":"https:\/\/ia-dev.hes-so.ch\/ona\/wp-json\/wp\/v2\/types\/page"}],"author":[{"embeddable":true,"href":"https:\/\/ia-dev.hes-so.ch\/ona\/wp-json\/wp\/v2\/users\/1"}],"replies":[{"embeddable":true,"href":"https:\/\/ia-dev.hes-so.ch\/ona\/wp-json\/wp\/v2\/comments?post=1282"}],"version-history":[{"count":11,"href":"https:\/\/ia-dev.hes-so.ch\/ona\/wp-json\/wp\/v2\/pages\/1282\/revisions"}],"predecessor-version":[{"id":1398,"href":"https:\/\/ia-dev.hes-so.ch\/ona\/wp-json\/wp\/v2\/pages\/1282\/revisions\/1398"}],"up":[{"embeddable":true,"href":"https:\/\/ia-dev.hes-so.ch\/ona\/wp-json\/wp\/v2\/pages\/173"}],"wp:attachment":[{"href":"https:\/\/ia-dev.hes-so.ch\/ona\/wp-json\/wp\/v2\/media?parent=1282"}],"curies":[{"name":"wp","href":"https:\/\/api.w.org\/{rel}","templated":true}]}}