{"id":1287,"date":"2025-05-18T14:19:45","date_gmt":"2025-05-18T12:19:45","guid":{"rendered":"https:\/\/ia-dev.hes-so.ch\/ona\/?page_id=1287"},"modified":"2025-06-08T10:35:23","modified_gmt":"2025-06-08T08:35:23","slug":"lyon","status":"publish","type":"page","link":"https:\/\/ia-dev.hes-so.ch\/ona\/photos\/lyon\/","title":{"rendered":"Lyon"},"content":{"rendered":"\n<p><strong>1er jour<\/strong><\/p>\n\n\n\n<figure class=\"wp-block-image size-large\"><img loading=\"lazy\" decoding=\"async\" width=\"768\" height=\"1024\" src=\"https:\/\/ia-dev.hes-so.ch\/ona\/wp-content\/uploads\/2025\/06\/01-Aavok-Sous-le-beton-locean-768x1024.jpeg\" alt=\"\" class=\"wp-image-1410\" srcset=\"https:\/\/ia-dev.hes-so.ch\/ona\/wp-content\/uploads\/2025\/06\/01-Aavok-Sous-le-beton-locean-768x1024.jpeg 768w, https:\/\/ia-dev.hes-so.ch\/ona\/wp-content\/uploads\/2025\/06\/01-Aavok-Sous-le-beton-locean-225x300.jpeg 225w, https:\/\/ia-dev.hes-so.ch\/ona\/wp-content\/uploads\/2025\/06\/01-Aavok-Sous-le-beton-locean-1152x1536.jpeg 1152w, https:\/\/ia-dev.hes-so.ch\/ona\/wp-content\/uploads\/2025\/06\/01-Aavok-Sous-le-beton-locean-1536x2048.jpeg 1536w, https:\/\/ia-dev.hes-so.ch\/ona\/wp-content\/uploads\/2025\/06\/01-Aavok-Sous-le-beton-locean-scaled.jpeg 1920w\" sizes=\"auto, (max-width: 768px) 100vw, 768px\" \/><\/figure>\n\n\n\n<p>L\u2019\u0153uvre d\u2019Aavok rappelle qu\u2019un monde vivant continue de battre sous nos constructions. Entre expansion urbaine et injonctions au d\u00e9veloppement, le b\u00e9ton incarne autant le progr\u00e8s que la coupure. Une question \u00e9merge alors : comment concilier nos ambitions technologiques avec les \u00e9quilibres naturels qui rendent la vie possible ?<\/p>\n\n\n\n<p><strong>2\u00e8me jour<\/strong><\/p>\n\n\n\n<figure class=\"wp-block-image size-large\"><img loading=\"lazy\" decoding=\"async\" width=\"1024\" height=\"768\" src=\"https:\/\/ia-dev.hes-so.ch\/ona\/wp-content\/uploads\/2025\/06\/02-Lyon-1024x768.jpeg\" alt=\"\" class=\"wp-image-1411\" srcset=\"https:\/\/ia-dev.hes-so.ch\/ona\/wp-content\/uploads\/2025\/06\/02-Lyon-1024x768.jpeg 1024w, https:\/\/ia-dev.hes-so.ch\/ona\/wp-content\/uploads\/2025\/06\/02-Lyon-300x225.jpeg 300w, https:\/\/ia-dev.hes-so.ch\/ona\/wp-content\/uploads\/2025\/06\/02-Lyon-768x576.jpeg 768w, https:\/\/ia-dev.hes-so.ch\/ona\/wp-content\/uploads\/2025\/06\/02-Lyon-1536x1152.jpeg 1536w, https:\/\/ia-dev.hes-so.ch\/ona\/wp-content\/uploads\/2025\/06\/02-Lyon-2048x1536.jpeg 2048w\" sizes=\"auto, (max-width: 1024px) 100vw, 1024px\" \/><\/figure>\n\n\n\n<p>Apr\u00e8s l\u2019oc\u00e9an sous le b\u00e9ton, voici la rencontre entre deux cours d\u2019eau. Au loin, une ville se dessine, pos\u00e9e entre une rivi\u00e8re et un fleuve, unissant les flux comme on tisse des liens. L\u00e0 o\u00f9 les confluences inspirent, se cr\u00e9ent des forces nouvelles : techniques, humaines\u2026 et parfois m\u00eame po\u00e9tiques.<\/p>\n\n\n\n<p><strong>3\u00e8me jour<\/strong><\/p>\n\n\n\n<figure class=\"wp-block-image size-large\"><img loading=\"lazy\" decoding=\"async\" width=\"1024\" height=\"768\" src=\"https:\/\/ia-dev.hes-so.ch\/ona\/wp-content\/uploads\/2025\/06\/03-Musee-de-la-Confluence-1024x768.jpeg\" alt=\"\" class=\"wp-image-1412\" srcset=\"https:\/\/ia-dev.hes-so.ch\/ona\/wp-content\/uploads\/2025\/06\/03-Musee-de-la-Confluence-1024x768.jpeg 1024w, https:\/\/ia-dev.hes-so.ch\/ona\/wp-content\/uploads\/2025\/06\/03-Musee-de-la-Confluence-300x225.jpeg 300w, https:\/\/ia-dev.hes-so.ch\/ona\/wp-content\/uploads\/2025\/06\/03-Musee-de-la-Confluence-768x576.jpeg 768w, https:\/\/ia-dev.hes-so.ch\/ona\/wp-content\/uploads\/2025\/06\/03-Musee-de-la-Confluence-1536x1152.jpeg 1536w, https:\/\/ia-dev.hes-so.ch\/ona\/wp-content\/uploads\/2025\/06\/03-Musee-de-la-Confluence-2048x1536.jpeg 2048w\" sizes=\"auto, (max-width: 1024px) 100vw, 1024px\" \/><\/figure>\n\n\n\n<p>Ici, \u00e0 la confluence de deux rivi\u00e8res et des savoirs, un b\u00e2timent embl\u00e9matique accueille une exposition sur l\u2019adaptation des esp\u00e8ces aux environnements extr\u00eames. Une belle m\u00e9taphore pour l\u2019ing\u00e9nierie : comprendre, imiter, innover. Face aux d\u00e9fis climatiques et technologiques, saurons-nous, nous aussi, devenir \u00ab trop forts \u00bb ?<\/p>\n\n\n\n<p><strong>4\u00e8me jour<\/strong><\/p>\n\n\n\n<figure class=\"wp-block-image size-large\"><img loading=\"lazy\" decoding=\"async\" width=\"1024\" height=\"768\" src=\"https:\/\/ia-dev.hes-so.ch\/ona\/wp-content\/uploads\/2025\/06\/04-Parc-de-la-tete-dor-Concours-de-roses--1024x768.jpeg\" alt=\"\" class=\"wp-image-1413\" srcset=\"https:\/\/ia-dev.hes-so.ch\/ona\/wp-content\/uploads\/2025\/06\/04-Parc-de-la-tete-dor-Concours-de-roses--1024x768.jpeg 1024w, https:\/\/ia-dev.hes-so.ch\/ona\/wp-content\/uploads\/2025\/06\/04-Parc-de-la-tete-dor-Concours-de-roses--300x225.jpeg 300w, https:\/\/ia-dev.hes-so.ch\/ona\/wp-content\/uploads\/2025\/06\/04-Parc-de-la-tete-dor-Concours-de-roses--768x576.jpeg 768w, https:\/\/ia-dev.hes-so.ch\/ona\/wp-content\/uploads\/2025\/06\/04-Parc-de-la-tete-dor-Concours-de-roses--1536x1152.jpeg 1536w, https:\/\/ia-dev.hes-so.ch\/ona\/wp-content\/uploads\/2025\/06\/04-Parc-de-la-tete-dor-Concours-de-roses--2048x1536.jpeg 2048w\" sizes=\"auto, (max-width: 1024px) 100vw, 1024px\" \/><\/figure>\n\n\n\n<p>Au c\u0153ur de la roseraie, le concours des roses allie rigueur et passion. Chaque vari\u00e9t\u00e9 est le fruit de croisements minutieux, de tentatives r\u00e9p\u00e9t\u00e9es et de patience, \u00e0 l\u2019image de la recherche scientifique. Car ici, comme en ing\u00e9nierie, il ne suffit pas d\u2019un mod\u00e8le th\u00e9orique : c\u2019est dans l\u2019essai, l\u2019\u00e9chec parfois, et l\u2019ajustement que fleurissent les plus belles r\u00e9ussites.<\/p>\n\n\n\n<p><strong>5\u00e8me jour<\/strong> (jeudi)<\/p>\n\n\n\n<figure class=\"wp-block-image size-large\"><img loading=\"lazy\" decoding=\"async\" width=\"1024\" height=\"768\" src=\"https:\/\/ia-dev.hes-so.ch\/ona\/wp-content\/uploads\/2025\/06\/05-Lyon-Cathedrale-Saint-Jean-Baptiste-1024x768.jpeg\" alt=\"\" class=\"wp-image-1414\" srcset=\"https:\/\/ia-dev.hes-so.ch\/ona\/wp-content\/uploads\/2025\/06\/05-Lyon-Cathedrale-Saint-Jean-Baptiste-1024x768.jpeg 1024w, https:\/\/ia-dev.hes-so.ch\/ona\/wp-content\/uploads\/2025\/06\/05-Lyon-Cathedrale-Saint-Jean-Baptiste-300x225.jpeg 300w, https:\/\/ia-dev.hes-so.ch\/ona\/wp-content\/uploads\/2025\/06\/05-Lyon-Cathedrale-Saint-Jean-Baptiste-768x576.jpeg 768w, https:\/\/ia-dev.hes-so.ch\/ona\/wp-content\/uploads\/2025\/06\/05-Lyon-Cathedrale-Saint-Jean-Baptiste-1536x1152.jpeg 1536w, https:\/\/ia-dev.hes-so.ch\/ona\/wp-content\/uploads\/2025\/06\/05-Lyon-Cathedrale-Saint-Jean-Baptiste-2048x1536.jpeg 2048w\" sizes=\"auto, (max-width: 1024px) 100vw, 1024px\" \/><\/figure>\n\n\n\n<p>\u00c9difier une basilique sur une \u00e9glise, c\u2019est allier les comp\u00e9tences, les savoirs et les savoir-faire.<br>Architectes, ing\u00e9nieures et ing\u00e9nieurs en g\u00e9nie civil, artisanes et artisans : toutes et tous ont contribu\u00e9 \u00e0 cette \u0153uvre qui repr\u00e9sente un \u00e9quilibre entre art, technique et spiritualit\u00e9.<\/p>\n\n\n\n<p><strong>6\u00e8me jour<\/strong><\/p>\n\n\n\n<figure class=\"wp-block-image size-large\"><img loading=\"lazy\" decoding=\"async\" width=\"1024\" height=\"768\" src=\"https:\/\/ia-dev.hes-so.ch\/ona\/wp-content\/uploads\/2025\/06\/06-Le-symbole-de-lINSA-Lyon-Le-rhynoceros-1024x768.jpeg\" alt=\"\" class=\"wp-image-1415\" srcset=\"https:\/\/ia-dev.hes-so.ch\/ona\/wp-content\/uploads\/2025\/06\/06-Le-symbole-de-lINSA-Lyon-Le-rhynoceros-1024x768.jpeg 1024w, https:\/\/ia-dev.hes-so.ch\/ona\/wp-content\/uploads\/2025\/06\/06-Le-symbole-de-lINSA-Lyon-Le-rhynoceros-300x225.jpeg 300w, https:\/\/ia-dev.hes-so.ch\/ona\/wp-content\/uploads\/2025\/06\/06-Le-symbole-de-lINSA-Lyon-Le-rhynoceros-768x576.jpeg 768w, https:\/\/ia-dev.hes-so.ch\/ona\/wp-content\/uploads\/2025\/06\/06-Le-symbole-de-lINSA-Lyon-Le-rhynoceros-1536x1152.jpeg 1536w, https:\/\/ia-dev.hes-so.ch\/ona\/wp-content\/uploads\/2025\/06\/06-Le-symbole-de-lINSA-Lyon-Le-rhynoceros-2048x1536.jpeg 2048w\" sizes=\"auto, (max-width: 1024px) 100vw, 1024px\" \/><\/figure>\n\n\n\n<p>Entre logements, auditoires et laboratoires, il tr\u00f4ne fi\u00e8rement dans un parc verdoyant.<br>Un symbole d\u2019\u00e9quilibre entre exigence acad\u00e9mique et qualit\u00e9 de vie \u00e9tudiante.<br>L\u2019ing\u00e9nierie, c\u2019est aussi apprendre \u00e0 conjuguer rigueur et respiration\u2026 \u00e0 l\u2019image de son fondateur Gaston Berger !<\/p>\n\n\n\n<p><strong>7\u00e8me jour<\/strong><\/p>\n\n\n\n<figure class=\"wp-block-image size-large\"><img loading=\"lazy\" decoding=\"async\" width=\"1024\" height=\"768\" src=\"https:\/\/ia-dev.hes-so.ch\/ona\/wp-content\/uploads\/2025\/06\/07-INSA-Lyon-Bibliotheque-Marie-Curie-1024x768.jpeg\" alt=\"\" class=\"wp-image-1416\" srcset=\"https:\/\/ia-dev.hes-so.ch\/ona\/wp-content\/uploads\/2025\/06\/07-INSA-Lyon-Bibliotheque-Marie-Curie-1024x768.jpeg 1024w, https:\/\/ia-dev.hes-so.ch\/ona\/wp-content\/uploads\/2025\/06\/07-INSA-Lyon-Bibliotheque-Marie-Curie-300x225.jpeg 300w, https:\/\/ia-dev.hes-so.ch\/ona\/wp-content\/uploads\/2025\/06\/07-INSA-Lyon-Bibliotheque-Marie-Curie-768x576.jpeg 768w, https:\/\/ia-dev.hes-so.ch\/ona\/wp-content\/uploads\/2025\/06\/07-INSA-Lyon-Bibliotheque-Marie-Curie-1536x1152.jpeg 1536w, https:\/\/ia-dev.hes-so.ch\/ona\/wp-content\/uploads\/2025\/06\/07-INSA-Lyon-Bibliotheque-Marie-Curie-2048x1536.jpeg 2048w\" sizes=\"auto, (max-width: 1024px) 100vw, 1024px\" \/><\/figure>\n\n\n\n<p>Plus qu\u2019un lieu de savoirs, elle incarne une vision humaniste de la formation en ing\u00e9nierie.<br>Ici, on apprend autant par la th\u00e9orie que par la pratique et le vivre-ensemble.<br>L\u2019INSA de Lyon poursuit l\u2019id\u00e9al de Gaston Berger : former des ing\u00e9nieures et ing\u00e9nieurs complets, engag\u00e9s et ouverts.<\/p>\n\n\n\n<p>Lien vers la ville suivante : <a href=\"https:\/\/ia-dev.hes-so.ch\/ona\/photos\/limoges\/\" data-type=\"page\" data-id=\"1401\">Limoges<\/a><\/p>\n","protected":false},"excerpt":{"rendered":"<p>1er jour L\u2019\u0153uvre d\u2019Aavok rappelle qu\u2019un monde vivant continue de battre sous nos constructions. Entre expansion urbaine et injonctions au [&hellip;]<\/p>\n","protected":false},"author":1,"featured_media":0,"parent":173,"menu_order":14,"comment_status":"closed","ping_status":"closed","template":"","meta":{"footnotes":""},"class_list":["post-1287","page","type-page","status-publish","hentry"],"_links":{"self":[{"href":"https:\/\/ia-dev.hes-so.ch\/ona\/wp-json\/wp\/v2\/pages\/1287","targetHints":{"allow":["GET"]}}],"collection":[{"href":"https:\/\/ia-dev.hes-so.ch\/ona\/wp-json\/wp\/v2\/pages"}],"about":[{"href":"https:\/\/ia-dev.hes-so.ch\/ona\/wp-json\/wp\/v2\/types\/page"}],"author":[{"embeddable":true,"href":"https:\/\/ia-dev.hes-so.ch\/ona\/wp-json\/wp\/v2\/users\/1"}],"replies":[{"embeddable":true,"href":"https:\/\/ia-dev.hes-so.ch\/ona\/wp-json\/wp\/v2\/comments?post=1287"}],"version-history":[{"count":15,"href":"https:\/\/ia-dev.hes-so.ch\/ona\/wp-json\/wp\/v2\/pages\/1287\/revisions"}],"predecessor-version":[{"id":1451,"href":"https:\/\/ia-dev.hes-so.ch\/ona\/wp-json\/wp\/v2\/pages\/1287\/revisions\/1451"}],"up":[{"embeddable":true,"href":"https:\/\/ia-dev.hes-so.ch\/ona\/wp-json\/wp\/v2\/pages\/173"}],"wp:attachment":[{"href":"https:\/\/ia-dev.hes-so.ch\/ona\/wp-json\/wp\/v2\/media?parent=1287"}],"curies":[{"name":"wp","href":"https:\/\/api.w.org\/{rel}","templated":true}]}}