{"id":1401,"date":"2025-05-30T09:31:19","date_gmt":"2025-05-30T07:31:19","guid":{"rendered":"https:\/\/ia-dev.hes-so.ch\/ona\/?page_id=1401"},"modified":"2025-06-17T11:26:42","modified_gmt":"2025-06-17T09:26:42","slug":"limoges","status":"publish","type":"page","link":"https:\/\/ia-dev.hes-so.ch\/ona\/photos\/limoges\/","title":{"rendered":"Limoges"},"content":{"rendered":"\n<p><strong>1er jour<\/strong><\/p>\n\n\n\n<figure class=\"wp-block-image size-large\"><img loading=\"lazy\" decoding=\"async\" width=\"768\" height=\"1024\" src=\"https:\/\/ia-dev.hes-so.ch\/ona\/wp-content\/uploads\/2025\/06\/01-Maquette-dun-boyeur-industriel-1855-768x1024.jpeg\" alt=\"\" class=\"wp-image-1452\" srcset=\"https:\/\/ia-dev.hes-so.ch\/ona\/wp-content\/uploads\/2025\/06\/01-Maquette-dun-boyeur-industriel-1855-768x1024.jpeg 768w, https:\/\/ia-dev.hes-so.ch\/ona\/wp-content\/uploads\/2025\/06\/01-Maquette-dun-boyeur-industriel-1855-225x300.jpeg 225w, https:\/\/ia-dev.hes-so.ch\/ona\/wp-content\/uploads\/2025\/06\/01-Maquette-dun-boyeur-industriel-1855-1152x1536.jpeg 1152w, https:\/\/ia-dev.hes-so.ch\/ona\/wp-content\/uploads\/2025\/06\/01-Maquette-dun-boyeur-industriel-1855-1536x2048.jpeg 1536w, https:\/\/ia-dev.hes-so.ch\/ona\/wp-content\/uploads\/2025\/06\/01-Maquette-dun-boyeur-industriel-1855-scaled.jpeg 1920w\" sizes=\"auto, (max-width: 768px) 100vw, 768px\" \/><\/figure>\n\n\n\n<p>M\u00eame au mus\u00e9e, l\u2019\u0153il de l\u2019ing\u00e9nieur ne se refait pas\u2026 L\u2019ing\u00e9niosit\u00e9 des syst\u00e8mes hydrauliques et l\u2019industrialisation des proc\u00e9d\u00e9s fascinent toujours. Acc\u00e9l\u00e9rer sans perdre la finesse : un bel \u00e9quilibre entre technique et mati\u00e8re.<\/p>\n\n\n\n<p><strong>2\u00e8me jour<\/strong><\/p>\n\n\n\n<figure class=\"wp-block-image size-large\"><img loading=\"lazy\" decoding=\"async\" width=\"768\" height=\"1024\" src=\"https:\/\/ia-dev.hes-so.ch\/ona\/wp-content\/uploads\/2025\/06\/02-Ne-pas-tremper-sa-moustage-dans-sa-tasse-XIXe-768x1024.jpeg\" alt=\"\" class=\"wp-image-1453\"\/><\/figure>\n\n\n\n<p>La tasse \u00e0 moustache, invention astucieuse du XIXe si\u00e8cle, rappelle que l\u2019innovation peut aussi \u00eatre simple et pratique. Dans nos fili\u00e8res d\u2019ing\u00e9nierie, cette cr\u00e9ativit\u00e9 quotidienne, parfois discr\u00e8te, fait toute la diff\u00e9rence. Un bon rappel que l\u2019innovation ne r\u00e9side pas toujours dans la complexit\u00e9, mais dans l\u2019attention port\u00e9e aux d\u00e9tails du quotidien.<\/p>\n\n\n\n<p><strong>3\u00e8me jour<\/strong><\/p>\n\n\n\n<figure class=\"wp-block-image size-large\"><img loading=\"lazy\" decoding=\"async\" width=\"768\" height=\"1024\" src=\"https:\/\/ia-dev.hes-so.ch\/ona\/wp-content\/uploads\/2025\/06\/04-Ouverture-a-travers-Limoges-768x1024.jpeg\" alt=\"\" class=\"wp-image-1462\" srcset=\"https:\/\/ia-dev.hes-so.ch\/ona\/wp-content\/uploads\/2025\/06\/04-Ouverture-a-travers-Limoges-768x1024.jpeg 768w, https:\/\/ia-dev.hes-so.ch\/ona\/wp-content\/uploads\/2025\/06\/04-Ouverture-a-travers-Limoges-225x300.jpeg 225w, https:\/\/ia-dev.hes-so.ch\/ona\/wp-content\/uploads\/2025\/06\/04-Ouverture-a-travers-Limoges-1152x1536.jpeg 1152w, https:\/\/ia-dev.hes-so.ch\/ona\/wp-content\/uploads\/2025\/06\/04-Ouverture-a-travers-Limoges-1536x2048.jpeg 1536w, https:\/\/ia-dev.hes-so.ch\/ona\/wp-content\/uploads\/2025\/06\/04-Ouverture-a-travers-Limoges-scaled.jpeg 1920w\" sizes=\"auto, (max-width: 768px) 100vw, 768px\" \/><\/figure>\n\n\n\n<p>Cette ouverture v\u00e9g\u00e9tale au c\u0153ur de l\u2019immeuble symbolise la volont\u00e9 d\u2019int\u00e9grer la nature dans la ville, offrant un souffle d\u2019air et un regard vers l\u2019horizon au milieu du paysage urbain dense. Un rappel que m\u00eame en milieu construit, il est essentiel de pr\u00e9server et valoriser les espaces naturels pour mieux vivre ensemble.<\/p>\n\n\n\n<p><strong>4\u00e8me jour<\/strong><\/p>\n\n\n\n<figure class=\"wp-block-image size-large\"><img loading=\"lazy\" decoding=\"async\" width=\"768\" height=\"1024\" src=\"https:\/\/ia-dev.hes-so.ch\/ona\/wp-content\/uploads\/2025\/06\/05-Limoges-768x1024.jpeg\" alt=\"\" class=\"wp-image-1463\" srcset=\"https:\/\/ia-dev.hes-so.ch\/ona\/wp-content\/uploads\/2025\/06\/05-Limoges-768x1024.jpeg 768w, https:\/\/ia-dev.hes-so.ch\/ona\/wp-content\/uploads\/2025\/06\/05-Limoges-225x300.jpeg 225w, https:\/\/ia-dev.hes-so.ch\/ona\/wp-content\/uploads\/2025\/06\/05-Limoges-1152x1536.jpeg 1152w, https:\/\/ia-dev.hes-so.ch\/ona\/wp-content\/uploads\/2025\/06\/05-Limoges-1536x2048.jpeg 1536w, https:\/\/ia-dev.hes-so.ch\/ona\/wp-content\/uploads\/2025\/06\/05-Limoges-scaled.jpeg 1920w\" sizes=\"auto, (max-width: 768px) 100vw, 768px\" \/><\/figure>\n\n\n\n<p>Avec ses maisons \u00e0 pans de bois, le vieux Limoges nous rappelle qu\u2019avant le b\u00e9ton et l\u2019acier, c\u2019est le ch\u00eane qui tenait la ville debout. T\u00e9moignage d\u2019un savoir-faire ancestral, cette architecture m\u00e9di\u00e9vale prouve qu\u2019on peut construire durable\u2026<\/p>\n\n\n\n<p><strong>5\u00e8me jour<\/strong><\/p>\n\n\n\n<figure class=\"wp-block-image size-large\"><img loading=\"lazy\" decoding=\"async\" width=\"1024\" height=\"768\" src=\"https:\/\/ia-dev.hes-so.ch\/ona\/wp-content\/uploads\/2025\/06\/06-Gare-de-Limoges-1024x768.jpeg\" alt=\"\" class=\"wp-image-1464\" srcset=\"https:\/\/ia-dev.hes-so.ch\/ona\/wp-content\/uploads\/2025\/06\/06-Gare-de-Limoges-1024x768.jpeg 1024w, https:\/\/ia-dev.hes-so.ch\/ona\/wp-content\/uploads\/2025\/06\/06-Gare-de-Limoges-300x225.jpeg 300w, https:\/\/ia-dev.hes-so.ch\/ona\/wp-content\/uploads\/2025\/06\/06-Gare-de-Limoges-768x576.jpeg 768w, https:\/\/ia-dev.hes-so.ch\/ona\/wp-content\/uploads\/2025\/06\/06-Gare-de-Limoges-1536x1152.jpeg 1536w, https:\/\/ia-dev.hes-so.ch\/ona\/wp-content\/uploads\/2025\/06\/06-Gare-de-Limoges-2048x1536.jpeg 2048w\" sizes=\"auto, (max-width: 1024px) 100vw, 1024px\" \/><\/figure>\n\n\n\n<p>Majestueuse, la gare de Limoges rayonne autant par son architecture que par ses symboles. Flanqu\u00e9e de ses deux statues en hommage \u00e0 la porcelaine et \u00e0 l\u2019\u00e9mail, elle veille sur la ville depuis son campanile de 61 m\u00e8tres, rappelant, gr\u00e2ce \u00e0 ses quatre horloges, qu\u2019\u00e0 Limoges, m\u00eame le temps se met \u00e0 l\u2019heure de l\u2019\u00e9l\u00e9gance.<\/p>\n\n\n\n<p><strong>6\u00e8me jour<\/strong><\/p>\n\n\n\n<figure class=\"wp-block-image size-large\"><img loading=\"lazy\" decoding=\"async\" width=\"671\" height=\"1024\" src=\"https:\/\/ia-dev.hes-so.ch\/ona\/wp-content\/uploads\/2025\/06\/07-IUT-du-Limousin-oeuvre-dart-671x1024.jpeg\" alt=\"\" class=\"wp-image-1465\" srcset=\"https:\/\/ia-dev.hes-so.ch\/ona\/wp-content\/uploads\/2025\/06\/07-IUT-du-Limousin-oeuvre-dart-671x1024.jpeg 671w, https:\/\/ia-dev.hes-so.ch\/ona\/wp-content\/uploads\/2025\/06\/07-IUT-du-Limousin-oeuvre-dart-197x300.jpeg 197w, https:\/\/ia-dev.hes-so.ch\/ona\/wp-content\/uploads\/2025\/06\/07-IUT-du-Limousin-oeuvre-dart-768x1172.jpeg 768w, https:\/\/ia-dev.hes-so.ch\/ona\/wp-content\/uploads\/2025\/06\/07-IUT-du-Limousin-oeuvre-dart-1006x1536.jpeg 1006w, https:\/\/ia-dev.hes-so.ch\/ona\/wp-content\/uploads\/2025\/06\/07-IUT-du-Limousin-oeuvre-dart-1342x2048.jpeg 1342w, https:\/\/ia-dev.hes-so.ch\/ona\/wp-content\/uploads\/2025\/06\/07-IUT-du-Limousin-oeuvre-dart-scaled.jpeg 1677w\" sizes=\"auto, (max-width: 671px) 100vw, 671px\" \/><\/figure>\n\n\n\n<p>\u00c0 l\u2019IUT du Limousin, la mati\u00e8re s\u2019expose autant qu\u2019elle s\u2019\u00e9tudie. Cette \u0153uvre discr\u00e8te \u00e0 l\u2019entr\u00e9e rappelle que la porcelaine, les c\u00e9ramiques et les mat\u00e9riaux, objets d\u2019analyse scientifique, sont aussi source d\u2019inspiration artistique, comme un bel hommage au savoir-faire local.<\/p>\n\n\n\n<p><strong>7\u00e8me jour<\/strong><\/p>\n\n\n\n<figure class=\"wp-block-image size-large\"><img loading=\"lazy\" decoding=\"async\" width=\"1024\" height=\"768\" src=\"https:\/\/ia-dev.hes-so.ch\/ona\/wp-content\/uploads\/2025\/06\/08-IUT-du-Limousin-Batiments-1024x768.jpeg\" alt=\"\" class=\"wp-image-1466\" srcset=\"https:\/\/ia-dev.hes-so.ch\/ona\/wp-content\/uploads\/2025\/06\/08-IUT-du-Limousin-Batiments-1024x768.jpeg 1024w, https:\/\/ia-dev.hes-so.ch\/ona\/wp-content\/uploads\/2025\/06\/08-IUT-du-Limousin-Batiments-300x225.jpeg 300w, https:\/\/ia-dev.hes-so.ch\/ona\/wp-content\/uploads\/2025\/06\/08-IUT-du-Limousin-Batiments-768x576.jpeg 768w, https:\/\/ia-dev.hes-so.ch\/ona\/wp-content\/uploads\/2025\/06\/08-IUT-du-Limousin-Batiments-1536x1152.jpeg 1536w, https:\/\/ia-dev.hes-so.ch\/ona\/wp-content\/uploads\/2025\/06\/08-IUT-du-Limousin-Batiments-2048x1536.jpeg 2048w\" sizes=\"auto, (max-width: 1024px) 100vw, 1024px\" \/><\/figure>\n\n\n\n<p>Situ\u00e9 \u00e0 l\u2019est de la ville, l\u2019IUT du Limousin b\u00e9n\u00e9ficie d\u2019un environnement calme et verdoyant, propice \u00e0 l\u2019apprentissage. Si les b\u00e2timents t\u00e9moignent d\u2019une architecture fonctionnelle des ann\u00e9es pass\u00e9es, l\u2019\u00e9lan p\u00e9dagogique port\u00e9 par le nouveau BUT insuffle un vent de modernisation bienvenu. Un cadre \u00e0 la hauteur de ses ambitions, pr\u00eat \u00e0 \u00e9voluer.<\/p>\n\n\n\n<p><strong>8\u00e8me jour<\/strong><\/p>\n\n\n\n<figure class=\"wp-block-image size-large\"><img loading=\"lazy\" decoding=\"async\" width=\"768\" height=\"1024\" src=\"https:\/\/ia-dev.hes-so.ch\/ona\/wp-content\/uploads\/2025\/06\/09-IUT-du-Limousin-Ecriteau-768x1024.jpeg\" alt=\"\" class=\"wp-image-1467\" srcset=\"https:\/\/ia-dev.hes-so.ch\/ona\/wp-content\/uploads\/2025\/06\/09-IUT-du-Limousin-Ecriteau-768x1024.jpeg 768w, https:\/\/ia-dev.hes-so.ch\/ona\/wp-content\/uploads\/2025\/06\/09-IUT-du-Limousin-Ecriteau-225x300.jpeg 225w, https:\/\/ia-dev.hes-so.ch\/ona\/wp-content\/uploads\/2025\/06\/09-IUT-du-Limousin-Ecriteau-1152x1536.jpeg 1152w, https:\/\/ia-dev.hes-so.ch\/ona\/wp-content\/uploads\/2025\/06\/09-IUT-du-Limousin-Ecriteau-1536x2048.jpeg 1536w, https:\/\/ia-dev.hes-so.ch\/ona\/wp-content\/uploads\/2025\/06\/09-IUT-du-Limousin-Ecriteau-scaled.jpeg 1920w\" sizes=\"auto, (max-width: 768px) 100vw, 768px\" \/><\/figure>\n\n\n\n<p>\u00c0 l\u2019entr\u00e9e comme \u00e0 la sortie, cet \u00e9criteau craquel\u00e9 donne \u00e0 voir une mosa\u00efque un peu vieillie, mais pleine de caract\u00e8re. Un dernier clin d\u2019\u0153il \u00e0 une visite riche d\u2019\u00e9changes et de d\u00e9couvertes au sein d\u2019un IUT en pleine dynamique p\u00e9dagogique. Un accueil chaleureux qui m\u00e9rite, comme les b\u00e2timents, un petit coup de neuf.<\/p>\n\n\n\n<p>Lien vers la ville suivante : <a href=\"https:\/\/ia-dev.hes-so.ch\/ona\/photos\/albi\/\" data-type=\"page\" data-id=\"1470\">Albi<\/a><\/p>\n","protected":false},"excerpt":{"rendered":"<p>1er jour M\u00eame au mus\u00e9e, l\u2019\u0153il de l\u2019ing\u00e9nieur ne se refait pas\u2026 L\u2019ing\u00e9niosit\u00e9 des syst\u00e8mes hydrauliques et l\u2019industrialisation des proc\u00e9d\u00e9s [&hellip;]<\/p>\n","protected":false},"author":1,"featured_media":0,"parent":173,"menu_order":15,"comment_status":"closed","ping_status":"closed","template":"","meta":{"footnotes":""},"class_list":["post-1401","page","type-page","status-publish","hentry"],"_links":{"self":[{"href":"https:\/\/ia-dev.hes-so.ch\/ona\/wp-json\/wp\/v2\/pages\/1401","targetHints":{"allow":["GET"]}}],"collection":[{"href":"https:\/\/ia-dev.hes-so.ch\/ona\/wp-json\/wp\/v2\/pages"}],"about":[{"href":"https:\/\/ia-dev.hes-so.ch\/ona\/wp-json\/wp\/v2\/types\/page"}],"author":[{"embeddable":true,"href":"https:\/\/ia-dev.hes-so.ch\/ona\/wp-json\/wp\/v2\/users\/1"}],"replies":[{"embeddable":true,"href":"https:\/\/ia-dev.hes-so.ch\/ona\/wp-json\/wp\/v2\/comments?post=1401"}],"version-history":[{"count":12,"href":"https:\/\/ia-dev.hes-so.ch\/ona\/wp-json\/wp\/v2\/pages\/1401\/revisions"}],"predecessor-version":[{"id":1559,"href":"https:\/\/ia-dev.hes-so.ch\/ona\/wp-json\/wp\/v2\/pages\/1401\/revisions\/1559"}],"up":[{"embeddable":true,"href":"https:\/\/ia-dev.hes-so.ch\/ona\/wp-json\/wp\/v2\/pages\/173"}],"wp:attachment":[{"href":"https:\/\/ia-dev.hes-so.ch\/ona\/wp-json\/wp\/v2\/media?parent=1401"}],"curies":[{"name":"wp","href":"https:\/\/api.w.org\/{rel}","templated":true}]}}