{"id":1470,"date":"2025-06-09T16:03:24","date_gmt":"2025-06-09T14:03:24","guid":{"rendered":"https:\/\/ia-dev.hes-so.ch\/ona\/?page_id=1470"},"modified":"2025-06-25T08:17:37","modified_gmt":"2025-06-25T06:17:37","slug":"albi","status":"publish","type":"page","link":"https:\/\/ia-dev.hes-so.ch\/ona\/photos\/albi\/","title":{"rendered":"Albi"},"content":{"rendered":"\n<p><strong>1er jour<\/strong><\/p>\n\n\n\n<figure class=\"wp-block-image size-large\"><img loading=\"lazy\" decoding=\"async\" width=\"1024\" height=\"768\" src=\"https:\/\/ia-dev.hes-so.ch\/ona\/wp-content\/uploads\/2025\/06\/01-Pelican-1024x768.jpeg\" alt=\"\" class=\"wp-image-1560\" srcset=\"https:\/\/ia-dev.hes-so.ch\/ona\/wp-content\/uploads\/2025\/06\/01-Pelican-1024x768.jpeg 1024w, https:\/\/ia-dev.hes-so.ch\/ona\/wp-content\/uploads\/2025\/06\/01-Pelican-300x225.jpeg 300w, https:\/\/ia-dev.hes-so.ch\/ona\/wp-content\/uploads\/2025\/06\/01-Pelican-768x576.jpeg 768w, https:\/\/ia-dev.hes-so.ch\/ona\/wp-content\/uploads\/2025\/06\/01-Pelican-1536x1152.jpeg 1536w, https:\/\/ia-dev.hes-so.ch\/ona\/wp-content\/uploads\/2025\/06\/01-Pelican-2048x1536.jpeg 2048w\" sizes=\"auto, (max-width: 1024px) 100vw, 1024px\" \/><\/figure>\n\n\n\n<p>Une fresque color\u00e9e au d\u00e9tour d\u2019un sentier \u00e0 Albi : ce toucan en plein vol \u00e9voque l\u2019\u00e9lan, la libert\u00e9 et l\u2019ouverture. \u00c0 l\u2019image de cette envol\u00e9e, la visite de l\u2019IMT Mines Albi offre un regard inspirant sur des formations en ing\u00e9nierie qui conjuguent excellence acad\u00e9mique, ancrage territorial et ambition internationale.<\/p>\n\n\n\n<p><strong>2\u00e8me jour<\/strong><\/p>\n\n\n\n<figure class=\"wp-block-image size-large\"><img loading=\"lazy\" decoding=\"async\" width=\"1024\" height=\"585\" src=\"https:\/\/ia-dev.hes-so.ch\/ona\/wp-content\/uploads\/2025\/06\/02-Henri-de-Toulouse-lautrec-1024x585.jpeg\" alt=\"\" class=\"wp-image-1561\" srcset=\"https:\/\/ia-dev.hes-so.ch\/ona\/wp-content\/uploads\/2025\/06\/02-Henri-de-Toulouse-lautrec-1024x585.jpeg 1024w, https:\/\/ia-dev.hes-so.ch\/ona\/wp-content\/uploads\/2025\/06\/02-Henri-de-Toulouse-lautrec-300x171.jpeg 300w, https:\/\/ia-dev.hes-so.ch\/ona\/wp-content\/uploads\/2025\/06\/02-Henri-de-Toulouse-lautrec-768x438.jpeg 768w, https:\/\/ia-dev.hes-so.ch\/ona\/wp-content\/uploads\/2025\/06\/02-Henri-de-Toulouse-lautrec-1536x877.jpeg 1536w, https:\/\/ia-dev.hes-so.ch\/ona\/wp-content\/uploads\/2025\/06\/02-Henri-de-Toulouse-lautrec-2048x1169.jpeg 2048w\" sizes=\"auto, (max-width: 1024px) 100vw, 1024px\" \/><\/figure>\n\n\n\n<p>Difficile de ne pas \u00ab\u202fboire\u202f\u00bb cette citation de Toulouse-Lautrec lorsqu\u2019on repr\u00e9sente la HES-SO. Avec CHANGINS, seule haute \u00e9cole suisse formant des ing\u00e9nieur\u00b7es en viticulture et \u0153nologie, ce clin d\u2019\u0153il coule de source\u2026 avec mod\u00e9ration, \u00e9videmment !<\/p>\n\n\n\n<p><strong>3\u00e8me jour<\/strong><\/p>\n\n\n\n<figure class=\"wp-block-image size-large\"><img loading=\"lazy\" decoding=\"async\" width=\"768\" height=\"1024\" src=\"https:\/\/ia-dev.hes-so.ch\/ona\/wp-content\/uploads\/2025\/06\/03-Lechappee-verte-Albi-768x1024.jpeg\" alt=\"\" class=\"wp-image-1562\" srcset=\"https:\/\/ia-dev.hes-so.ch\/ona\/wp-content\/uploads\/2025\/06\/03-Lechappee-verte-Albi-768x1024.jpeg 768w, https:\/\/ia-dev.hes-so.ch\/ona\/wp-content\/uploads\/2025\/06\/03-Lechappee-verte-Albi-225x300.jpeg 225w, https:\/\/ia-dev.hes-so.ch\/ona\/wp-content\/uploads\/2025\/06\/03-Lechappee-verte-Albi-1152x1536.jpeg 1152w, https:\/\/ia-dev.hes-so.ch\/ona\/wp-content\/uploads\/2025\/06\/03-Lechappee-verte-Albi-1536x2048.jpeg 1536w, https:\/\/ia-dev.hes-so.ch\/ona\/wp-content\/uploads\/2025\/06\/03-Lechappee-verte-Albi-scaled.jpeg 1920w\" sizes=\"auto, (max-width: 768px) 100vw, 768px\" \/><\/figure>\n\n\n\n<p>Le sentier de l\u2019\u00c9chapp\u00e9e verte \u00e0 Albi relie presque le c\u0153ur de la ville \u00e0 l\u2019IMT Mines Albi. Une parenth\u00e8se bucolique propice \u00e0 la r\u00e9flexion avant d\u2019aborder les enjeux soci\u00e9taux et de durabilit\u00e9 avec la direction. Une marche douce, entre nature et innovation.<\/p>\n\n\n\n<p><strong>4\u00e8me jour<\/strong><\/p>\n\n\n\n<figure class=\"wp-block-image size-large\"><img loading=\"lazy\" decoding=\"async\" width=\"1024\" height=\"768\" src=\"https:\/\/ia-dev.hes-so.ch\/ona\/wp-content\/uploads\/2025\/06\/04-Albi-et-son-vieux-pont-1024x768.jpeg\" alt=\"\" class=\"wp-image-1563\" srcset=\"https:\/\/ia-dev.hes-so.ch\/ona\/wp-content\/uploads\/2025\/06\/04-Albi-et-son-vieux-pont-1024x768.jpeg 1024w, https:\/\/ia-dev.hes-so.ch\/ona\/wp-content\/uploads\/2025\/06\/04-Albi-et-son-vieux-pont-300x225.jpeg 300w, https:\/\/ia-dev.hes-so.ch\/ona\/wp-content\/uploads\/2025\/06\/04-Albi-et-son-vieux-pont-768x576.jpeg 768w, https:\/\/ia-dev.hes-so.ch\/ona\/wp-content\/uploads\/2025\/06\/04-Albi-et-son-vieux-pont-1536x1152.jpeg 1536w, https:\/\/ia-dev.hes-so.ch\/ona\/wp-content\/uploads\/2025\/06\/04-Albi-et-son-vieux-pont-2048x1536.jpeg 2048w\" sizes=\"auto, (max-width: 1024px) 100vw, 1024px\" \/><\/figure>\n\n\n\n<p>\u00ab Sous le b\u00e9ton coule l\u2019oc\u00e9an \u00bb, dit Aarwok\u2026 mais pas seulement. Le reflet d\u2019Albi dans les eaux calmes du Tarn nous rappelle que ce qui est visible n\u2019est souvent qu\u2019une partie de la r\u00e9alit\u00e9. Ponts, murs, fa\u00e7ades : tout cache une vie, une m\u00e9moire, un mouvement plus profond. Une belle m\u00e9taphore pour nos formations : au-del\u00e0 des structures apparentes, l\u2019essentiel r\u00e9side dans ce qui anime, relie et fait sens.<\/p>\n\n\n\n<p><strong>5\u00e8me jour<\/strong><\/p>\n\n\n\n<figure class=\"wp-block-image size-large\"><img loading=\"lazy\" decoding=\"async\" width=\"768\" height=\"1024\" src=\"https:\/\/ia-dev.hes-so.ch\/ona\/wp-content\/uploads\/2025\/06\/06-Albi-768x1024.jpeg\" alt=\"\" class=\"wp-image-1565\" srcset=\"https:\/\/ia-dev.hes-so.ch\/ona\/wp-content\/uploads\/2025\/06\/06-Albi-768x1024.jpeg 768w, https:\/\/ia-dev.hes-so.ch\/ona\/wp-content\/uploads\/2025\/06\/06-Albi-225x300.jpeg 225w, https:\/\/ia-dev.hes-so.ch\/ona\/wp-content\/uploads\/2025\/06\/06-Albi-1152x1536.jpeg 1152w, https:\/\/ia-dev.hes-so.ch\/ona\/wp-content\/uploads\/2025\/06\/06-Albi-1536x2048.jpeg 1536w, https:\/\/ia-dev.hes-so.ch\/ona\/wp-content\/uploads\/2025\/06\/06-Albi-scaled.jpeg 1920w\" sizes=\"auto, (max-width: 768px) 100vw, 768px\" \/><\/figure>\n\n\n\n<p>Entre street art et fresque patrimoniale, ce mur peint rend hommage \u00e0 l\u2019histoire d\u2019Albi, ville d\u2019art et de foi. En arri\u00e8re-plan symbolique, la silhouette de Sainte-C\u00e9cile plane, rappelant le poids du pass\u00e9 religieux dans l\u2019identit\u00e9 albigeoise. Une mani\u00e8re artistique de faire dialoguer m\u00e9moire et modernit\u00e9 dans l\u2019espace urbain.<\/p>\n\n\n\n<p><strong>6\u00e8me jour<\/strong><\/p>\n\n\n\n<figure class=\"wp-block-image size-large\"><img loading=\"lazy\" decoding=\"async\" width=\"768\" height=\"1024\" src=\"https:\/\/ia-dev.hes-so.ch\/ona\/wp-content\/uploads\/2025\/06\/05x-Renovation-a-Albi-768x1024.jpeg\" alt=\"\" class=\"wp-image-1567\" srcset=\"https:\/\/ia-dev.hes-so.ch\/ona\/wp-content\/uploads\/2025\/06\/05x-Renovation-a-Albi-768x1024.jpeg 768w, https:\/\/ia-dev.hes-so.ch\/ona\/wp-content\/uploads\/2025\/06\/05x-Renovation-a-Albi-225x300.jpeg 225w, https:\/\/ia-dev.hes-so.ch\/ona\/wp-content\/uploads\/2025\/06\/05x-Renovation-a-Albi-1152x1536.jpeg 1152w, https:\/\/ia-dev.hes-so.ch\/ona\/wp-content\/uploads\/2025\/06\/05x-Renovation-a-Albi-1536x2048.jpeg 1536w, https:\/\/ia-dev.hes-so.ch\/ona\/wp-content\/uploads\/2025\/06\/05x-Renovation-a-Albi-scaled.jpeg 1920w\" sizes=\"auto, (max-width: 768px) 100vw, 768px\" \/><\/figure>\n\n\n\n<p>Une r\u00e9novation peu banale en plein c\u0153ur d\u2019Albi : pour pr\u00e9server ce b\u00e2ti \u00e0 colombages, il faut d\u2019abord le faire tenir\u2026 Ce chantier illustre parfaitement la n\u00e9cessaire collaboration entre architectes et ing\u00e9nieur\u00b7es en g\u00e9nie civil. Un exercice d\u2019\u00e9quilibre entre patrimoine et techniques contemporaines, au service de notre m\u00e9moire collective.<\/p>\n\n\n\n<p>Lien vers la ville suivante : <a href=\"https:\/\/ia-dev.hes-so.ch\/ona\/photos\/pau\/\" data-type=\"page\" data-id=\"1473\">Pau<\/a><\/p>\n","protected":false},"excerpt":{"rendered":"<p>1er jour Une fresque color\u00e9e au d\u00e9tour d\u2019un sentier \u00e0 Albi : ce toucan en plein vol \u00e9voque l\u2019\u00e9lan, la [&hellip;]<\/p>\n","protected":false},"author":1,"featured_media":0,"parent":173,"menu_order":16,"comment_status":"closed","ping_status":"closed","template":"","meta":{"footnotes":""},"class_list":["post-1470","page","type-page","status-publish","hentry"],"_links":{"self":[{"href":"https:\/\/ia-dev.hes-so.ch\/ona\/wp-json\/wp\/v2\/pages\/1470","targetHints":{"allow":["GET"]}}],"collection":[{"href":"https:\/\/ia-dev.hes-so.ch\/ona\/wp-json\/wp\/v2\/pages"}],"about":[{"href":"https:\/\/ia-dev.hes-so.ch\/ona\/wp-json\/wp\/v2\/types\/page"}],"author":[{"embeddable":true,"href":"https:\/\/ia-dev.hes-so.ch\/ona\/wp-json\/wp\/v2\/users\/1"}],"replies":[{"embeddable":true,"href":"https:\/\/ia-dev.hes-so.ch\/ona\/wp-json\/wp\/v2\/comments?post=1470"}],"version-history":[{"count":8,"href":"https:\/\/ia-dev.hes-so.ch\/ona\/wp-json\/wp\/v2\/pages\/1470\/revisions"}],"predecessor-version":[{"id":1612,"href":"https:\/\/ia-dev.hes-so.ch\/ona\/wp-json\/wp\/v2\/pages\/1470\/revisions\/1612"}],"up":[{"embeddable":true,"href":"https:\/\/ia-dev.hes-so.ch\/ona\/wp-json\/wp\/v2\/pages\/173"}],"wp:attachment":[{"href":"https:\/\/ia-dev.hes-so.ch\/ona\/wp-json\/wp\/v2\/media?parent=1470"}],"curies":[{"name":"wp","href":"https:\/\/api.w.org\/{rel}","templated":true}]}}