{"id":1478,"date":"2025-06-09T16:07:03","date_gmt":"2025-06-09T14:07:03","guid":{"rendered":"https:\/\/ia-dev.hes-so.ch\/ona\/?page_id=1478"},"modified":"2025-07-06T12:14:58","modified_gmt":"2025-07-06T10:14:58","slug":"pampelune","status":"publish","type":"page","link":"https:\/\/ia-dev.hes-so.ch\/ona\/photos\/pampelune\/","title":{"rendered":"Pampelune"},"content":{"rendered":"\n<p><strong>1er jour<\/strong><\/p>\n\n\n\n<figure class=\"wp-block-image size-large\"><img loading=\"lazy\" decoding=\"async\" width=\"1024\" height=\"768\" src=\"https:\/\/ia-dev.hes-so.ch\/ona\/wp-content\/uploads\/2025\/06\/01-La-campagne-dans-la-region-de-Navarre-1024x768.jpeg\" alt=\"\" class=\"wp-image-1641\" srcset=\"https:\/\/ia-dev.hes-so.ch\/ona\/wp-content\/uploads\/2025\/06\/01-La-campagne-dans-la-region-de-Navarre-1024x768.jpeg 1024w, https:\/\/ia-dev.hes-so.ch\/ona\/wp-content\/uploads\/2025\/06\/01-La-campagne-dans-la-region-de-Navarre-300x225.jpeg 300w, https:\/\/ia-dev.hes-so.ch\/ona\/wp-content\/uploads\/2025\/06\/01-La-campagne-dans-la-region-de-Navarre-768x576.jpeg 768w, https:\/\/ia-dev.hes-so.ch\/ona\/wp-content\/uploads\/2025\/06\/01-La-campagne-dans-la-region-de-Navarre-1536x1152.jpeg 1536w, https:\/\/ia-dev.hes-so.ch\/ona\/wp-content\/uploads\/2025\/06\/01-La-campagne-dans-la-region-de-Navarre-2048x1536.jpeg 2048w\" sizes=\"auto, (max-width: 1024px) 100vw, 1024px\" \/><\/figure>\n\n\n\n<p>Premiers pas en Navarre, par les Pyr\u00e9n\u00e9es, avec une halte \u00e0 Ziganda avant de rejoindre l\u2019UPNA. Un paysage vallonn\u00e9 qui n\u2019est pas sans rappeler ma campagne fribourgeoise avec les vaches, les chevaux, les \u00e2nes et les moutons !<\/p>\n\n\n\n<p><strong>2\u00e8me jour<\/strong><\/p>\n\n\n\n<figure class=\"wp-block-image size-large\"><img loading=\"lazy\" decoding=\"async\" width=\"1024\" height=\"768\" src=\"https:\/\/ia-dev.hes-so.ch\/ona\/wp-content\/uploads\/2025\/06\/02-UPNA-batiment-des-cours-1024x768.jpeg\" alt=\"\" class=\"wp-image-1642\" srcset=\"https:\/\/ia-dev.hes-so.ch\/ona\/wp-content\/uploads\/2025\/06\/02-UPNA-batiment-des-cours-1024x768.jpeg 1024w, https:\/\/ia-dev.hes-so.ch\/ona\/wp-content\/uploads\/2025\/06\/02-UPNA-batiment-des-cours-300x225.jpeg 300w, https:\/\/ia-dev.hes-so.ch\/ona\/wp-content\/uploads\/2025\/06\/02-UPNA-batiment-des-cours-768x576.jpeg 768w, https:\/\/ia-dev.hes-so.ch\/ona\/wp-content\/uploads\/2025\/06\/02-UPNA-batiment-des-cours-1536x1152.jpeg 1536w, https:\/\/ia-dev.hes-so.ch\/ona\/wp-content\/uploads\/2025\/06\/02-UPNA-batiment-des-cours-2048x1536.jpeg 2048w\" sizes=\"auto, (max-width: 1024px) 100vw, 1024px\" \/><\/figure>\n\n\n\n<p>Le b\u00e2timent principal d\u2019enseignement de l\u2019Universit\u00e9 Publique de Navarre (UPNA) se distingue par son architecture rigoureuse et sym\u00e9trique, \u00e0 l\u2019image d\u2019une institution engag\u00e9e pour une formation structur\u00e9e et ouverte sur son territoire. Le vaste parking d\u00e9sert en ce d\u00e9but de juillet rappelle, lui, que l\u2019\u00e9t\u00e9 universitaire est bien entam\u00e9\u2026 les vacances ont visiblement d\u00e9j\u00e0 commenc\u00e9 !<\/p>\n\n\n\n<p><strong>3\u00e8me jour<\/strong><\/p>\n\n\n\n<figure class=\"wp-block-image size-large\"><img loading=\"lazy\" decoding=\"async\" width=\"768\" height=\"1024\" src=\"https:\/\/ia-dev.hes-so.ch\/ona\/wp-content\/uploads\/2025\/06\/03-UPNA-exterieur-de-la-biblotheque-768x1024.jpeg\" alt=\"\" class=\"wp-image-1643\" srcset=\"https:\/\/ia-dev.hes-so.ch\/ona\/wp-content\/uploads\/2025\/06\/03-UPNA-exterieur-de-la-biblotheque-768x1024.jpeg 768w, https:\/\/ia-dev.hes-so.ch\/ona\/wp-content\/uploads\/2025\/06\/03-UPNA-exterieur-de-la-biblotheque-225x300.jpeg 225w, https:\/\/ia-dev.hes-so.ch\/ona\/wp-content\/uploads\/2025\/06\/03-UPNA-exterieur-de-la-biblotheque-1152x1536.jpeg 1152w, https:\/\/ia-dev.hes-so.ch\/ona\/wp-content\/uploads\/2025\/06\/03-UPNA-exterieur-de-la-biblotheque-1536x2048.jpeg 1536w, https:\/\/ia-dev.hes-so.ch\/ona\/wp-content\/uploads\/2025\/06\/03-UPNA-exterieur-de-la-biblotheque-scaled.jpeg 1920w\" sizes=\"auto, (max-width: 768px) 100vw, 768px\" \/><\/figure>\n\n\n\n<p>Symbole du savoir et de la vie acad\u00e9mique, la biblioth\u00e8que de l\u2019Universit\u00e9 Publique de Navarre se dresse au centre du campus comme un rep\u00e8re architectural fort. Situ\u00e9e au c\u0153ur du complexe universitaire, elle incarne la mission premi\u00e8re de l\u2019institution : former, documenter et inspirer. Et avec son allure majestueuse, difficile de la manquer\u2026 m\u00eame en cas d\u2019\u00e9garement studieux !<\/p>\n\n\n\n<p><strong>4\u00e8me jour<\/strong> (vendredi 4 juillet)<\/p>\n\n\n\n<figure class=\"wp-block-image size-large\"><img loading=\"lazy\" decoding=\"async\" width=\"768\" height=\"1024\" src=\"https:\/\/ia-dev.hes-so.ch\/ona\/wp-content\/uploads\/2025\/06\/04-UPNA-interieur-de-la-biblotheque-768x1024.jpeg\" alt=\"\" class=\"wp-image-1644\" srcset=\"https:\/\/ia-dev.hes-so.ch\/ona\/wp-content\/uploads\/2025\/06\/04-UPNA-interieur-de-la-biblotheque-768x1024.jpeg 768w, https:\/\/ia-dev.hes-so.ch\/ona\/wp-content\/uploads\/2025\/06\/04-UPNA-interieur-de-la-biblotheque-225x300.jpeg 225w, https:\/\/ia-dev.hes-so.ch\/ona\/wp-content\/uploads\/2025\/06\/04-UPNA-interieur-de-la-biblotheque-1152x1536.jpeg 1152w, https:\/\/ia-dev.hes-so.ch\/ona\/wp-content\/uploads\/2025\/06\/04-UPNA-interieur-de-la-biblotheque-1536x2048.jpeg 1536w, https:\/\/ia-dev.hes-so.ch\/ona\/wp-content\/uploads\/2025\/06\/04-UPNA-interieur-de-la-biblotheque-scaled.jpeg 1920w\" sizes=\"auto, (max-width: 768px) 100vw, 768px\" \/><\/figure>\n\n\n\n<p>Depuis l\u2019int\u00e9rieur, la biblioth\u00e8que de l\u2019UPNA r\u00e9v\u00e8le toute l\u2019ampleur de son architecture avec un volume majestueux baign\u00e9 de lumi\u00e8re naturelle. Par ses lignes et ses perspectives, elle offre une vue directe sur le b\u00e2timent du Rectorat repr\u00e9sentant la \u00ab t\u00eate \u00bb symbolique du campus. Avec une telle hauteur sous plafond, m\u00eame les id\u00e9es les plus ambitieuses ne risquent pas de s\u2019y cogner !<\/p>\n\n\n\n<p><strong>5\u00e8me jour<\/strong><\/p>\n\n\n\n<figure class=\"wp-block-image size-large\"><img loading=\"lazy\" decoding=\"async\" width=\"768\" height=\"1024\" src=\"https:\/\/ia-dev.hes-so.ch\/ona\/wp-content\/uploads\/2025\/06\/05-Pampelune-Ayuntamiento-de-Pamplona-768x1024.jpeg\" alt=\"\" class=\"wp-image-1645\" srcset=\"https:\/\/ia-dev.hes-so.ch\/ona\/wp-content\/uploads\/2025\/06\/05-Pampelune-Ayuntamiento-de-Pamplona-768x1024.jpeg 768w, https:\/\/ia-dev.hes-so.ch\/ona\/wp-content\/uploads\/2025\/06\/05-Pampelune-Ayuntamiento-de-Pamplona-225x300.jpeg 225w, https:\/\/ia-dev.hes-so.ch\/ona\/wp-content\/uploads\/2025\/06\/05-Pampelune-Ayuntamiento-de-Pamplona-1152x1536.jpeg 1152w, https:\/\/ia-dev.hes-so.ch\/ona\/wp-content\/uploads\/2025\/06\/05-Pampelune-Ayuntamiento-de-Pamplona-1536x2048.jpeg 1536w, https:\/\/ia-dev.hes-so.ch\/ona\/wp-content\/uploads\/2025\/06\/05-Pampelune-Ayuntamiento-de-Pamplona-scaled.jpeg 1920w\" sizes=\"auto, (max-width: 768px) 100vw, 768px\" \/><\/figure>\n\n\n\n<p>Apr\u00e8s une journ\u00e9e dense de rencontres \u00e0 l\u2019UPNA, place \u00e0 une d\u00e9couverte du centre historique de Pamplona. L\u2019h\u00f4tel de ville, \u00e9l\u00e9gant et baroque, tr\u00f4ne fi\u00e8rement sur la c\u00e9l\u00e8bre Plaza Consistorial, c\u0153ur battant des festivit\u00e9s de San Ferm\u00edn.<\/p>\n\n\n\n<p><strong>6\u00e8me jour<\/strong><\/p>\n\n\n\n<figure class=\"wp-block-image size-large\"><img loading=\"lazy\" decoding=\"async\" width=\"768\" height=\"1024\" src=\"https:\/\/ia-dev.hes-so.ch\/ona\/wp-content\/uploads\/2025\/06\/06-Pampelune-Ciudadela-de-Pamplona-768x1024.jpeg\" alt=\"\" class=\"wp-image-1646\" srcset=\"https:\/\/ia-dev.hes-so.ch\/ona\/wp-content\/uploads\/2025\/06\/06-Pampelune-Ciudadela-de-Pamplona-768x1024.jpeg 768w, https:\/\/ia-dev.hes-so.ch\/ona\/wp-content\/uploads\/2025\/06\/06-Pampelune-Ciudadela-de-Pamplona-225x300.jpeg 225w, https:\/\/ia-dev.hes-so.ch\/ona\/wp-content\/uploads\/2025\/06\/06-Pampelune-Ciudadela-de-Pamplona-1152x1536.jpeg 1152w, https:\/\/ia-dev.hes-so.ch\/ona\/wp-content\/uploads\/2025\/06\/06-Pampelune-Ciudadela-de-Pamplona-1536x2048.jpeg 1536w, https:\/\/ia-dev.hes-so.ch\/ona\/wp-content\/uploads\/2025\/06\/06-Pampelune-Ciudadela-de-Pamplona-scaled.jpeg 1920w\" sizes=\"auto, (max-width: 768px) 100vw, 768px\" \/><\/figure>\n\n\n\n<p>Construite au XVI<sup>e<\/sup> si\u00e8cle selon un plan en \u00e9toile typique de la Renaissance militaire, la citadelle de Pampelune est aujourd\u2019hui un vaste parc public et centre culturel. Une transformation r\u00e9ussie, o\u00f9 patrimoine et d\u00e9tente se rencontrent. Id\u00e9al pour r\u00e9fl\u00e9chir \u00e0 la prochaine \u00e9tape&#8230;<\/p>\n\n\n\n<p><strong>7\u00e8me jour<\/strong> <\/p>\n\n\n\n<figure class=\"wp-block-image size-large\"><img loading=\"lazy\" decoding=\"async\" width=\"1024\" height=\"330\" src=\"https:\/\/ia-dev.hes-so.ch\/ona\/wp-content\/uploads\/2025\/06\/07-Street-art-a-Pampelune-1024x330.jpeg\" alt=\"\" class=\"wp-image-1647\" srcset=\"https:\/\/ia-dev.hes-so.ch\/ona\/wp-content\/uploads\/2025\/06\/07-Street-art-a-Pampelune-1024x330.jpeg 1024w, https:\/\/ia-dev.hes-so.ch\/ona\/wp-content\/uploads\/2025\/06\/07-Street-art-a-Pampelune-300x97.jpeg 300w, https:\/\/ia-dev.hes-so.ch\/ona\/wp-content\/uploads\/2025\/06\/07-Street-art-a-Pampelune-768x247.jpeg 768w, https:\/\/ia-dev.hes-so.ch\/ona\/wp-content\/uploads\/2025\/06\/07-Street-art-a-Pampelune-1536x494.jpeg 1536w, https:\/\/ia-dev.hes-so.ch\/ona\/wp-content\/uploads\/2025\/06\/07-Street-art-a-Pampelune-2048x659.jpeg 2048w\" sizes=\"auto, (max-width: 1024px) 100vw, 1024px\" \/><\/figure>\n\n\n\n<p>Une fresque haute en couleur o\u00f9 trois personnes semblent s\u2019envoler vers de nouveaux horizons. Est-ce le symbole d\u2019\u00e9tudiantes et d\u2019\u00e9tudiants pr\u00eats \u00e0 d\u00e9ployer leurs ailes avec de nouvelles comp\u00e9tences ou bien mon propre envol vers la prochaine \u00e9tape ? On ne le saura pas, mais l\u2019\u00e9lan est l\u00e0 !<\/p>\n\n\n\n<p>Lien vers la ville suivante : <a href=\"https:\/\/ia-dev.hes-so.ch\/ona\/photos\/cork\/\" data-type=\"page\" data-id=\"1484\">Cork<\/a><\/p>\n","protected":false},"excerpt":{"rendered":"<p>1er jour Premiers pas en Navarre, par les Pyr\u00e9n\u00e9es, avec une halte \u00e0 Ziganda avant de rejoindre l\u2019UPNA. Un paysage [&hellip;]<\/p>\n","protected":false},"author":1,"featured_media":0,"parent":173,"menu_order":18,"comment_status":"closed","ping_status":"closed","template":"","meta":{"footnotes":""},"class_list":["post-1478","page","type-page","status-publish","hentry"],"_links":{"self":[{"href":"https:\/\/ia-dev.hes-so.ch\/ona\/wp-json\/wp\/v2\/pages\/1478","targetHints":{"allow":["GET"]}}],"collection":[{"href":"https:\/\/ia-dev.hes-so.ch\/ona\/wp-json\/wp\/v2\/pages"}],"about":[{"href":"https:\/\/ia-dev.hes-so.ch\/ona\/wp-json\/wp\/v2\/types\/page"}],"author":[{"embeddable":true,"href":"https:\/\/ia-dev.hes-so.ch\/ona\/wp-json\/wp\/v2\/users\/1"}],"replies":[{"embeddable":true,"href":"https:\/\/ia-dev.hes-so.ch\/ona\/wp-json\/wp\/v2\/comments?post=1478"}],"version-history":[{"count":11,"href":"https:\/\/ia-dev.hes-so.ch\/ona\/wp-json\/wp\/v2\/pages\/1478\/revisions"}],"predecessor-version":[{"id":1679,"href":"https:\/\/ia-dev.hes-so.ch\/ona\/wp-json\/wp\/v2\/pages\/1478\/revisions\/1679"}],"up":[{"embeddable":true,"href":"https:\/\/ia-dev.hes-so.ch\/ona\/wp-json\/wp\/v2\/pages\/173"}],"wp:attachment":[{"href":"https:\/\/ia-dev.hes-so.ch\/ona\/wp-json\/wp\/v2\/media?parent=1478"}],"curies":[{"name":"wp","href":"https:\/\/api.w.org\/{rel}","templated":true}]}}