{"id":1484,"date":"2025-06-09T16:10:06","date_gmt":"2025-06-09T14:10:06","guid":{"rendered":"https:\/\/ia-dev.hes-so.ch\/ona\/?page_id=1484"},"modified":"2025-08-16T15:52:38","modified_gmt":"2025-08-16T13:52:38","slug":"cork","status":"publish","type":"page","link":"https:\/\/ia-dev.hes-so.ch\/ona\/photos\/cork\/","title":{"rendered":"Cork"},"content":{"rendered":"\n<p><strong>1er jour<\/strong><\/p>\n\n\n\n<figure class=\"wp-block-image size-large\"><img loading=\"lazy\" decoding=\"async\" width=\"1024\" height=\"768\" src=\"https:\/\/ia-dev.hes-so.ch\/ona\/wp-content\/uploads\/2025\/07\/01-Vue-de-la-cote-irlandaise-Rosslare-1024x768.jpeg\" alt=\"\" class=\"wp-image-1684\" srcset=\"https:\/\/ia-dev.hes-so.ch\/ona\/wp-content\/uploads\/2025\/07\/01-Vue-de-la-cote-irlandaise-Rosslare-1024x768.jpeg 1024w, https:\/\/ia-dev.hes-so.ch\/ona\/wp-content\/uploads\/2025\/07\/01-Vue-de-la-cote-irlandaise-Rosslare-300x225.jpeg 300w, https:\/\/ia-dev.hes-so.ch\/ona\/wp-content\/uploads\/2025\/07\/01-Vue-de-la-cote-irlandaise-Rosslare-768x576.jpeg 768w, https:\/\/ia-dev.hes-so.ch\/ona\/wp-content\/uploads\/2025\/07\/01-Vue-de-la-cote-irlandaise-Rosslare-1536x1152.jpeg 1536w, https:\/\/ia-dev.hes-so.ch\/ona\/wp-content\/uploads\/2025\/07\/01-Vue-de-la-cote-irlandaise-Rosslare-2048x1536.jpeg 2048w\" sizes=\"auto, (max-width: 1024px) 100vw, 1024px\" \/><\/figure>\n\n\n\n<p>Apr\u00e8s avoir embarqu\u00e9 la voiture et la caravane sur le ferry \u00e0 Bilbao, nous voici presque en Irlande (Rosslare)\u2026 Ce paysage verdoyant marque le d\u00e9but de notre prochaine \u00e9tape, avec une chute brutale des temp\u00e9ratures par rapport \u00e0 l\u2019Espagne. Bienvenue au Nord\u202f!<\/p>\n\n\n\n<p><strong>2\u00e8me jour<\/strong> (mercredi 9 juillet)<\/p>\n\n\n\n<figure class=\"wp-block-image size-large\"><img loading=\"lazy\" decoding=\"async\" width=\"768\" height=\"1024\" src=\"https:\/\/ia-dev.hes-so.ch\/ona\/wp-content\/uploads\/2025\/07\/02-Blarney-chateau-et-jardins-768x1024.jpeg\" alt=\"\" class=\"wp-image-1685\" srcset=\"https:\/\/ia-dev.hes-so.ch\/ona\/wp-content\/uploads\/2025\/07\/02-Blarney-chateau-et-jardins-768x1024.jpeg 768w, https:\/\/ia-dev.hes-so.ch\/ona\/wp-content\/uploads\/2025\/07\/02-Blarney-chateau-et-jardins-225x300.jpeg 225w, https:\/\/ia-dev.hes-so.ch\/ona\/wp-content\/uploads\/2025\/07\/02-Blarney-chateau-et-jardins-1152x1536.jpeg 1152w, https:\/\/ia-dev.hes-so.ch\/ona\/wp-content\/uploads\/2025\/07\/02-Blarney-chateau-et-jardins-1536x2048.jpeg 1536w, https:\/\/ia-dev.hes-so.ch\/ona\/wp-content\/uploads\/2025\/07\/02-Blarney-chateau-et-jardins-scaled.jpeg 1920w\" sizes=\"auto, (max-width: 768px) 100vw, 768px\" \/><\/figure>\n\n\n\n<p>Au c\u0153ur de l\u2019Irlande verdoyante, le ch\u00e2teau de Blarney se dresse fi\u00e8rement au milieu de son parc fleuri. Loin de l\u2019agitation, la promenade offre un instant de calme propice \u00e0 la r\u00e9flexion. Formation, projets, partenariats\u2026 tout semble plus clair \u00e0 l\u2019ombre de ces vieilles pierres.<\/p>\n\n\n\n<p><strong>3\u00e8me jour<\/strong><\/p>\n\n\n\n<figure class=\"wp-block-image size-large\"><img loading=\"lazy\" decoding=\"async\" width=\"1024\" height=\"768\" src=\"https:\/\/ia-dev.hes-so.ch\/ona\/wp-content\/uploads\/2025\/07\/03-Olivier-a-lUniversity-College-Cork-1024x768.jpeg\" alt=\"\" class=\"wp-image-1686\" srcset=\"https:\/\/ia-dev.hes-so.ch\/ona\/wp-content\/uploads\/2025\/07\/03-Olivier-a-lUniversity-College-Cork-1024x768.jpeg 1024w, https:\/\/ia-dev.hes-so.ch\/ona\/wp-content\/uploads\/2025\/07\/03-Olivier-a-lUniversity-College-Cork-300x225.jpeg 300w, https:\/\/ia-dev.hes-so.ch\/ona\/wp-content\/uploads\/2025\/07\/03-Olivier-a-lUniversity-College-Cork-768x576.jpeg 768w, https:\/\/ia-dev.hes-so.ch\/ona\/wp-content\/uploads\/2025\/07\/03-Olivier-a-lUniversity-College-Cork-1536x1152.jpeg 1536w, https:\/\/ia-dev.hes-so.ch\/ona\/wp-content\/uploads\/2025\/07\/03-Olivier-a-lUniversity-College-Cork-2048x1536.jpeg 2048w\" sizes=\"auto, (max-width: 1024px) 100vw, 1024px\" \/><\/figure>\n\n\n\n<p>Petit clin d\u2019\u0153il depuis le superbe campus de l\u2019University College Cork, o\u00f9 l\u2019architecture gothique et les jardins impeccables offrent un cadre inspirant. Juste avant de rencontrer le responsable de l\u2019ing\u00e9nierie, une photo s\u2019imposait pour marquer ce moment entre patrimoine, \u00e9changes acad\u00e9miques et projets \u00e0 venir.<\/p>\n\n\n\n<p><strong>4\u00e8me jour<\/strong><\/p>\n\n\n\n<figure class=\"wp-block-image size-large\"><img loading=\"lazy\" decoding=\"async\" width=\"1024\" height=\"768\" src=\"https:\/\/ia-dev.hes-so.ch\/ona\/wp-content\/uploads\/2025\/07\/04-Salle-darchitecture-a-lUniversity-College-Cork-1024x768.jpeg\" alt=\"\" class=\"wp-image-1687\" srcset=\"https:\/\/ia-dev.hes-so.ch\/ona\/wp-content\/uploads\/2025\/07\/04-Salle-darchitecture-a-lUniversity-College-Cork-1024x768.jpeg 1024w, https:\/\/ia-dev.hes-so.ch\/ona\/wp-content\/uploads\/2025\/07\/04-Salle-darchitecture-a-lUniversity-College-Cork-300x225.jpeg 300w, https:\/\/ia-dev.hes-so.ch\/ona\/wp-content\/uploads\/2025\/07\/04-Salle-darchitecture-a-lUniversity-College-Cork-768x576.jpeg 768w, https:\/\/ia-dev.hes-so.ch\/ona\/wp-content\/uploads\/2025\/07\/04-Salle-darchitecture-a-lUniversity-College-Cork-1536x1152.jpeg 1536w, https:\/\/ia-dev.hes-so.ch\/ona\/wp-content\/uploads\/2025\/07\/04-Salle-darchitecture-a-lUniversity-College-Cork-2048x1536.jpeg 2048w\" sizes=\"auto, (max-width: 1024px) 100vw, 1024px\" \/><\/figure>\n\n\n\n<p>Atelier de bricolage ou fabrique \u00e0 id\u00e9es\u202f? Cette salle de l\u2019University College Cork est d\u00e9di\u00e9e \u00e0 la conception architecturale, o\u00f9 les maquettes, les mat\u00e9riaux et les plans racontent les r\u00e9cits de projets int\u00e9grant durabilit\u00e9, innovation et responsabilit\u00e9 soci\u00e9tale. Un bel exemple d\u2019approche scientifique et cr\u00e9ative au service des territoires.<\/p>\n\n\n\n<p><strong>5\u00e8me jour<\/strong><\/p>\n\n\n\n<figure class=\"wp-block-image size-large\"><img loading=\"lazy\" decoding=\"async\" width=\"768\" height=\"1024\" src=\"https:\/\/ia-dev.hes-so.ch\/ona\/wp-content\/uploads\/2025\/07\/05-University-College-Cork-et-le-batiment-pour-larchitecture-768x1024.jpeg\" alt=\"\" class=\"wp-image-1688\" srcset=\"https:\/\/ia-dev.hes-so.ch\/ona\/wp-content\/uploads\/2025\/07\/05-University-College-Cork-et-le-batiment-pour-larchitecture-768x1024.jpeg 768w, https:\/\/ia-dev.hes-so.ch\/ona\/wp-content\/uploads\/2025\/07\/05-University-College-Cork-et-le-batiment-pour-larchitecture-225x300.jpeg 225w, https:\/\/ia-dev.hes-so.ch\/ona\/wp-content\/uploads\/2025\/07\/05-University-College-Cork-et-le-batiment-pour-larchitecture-1152x1536.jpeg 1152w, https:\/\/ia-dev.hes-so.ch\/ona\/wp-content\/uploads\/2025\/07\/05-University-College-Cork-et-le-batiment-pour-larchitecture-1536x2048.jpeg 1536w, https:\/\/ia-dev.hes-so.ch\/ona\/wp-content\/uploads\/2025\/07\/05-University-College-Cork-et-le-batiment-pour-larchitecture-scaled.jpeg 1920w\" sizes=\"auto, (max-width: 768px) 100vw, 768px\" \/><\/figure>\n\n\n\n<p>Le b\u00e2timent d\u2019architecture de l\u2019University College Cork incarne pleinement sa mission : inspirer, structurer, connecter. Ouvert sur plusieurs \u00e9tages, il favorise la transparence des id\u00e9es et les \u00e9changes entre les promotions. Une belle le\u00e7on d\u2019architecture\u2026 \u00e0 commencer par les escaliers !<\/p>\n\n\n\n<p><strong>6\u00e8me jour<\/strong><\/p>\n\n\n\n<figure class=\"wp-block-image size-large\"><img loading=\"lazy\" decoding=\"async\" width=\"1024\" height=\"768\" src=\"https:\/\/ia-dev.hes-so.ch\/ona\/wp-content\/uploads\/2025\/07\/06-Abbaye-de-Muckross-1024x768.jpeg\" alt=\"\" class=\"wp-image-1689\" srcset=\"https:\/\/ia-dev.hes-so.ch\/ona\/wp-content\/uploads\/2025\/07\/06-Abbaye-de-Muckross-1024x768.jpeg 1024w, https:\/\/ia-dev.hes-so.ch\/ona\/wp-content\/uploads\/2025\/07\/06-Abbaye-de-Muckross-300x225.jpeg 300w, https:\/\/ia-dev.hes-so.ch\/ona\/wp-content\/uploads\/2025\/07\/06-Abbaye-de-Muckross-768x576.jpeg 768w, https:\/\/ia-dev.hes-so.ch\/ona\/wp-content\/uploads\/2025\/07\/06-Abbaye-de-Muckross-1536x1152.jpeg 1536w, https:\/\/ia-dev.hes-so.ch\/ona\/wp-content\/uploads\/2025\/07\/06-Abbaye-de-Muckross-2048x1536.jpeg 2048w\" sizes=\"auto, (max-width: 1024px) 100vw, 1024px\" \/><\/figure>\n\n\n\n<p>Nich\u00e9e au c\u0153ur du parc national de Killarney, l\u2019abbaye de Muckross rappelle la force spirituelle et architecturale des anciens monast\u00e8res irlandais. Ces ruines majestueuses invitent \u00e0 la contemplation et \u00e0 l\u2019humilit\u00e9 face au temps.<\/p>\n\n\n\n<p><strong>7\u00e8me jour<\/strong><\/p>\n\n\n\n<figure class=\"wp-block-image size-large\"><img loading=\"lazy\" decoding=\"async\" width=\"1024\" height=\"768\" src=\"https:\/\/ia-dev.hes-so.ch\/ona\/wp-content\/uploads\/2025\/07\/07-Chateau-de-Minard-1024x768.jpeg\" alt=\"\" class=\"wp-image-1690\" srcset=\"https:\/\/ia-dev.hes-so.ch\/ona\/wp-content\/uploads\/2025\/07\/07-Chateau-de-Minard-1024x768.jpeg 1024w, https:\/\/ia-dev.hes-so.ch\/ona\/wp-content\/uploads\/2025\/07\/07-Chateau-de-Minard-300x225.jpeg 300w, https:\/\/ia-dev.hes-so.ch\/ona\/wp-content\/uploads\/2025\/07\/07-Chateau-de-Minard-768x576.jpeg 768w, https:\/\/ia-dev.hes-so.ch\/ona\/wp-content\/uploads\/2025\/07\/07-Chateau-de-Minard-1536x1152.jpeg 1536w, https:\/\/ia-dev.hes-so.ch\/ona\/wp-content\/uploads\/2025\/07\/07-Chateau-de-Minard-2048x1536.jpeg 2048w\" sizes=\"auto, (max-width: 1024px) 100vw, 1024px\" \/><\/figure>\n\n\n\n<p>Sur les hauteurs de la p\u00e9ninsule de Dingle, le ch\u00e2teau de Minard domine fi\u00e8rement une c\u00f4te sauvage balay\u00e9e par les vents. Entre galets, mousse marine et p\u00e2turages paisibles, le temps semble suspendu. Un moment de d\u00e9tente avant de reprendre la route vers Dublin et la suite de l&rsquo;aventure.<\/p>\n\n\n\n<p>Lien vers la ville suivante : <a href=\"https:\/\/ia-dev.hes-so.ch\/ona\/photos\/dublin\/\" data-type=\"page\" data-id=\"1487\">Dublin<\/a><\/p>\n","protected":false},"excerpt":{"rendered":"<p>1er jour Apr\u00e8s avoir embarqu\u00e9 la voiture et la caravane sur le ferry \u00e0 Bilbao, nous voici presque en Irlande [&hellip;]<\/p>\n","protected":false},"author":1,"featured_media":0,"parent":173,"menu_order":19,"comment_status":"closed","ping_status":"closed","template":"","meta":{"footnotes":""},"class_list":["post-1484","page","type-page","status-publish","hentry"],"_links":{"self":[{"href":"https:\/\/ia-dev.hes-so.ch\/ona\/wp-json\/wp\/v2\/pages\/1484","targetHints":{"allow":["GET"]}}],"collection":[{"href":"https:\/\/ia-dev.hes-so.ch\/ona\/wp-json\/wp\/v2\/pages"}],"about":[{"href":"https:\/\/ia-dev.hes-so.ch\/ona\/wp-json\/wp\/v2\/types\/page"}],"author":[{"embeddable":true,"href":"https:\/\/ia-dev.hes-so.ch\/ona\/wp-json\/wp\/v2\/users\/1"}],"replies":[{"embeddable":true,"href":"https:\/\/ia-dev.hes-so.ch\/ona\/wp-json\/wp\/v2\/comments?post=1484"}],"version-history":[{"count":13,"href":"https:\/\/ia-dev.hes-so.ch\/ona\/wp-json\/wp\/v2\/pages\/1484\/revisions"}],"predecessor-version":[{"id":1719,"href":"https:\/\/ia-dev.hes-so.ch\/ona\/wp-json\/wp\/v2\/pages\/1484\/revisions\/1719"}],"up":[{"embeddable":true,"href":"https:\/\/ia-dev.hes-so.ch\/ona\/wp-json\/wp\/v2\/pages\/173"}],"wp:attachment":[{"href":"https:\/\/ia-dev.hes-so.ch\/ona\/wp-json\/wp\/v2\/media?parent=1484"}],"curies":[{"name":"wp","href":"https:\/\/api.w.org\/{rel}","templated":true}]}}