{"id":1487,"date":"2025-06-09T16:11:29","date_gmt":"2025-06-09T14:11:29","guid":{"rendered":"https:\/\/ia-dev.hes-so.ch\/ona\/?page_id=1487"},"modified":"2025-08-18T09:37:48","modified_gmt":"2025-08-18T07:37:48","slug":"dublin","status":"publish","type":"page","link":"https:\/\/ia-dev.hes-so.ch\/ona\/photos\/dublin\/","title":{"rendered":"Dublin"},"content":{"rendered":"\n<p><strong>1er jour<\/strong><\/p>\n\n\n\n<figure class=\"wp-block-image size-large\"><img loading=\"lazy\" decoding=\"async\" width=\"904\" height=\"1024\" src=\"https:\/\/ia-dev.hes-so.ch\/ona\/wp-content\/uploads\/2025\/07\/01-Un-poisson-pour-la-direction-du-vent-904x1024.jpeg\" alt=\"\" class=\"wp-image-1711\" srcset=\"https:\/\/ia-dev.hes-so.ch\/ona\/wp-content\/uploads\/2025\/07\/01-Un-poisson-pour-la-direction-du-vent-904x1024.jpeg 904w, https:\/\/ia-dev.hes-so.ch\/ona\/wp-content\/uploads\/2025\/07\/01-Un-poisson-pour-la-direction-du-vent-265x300.jpeg 265w, https:\/\/ia-dev.hes-so.ch\/ona\/wp-content\/uploads\/2025\/07\/01-Un-poisson-pour-la-direction-du-vent-768x870.jpeg 768w, https:\/\/ia-dev.hes-so.ch\/ona\/wp-content\/uploads\/2025\/07\/01-Un-poisson-pour-la-direction-du-vent-1356x1536.jpeg 1356w, https:\/\/ia-dev.hes-so.ch\/ona\/wp-content\/uploads\/2025\/07\/01-Un-poisson-pour-la-direction-du-vent-1808x2048.jpeg 1808w\" sizes=\"auto, (max-width: 904px) 100vw, 904px\" \/><\/figure>\n\n\n\n<p>En Suisse, les clochers s\u2019ornent souvent d\u2019un coq pour indiquer le vent. En Irlande, le poisson semble avoir pris la rel\u00e8ve\u2026 Un clin d\u2019\u0153il symbolique avant de plonger dans la capitale\u202f!<\/p>\n\n\n\n<p><strong>2\u00e8me jour<\/strong><\/p>\n\n\n\n<figure class=\"wp-block-image size-large\"><img loading=\"lazy\" decoding=\"async\" width=\"1024\" height=\"768\" src=\"https:\/\/ia-dev.hes-so.ch\/ona\/wp-content\/uploads\/2025\/07\/02-Portrane-Beach-pres-de-Dublin-1024x768.jpeg\" alt=\"\" class=\"wp-image-1713\" srcset=\"https:\/\/ia-dev.hes-so.ch\/ona\/wp-content\/uploads\/2025\/07\/02-Portrane-Beach-pres-de-Dublin-1024x768.jpeg 1024w, https:\/\/ia-dev.hes-so.ch\/ona\/wp-content\/uploads\/2025\/07\/02-Portrane-Beach-pres-de-Dublin-300x225.jpeg 300w, https:\/\/ia-dev.hes-so.ch\/ona\/wp-content\/uploads\/2025\/07\/02-Portrane-Beach-pres-de-Dublin-768x576.jpeg 768w, https:\/\/ia-dev.hes-so.ch\/ona\/wp-content\/uploads\/2025\/07\/02-Portrane-Beach-pres-de-Dublin-1536x1152.jpeg 1536w, https:\/\/ia-dev.hes-so.ch\/ona\/wp-content\/uploads\/2025\/07\/02-Portrane-Beach-pres-de-Dublin-2048x1536.jpeg 2048w\" sizes=\"auto, (max-width: 1024px) 100vw, 1024px\" \/><\/figure>\n\n\n\n<p>\u00c0 quelques kilom\u00e8tres de Dublin, Portrane offre un paysage inattendu o\u00f9 les palmiers bordent la mer d\u2019Irlande. On pourrait presque se croire sur une \u00eele, pr\u00eat \u00e0 s\u2019allonger sur la plage et profiter de la baignade\u2026 si ce n\u2019\u00e9tait pour la temp\u00e9rature de l\u2019eau \u00e0 17\u00b0C !<\/p>\n\n\n\n<p><strong>3\u00e8me jour<\/strong><\/p>\n\n\n\n<figure class=\"wp-block-image size-large\"><img loading=\"lazy\" decoding=\"async\" width=\"1024\" height=\"591\" src=\"https:\/\/ia-dev.hes-so.ch\/ona\/wp-content\/uploads\/2025\/07\/03-Fete-Flavours-of-Fingal-1024x591.jpg\" alt=\"\" class=\"wp-image-1714\" srcset=\"https:\/\/ia-dev.hes-so.ch\/ona\/wp-content\/uploads\/2025\/07\/03-Fete-Flavours-of-Fingal-1024x591.jpg 1024w, https:\/\/ia-dev.hes-so.ch\/ona\/wp-content\/uploads\/2025\/07\/03-Fete-Flavours-of-Fingal-300x173.jpg 300w, https:\/\/ia-dev.hes-so.ch\/ona\/wp-content\/uploads\/2025\/07\/03-Fete-Flavours-of-Fingal-768x443.jpg 768w, https:\/\/ia-dev.hes-so.ch\/ona\/wp-content\/uploads\/2025\/07\/03-Fete-Flavours-of-Fingal-1536x887.jpg 1536w, https:\/\/ia-dev.hes-so.ch\/ona\/wp-content\/uploads\/2025\/07\/03-Fete-Flavours-of-Fingal-2048x1182.jpg 2048w\" sizes=\"auto, (max-width: 1024px) 100vw, 1024px\" \/><\/figure>\n\n\n\n<p>L\u2019\u00e9t\u00e9 et ses festivals rythment les territoires ! Tandis que la HES-SO pr\u00e9pare son stand au Pal\u00e9o, la f\u00eate \u00ab\u202fFlavours of Fingal\u202f\u00bb r\u00e9unit agriculture, artisanat et musique dans le comt\u00e9 de Dublin. Une ambiance festive\u2026 o\u00f9 l&rsquo;on retrouve m\u00eame des moutons poil de carotte !<\/p>\n\n\n\n<p><strong>4\u00e8me jour<\/strong><\/p>\n\n\n\n<figure class=\"wp-block-image size-large\"><img loading=\"lazy\" decoding=\"async\" width=\"1024\" height=\"768\" src=\"https:\/\/ia-dev.hes-so.ch\/ona\/wp-content\/uploads\/2025\/07\/04-Dublin-Sean-OCasey-Bridge-1024x768.jpeg\" alt=\"\" class=\"wp-image-1712\" srcset=\"https:\/\/ia-dev.hes-so.ch\/ona\/wp-content\/uploads\/2025\/07\/04-Dublin-Sean-OCasey-Bridge-1024x768.jpeg 1024w, https:\/\/ia-dev.hes-so.ch\/ona\/wp-content\/uploads\/2025\/07\/04-Dublin-Sean-OCasey-Bridge-300x225.jpeg 300w, https:\/\/ia-dev.hes-so.ch\/ona\/wp-content\/uploads\/2025\/07\/04-Dublin-Sean-OCasey-Bridge-768x576.jpeg 768w, https:\/\/ia-dev.hes-so.ch\/ona\/wp-content\/uploads\/2025\/07\/04-Dublin-Sean-OCasey-Bridge-1536x1152.jpeg 1536w, https:\/\/ia-dev.hes-so.ch\/ona\/wp-content\/uploads\/2025\/07\/04-Dublin-Sean-OCasey-Bridge-2048x1536.jpeg 2048w\" sizes=\"auto, (max-width: 1024px) 100vw, 1024px\" \/><\/figure>\n\n\n\n<p>Symbole moderne de Dublin, le pont \u00e0 haubans Samuel Beckett incarne une harpe celtique pos\u00e9e sur la Liffey. Con\u00e7u pour tourner sur son axe, il s\u2019ouvre gracieusement \u00e0 90\u00b0 pour laisser passer les bateaux. Une prouesse d\u2019ing\u00e9nierie\u2026 et un bel accord entre patrimoine et modernit\u00e9.<\/p>\n\n\n\n<p><strong>5\u00e8me jour<\/strong><\/p>\n\n\n\n<figure class=\"wp-block-image size-large\"><img loading=\"lazy\" decoding=\"async\" width=\"1024\" height=\"653\" src=\"https:\/\/ia-dev.hes-so.ch\/ona\/wp-content\/uploads\/2025\/07\/05-Dublin-Street-art-1024x653.jpg\" alt=\"\" class=\"wp-image-1715\" srcset=\"https:\/\/ia-dev.hes-so.ch\/ona\/wp-content\/uploads\/2025\/07\/05-Dublin-Street-art-1024x653.jpg 1024w, https:\/\/ia-dev.hes-so.ch\/ona\/wp-content\/uploads\/2025\/07\/05-Dublin-Street-art-300x191.jpg 300w, https:\/\/ia-dev.hes-so.ch\/ona\/wp-content\/uploads\/2025\/07\/05-Dublin-Street-art-768x490.jpg 768w, https:\/\/ia-dev.hes-so.ch\/ona\/wp-content\/uploads\/2025\/07\/05-Dublin-Street-art-1536x980.jpg 1536w, https:\/\/ia-dev.hes-so.ch\/ona\/wp-content\/uploads\/2025\/07\/05-Dublin-Street-art-2048x1307.jpg 2048w\" sizes=\"auto, (max-width: 1024px) 100vw, 1024px\" \/><\/figure>\n\n\n\n<p>Comme dans les autres villes visit\u00e9es, le street art \u00e0 Dublin affirme une expression contemporaine bien ancr\u00e9e dans la culture locale. Il suffit de marcher un peu\u2026 et de garder les yeux ouverts.<\/p>\n\n\n\n<p><strong>6\u00e8me jour<\/strong><\/p>\n\n\n\n<figure class=\"wp-block-image size-large\"><img loading=\"lazy\" decoding=\"async\" width=\"1024\" height=\"705\" src=\"https:\/\/ia-dev.hes-so.ch\/ona\/wp-content\/uploads\/2025\/07\/06-Trinity-College-Dublin-1024x705.jpg\" alt=\"\" class=\"wp-image-1716\" srcset=\"https:\/\/ia-dev.hes-so.ch\/ona\/wp-content\/uploads\/2025\/07\/06-Trinity-College-Dublin-1024x705.jpg 1024w, https:\/\/ia-dev.hes-so.ch\/ona\/wp-content\/uploads\/2025\/07\/06-Trinity-College-Dublin-300x207.jpg 300w, https:\/\/ia-dev.hes-so.ch\/ona\/wp-content\/uploads\/2025\/07\/06-Trinity-College-Dublin-768x529.jpg 768w, https:\/\/ia-dev.hes-so.ch\/ona\/wp-content\/uploads\/2025\/07\/06-Trinity-College-Dublin-1536x1058.jpg 1536w, https:\/\/ia-dev.hes-so.ch\/ona\/wp-content\/uploads\/2025\/07\/06-Trinity-College-Dublin-2048x1411.jpg 2048w\" sizes=\"auto, (max-width: 1024px) 100vw, 1024px\" \/><\/figure>\n\n\n\n<p>\u00c0 d\u00e9faut d\u2019un rendez-vous institutionnel \u00e0 la Dublin City University, la visite du Trinity College s\u2019impose. Entre patrimoine acad\u00e9mique et art contemporain, la prestigieuse universit\u00e9 offre un moment de d\u00e9couverte\u2026 et de r\u00e9flexion, devant l\u2019\u0153uvre sph\u00e9rique d\u2019Arnaldo Pomodoro.<\/p>\n\n\n\n<p><strong>7\u00e8me jour<\/strong><\/p>\n\n\n\n<figure class=\"wp-block-image size-large\"><img loading=\"lazy\" decoding=\"async\" width=\"768\" height=\"1024\" src=\"https:\/\/ia-dev.hes-so.ch\/ona\/wp-content\/uploads\/2025\/07\/07-Library-of-Trinity-College-Dublin-768x1024.jpg\" alt=\"\" class=\"wp-image-1717\" srcset=\"https:\/\/ia-dev.hes-so.ch\/ona\/wp-content\/uploads\/2025\/07\/07-Library-of-Trinity-College-Dublin-768x1024.jpg 768w, https:\/\/ia-dev.hes-so.ch\/ona\/wp-content\/uploads\/2025\/07\/07-Library-of-Trinity-College-Dublin-225x300.jpg 225w, https:\/\/ia-dev.hes-so.ch\/ona\/wp-content\/uploads\/2025\/07\/07-Library-of-Trinity-College-Dublin-1152x1536.jpg 1152w, https:\/\/ia-dev.hes-so.ch\/ona\/wp-content\/uploads\/2025\/07\/07-Library-of-Trinity-College-Dublin-1536x2048.jpg 1536w, https:\/\/ia-dev.hes-so.ch\/ona\/wp-content\/uploads\/2025\/07\/07-Library-of-Trinity-College-Dublin-scaled.jpg 1920w\" sizes=\"auto, (max-width: 768px) 100vw, 768px\" \/><\/figure>\n\n\n\n<p>Visite impressionnante \u00e0 la biblioth\u00e8que du Trinity College Dublin. La d\u00e9couverte du Livre de Kells et des pierres oghamiques \u2013 dont l\u2019\u00e9criture, faite de traits, s\u2019inspire du son des arbres \u2013 rappelle la richesse culturelle et linguistique de l\u2019Irlande. Un lieu embl\u00e9matique o\u00f9 le savoir se conjugue \u00e0 l\u2019histoire.<\/p>\n\n\n\n<p>Lien vers la ville suivante : <a href=\"https:\/\/ia-dev.hes-so.ch\/ona\/photos\/galway\/\" data-type=\"page\" data-id=\"1490\">Galway<\/a><\/p>\n","protected":false},"excerpt":{"rendered":"<p>1er jour En Suisse, les clochers s\u2019ornent souvent d\u2019un coq pour indiquer le vent. En Irlande, le poisson semble avoir [&hellip;]<\/p>\n","protected":false},"author":1,"featured_media":0,"parent":173,"menu_order":20,"comment_status":"closed","ping_status":"closed","template":"","meta":{"footnotes":""},"class_list":["post-1487","page","type-page","status-publish","hentry"],"_links":{"self":[{"href":"https:\/\/ia-dev.hes-so.ch\/ona\/wp-json\/wp\/v2\/pages\/1487","targetHints":{"allow":["GET"]}}],"collection":[{"href":"https:\/\/ia-dev.hes-so.ch\/ona\/wp-json\/wp\/v2\/pages"}],"about":[{"href":"https:\/\/ia-dev.hes-so.ch\/ona\/wp-json\/wp\/v2\/types\/page"}],"author":[{"embeddable":true,"href":"https:\/\/ia-dev.hes-so.ch\/ona\/wp-json\/wp\/v2\/users\/1"}],"replies":[{"embeddable":true,"href":"https:\/\/ia-dev.hes-so.ch\/ona\/wp-json\/wp\/v2\/comments?post=1487"}],"version-history":[{"count":13,"href":"https:\/\/ia-dev.hes-so.ch\/ona\/wp-json\/wp\/v2\/pages\/1487\/revisions"}],"predecessor-version":[{"id":1831,"href":"https:\/\/ia-dev.hes-so.ch\/ona\/wp-json\/wp\/v2\/pages\/1487\/revisions\/1831"}],"up":[{"embeddable":true,"href":"https:\/\/ia-dev.hes-so.ch\/ona\/wp-json\/wp\/v2\/pages\/173"}],"wp:attachment":[{"href":"https:\/\/ia-dev.hes-so.ch\/ona\/wp-json\/wp\/v2\/media?parent=1487"}],"curies":[{"name":"wp","href":"https:\/\/api.w.org\/{rel}","templated":true}]}}