{"id":1490,"date":"2025-06-09T16:12:17","date_gmt":"2025-06-09T14:12:17","guid":{"rendered":"https:\/\/ia-dev.hes-so.ch\/ona\/?page_id=1490"},"modified":"2025-08-18T09:38:30","modified_gmt":"2025-08-18T07:38:30","slug":"galway","status":"publish","type":"page","link":"https:\/\/ia-dev.hes-so.ch\/ona\/photos\/galway\/","title":{"rendered":"Galway"},"content":{"rendered":"\n<p><strong>1<sup>er<\/sup> jour<\/strong><\/p>\n\n\n\n<figure class=\"wp-block-image size-large\"><img loading=\"lazy\" decoding=\"async\" width=\"1024\" height=\"768\" src=\"https:\/\/ia-dev.hes-so.ch\/ona\/wp-content\/uploads\/2025\/08\/01-Ocean-Atlantique-Nord-Barna-Galway-1024x768.jpg\" alt=\"\" class=\"wp-image-1740\" srcset=\"https:\/\/ia-dev.hes-so.ch\/ona\/wp-content\/uploads\/2025\/08\/01-Ocean-Atlantique-Nord-Barna-Galway-1024x768.jpg 1024w, https:\/\/ia-dev.hes-so.ch\/ona\/wp-content\/uploads\/2025\/08\/01-Ocean-Atlantique-Nord-Barna-Galway-300x225.jpg 300w, https:\/\/ia-dev.hes-so.ch\/ona\/wp-content\/uploads\/2025\/08\/01-Ocean-Atlantique-Nord-Barna-Galway-768x576.jpg 768w, https:\/\/ia-dev.hes-so.ch\/ona\/wp-content\/uploads\/2025\/08\/01-Ocean-Atlantique-Nord-Barna-Galway-1536x1152.jpg 1536w, https:\/\/ia-dev.hes-so.ch\/ona\/wp-content\/uploads\/2025\/08\/01-Ocean-Atlantique-Nord-Barna-Galway-2048x1536.jpg 2048w\" sizes=\"auto, (max-width: 1024px) 100vw, 1024px\" \/><\/figure>\n\n\n\n<p>Depuis l\u2019Est (Dublin) jusqu\u2019\u00e0 l\u2019Ouest (Galway), le paysage irlandais r\u00e9v\u00e8le sa diversit\u00e9. Ici, une petite rivi\u00e8re s\u2019\u00e9coule tranquillement vers l\u2019oc\u00e9an Atlantique Nord, pr\u00e8s du village d\u2019An Spid\u00e9al. Un moment de calme au bord de l\u2019eau.<\/p>\n\n\n\n<p><strong>2<sup>\u00e8me<\/sup> jour<\/strong><\/p>\n\n\n\n<figure class=\"wp-block-image size-large\"><img loading=\"lazy\" decoding=\"async\" width=\"1024\" height=\"640\" src=\"https:\/\/ia-dev.hes-so.ch\/ona\/wp-content\/uploads\/2025\/08\/02-Paysage-dIrlande-1024x640.jpg\" alt=\"\" class=\"wp-image-1741\" srcset=\"https:\/\/ia-dev.hes-so.ch\/ona\/wp-content\/uploads\/2025\/08\/02-Paysage-dIrlande-1024x640.jpg 1024w, https:\/\/ia-dev.hes-so.ch\/ona\/wp-content\/uploads\/2025\/08\/02-Paysage-dIrlande-300x188.jpg 300w, https:\/\/ia-dev.hes-so.ch\/ona\/wp-content\/uploads\/2025\/08\/02-Paysage-dIrlande-768x480.jpg 768w, https:\/\/ia-dev.hes-so.ch\/ona\/wp-content\/uploads\/2025\/08\/02-Paysage-dIrlande-1536x961.jpg 1536w, https:\/\/ia-dev.hes-so.ch\/ona\/wp-content\/uploads\/2025\/08\/02-Paysage-dIrlande-2048x1281.jpg 2048w\" sizes=\"auto, (max-width: 1024px) 100vw, 1024px\" \/><\/figure>\n\n\n\n<p>Un paysage typique d\u2019Irlande : entre prairies verdoyantes, murets de pierres s\u00e8ches et collines rocheuses \u00e0 l\u2019horizon. Le ciel, quant \u00e0 lui, reste fid\u00e8le \u00e0 sa r\u00e9putation\u2026<\/p>\n\n\n\n<p><strong>3<sup>\u00e8me<\/sup> jour<\/strong><\/p>\n\n\n\n<figure class=\"wp-block-image size-large\"><img loading=\"lazy\" decoding=\"async\" width=\"762\" height=\"1024\" src=\"https:\/\/ia-dev.hes-so.ch\/ona\/wp-content\/uploads\/2025\/08\/03-Chateau-de-Newtown-762x1024.jpg\" alt=\"\" class=\"wp-image-1742\" srcset=\"https:\/\/ia-dev.hes-so.ch\/ona\/wp-content\/uploads\/2025\/08\/03-Chateau-de-Newtown-762x1024.jpg 762w, https:\/\/ia-dev.hes-so.ch\/ona\/wp-content\/uploads\/2025\/08\/03-Chateau-de-Newtown-223x300.jpg 223w, https:\/\/ia-dev.hes-so.ch\/ona\/wp-content\/uploads\/2025\/08\/03-Chateau-de-Newtown-768x1031.jpg 768w, https:\/\/ia-dev.hes-so.ch\/ona\/wp-content\/uploads\/2025\/08\/03-Chateau-de-Newtown-1144x1536.jpg 1144w, https:\/\/ia-dev.hes-so.ch\/ona\/wp-content\/uploads\/2025\/08\/03-Chateau-de-Newtown-1525x2048.jpg 1525w, https:\/\/ia-dev.hes-so.ch\/ona\/wp-content\/uploads\/2025\/08\/03-Chateau-de-Newtown-scaled.jpg 1906w\" sizes=\"auto, (max-width: 762px) 100vw, 762px\" \/><\/figure>\n\n\n\n<p>Le ch\u00e2teau de Newtown, dans le Burren, est une maison-tour fortifi\u00e9e du XVI<sup>e<\/sup> si\u00e8cle, autrefois occup\u00e9e par la famille O\u2019Brien, puis par les O\u2019Loghlen. Son architecture remarquable comprend une tour cylindrique \u00e9lev\u00e9e sur une base carr\u00e9e pyramidale, unique en Irlande \u00e0 cette \u00e9poque.<\/p>\n\n\n\n<p><strong>4<sup>\u00e8me<\/sup> jour<\/strong><\/p>\n\n\n\n<figure class=\"wp-block-image size-large\"><img loading=\"lazy\" decoding=\"async\" width=\"762\" height=\"1024\" src=\"https:\/\/ia-dev.hes-so.ch\/ona\/wp-content\/uploads\/2025\/08\/04-Grotte-de-Doolin-762x1024.jpg\" alt=\"\" class=\"wp-image-1743\" srcset=\"https:\/\/ia-dev.hes-so.ch\/ona\/wp-content\/uploads\/2025\/08\/04-Grotte-de-Doolin-762x1024.jpg 762w, https:\/\/ia-dev.hes-so.ch\/ona\/wp-content\/uploads\/2025\/08\/04-Grotte-de-Doolin-223x300.jpg 223w, https:\/\/ia-dev.hes-so.ch\/ona\/wp-content\/uploads\/2025\/08\/04-Grotte-de-Doolin-768x1032.jpg 768w, https:\/\/ia-dev.hes-so.ch\/ona\/wp-content\/uploads\/2025\/08\/04-Grotte-de-Doolin-1143x1536.jpg 1143w, https:\/\/ia-dev.hes-so.ch\/ona\/wp-content\/uploads\/2025\/08\/04-Grotte-de-Doolin-1524x2048.jpg 1524w, https:\/\/ia-dev.hes-so.ch\/ona\/wp-content\/uploads\/2025\/08\/04-Grotte-de-Doolin-scaled.jpg 1905w\" sizes=\"auto, (max-width: 762px) 100vw, 762px\" \/><\/figure>\n\n\n\n<p>Dans le comt\u00e9 de Clare, la grotte de Doolin abrite l&rsquo;une des plus grandes stalactites autoport\u00e9es d\u2019Europe, suspendue sur pr\u00e8s de 7 m\u00e8tres. Elle fut d\u00e9couverte en 1952 par Brian Varley et J.M. Dickenson, alors \u00e9tudiants en sp\u00e9l\u00e9ologie. Un impressionnant chef-d\u2019\u0153uvre naturel, form\u00e9 goutte apr\u00e8s goutte au fil des mill\u00e9naires.<\/p>\n\n\n\n<p><strong>5<sup>\u00e8me<\/sup> jour<\/strong><\/p>\n\n\n\n<figure class=\"wp-block-image size-large\"><img loading=\"lazy\" decoding=\"async\" width=\"1024\" height=\"768\" src=\"https:\/\/ia-dev.hes-so.ch\/ona\/wp-content\/uploads\/2025\/08\/05-Falaise-de-Moher-1024x768.jpg\" alt=\"\" class=\"wp-image-1744\" srcset=\"https:\/\/ia-dev.hes-so.ch\/ona\/wp-content\/uploads\/2025\/08\/05-Falaise-de-Moher-1024x768.jpg 1024w, https:\/\/ia-dev.hes-so.ch\/ona\/wp-content\/uploads\/2025\/08\/05-Falaise-de-Moher-300x225.jpg 300w, https:\/\/ia-dev.hes-so.ch\/ona\/wp-content\/uploads\/2025\/08\/05-Falaise-de-Moher-768x576.jpg 768w, https:\/\/ia-dev.hes-so.ch\/ona\/wp-content\/uploads\/2025\/08\/05-Falaise-de-Moher-1536x1152.jpg 1536w, https:\/\/ia-dev.hes-so.ch\/ona\/wp-content\/uploads\/2025\/08\/05-Falaise-de-Moher-2048x1536.jpg 2048w\" sizes=\"auto, (max-width: 1024px) 100vw, 1024px\" \/><\/figure>\n\n\n\n<p>Les falaises de Moher offrent un panorama \u00e0 couper le souffle sur l\u2019Atlantique Nord. T\u00e9moins majestueux de l\u2019\u00e9volution g\u00e9ologique de notre plan\u00e8te, elles racontent \u2013 strates apr\u00e8s strates \u2013 des millions d\u2019ann\u00e9es d\u2019histoire. Les vents qui soufflent fort nous content les l\u00e9gendes de ces lieux.<\/p>\n\n\n\n<p><strong>6<sup>\u00e8me<\/sup> jour<\/strong><\/p>\n\n\n\n<figure class=\"wp-block-image size-large\"><img loading=\"lazy\" decoding=\"async\" width=\"1024\" height=\"431\" src=\"https:\/\/ia-dev.hes-so.ch\/ona\/wp-content\/uploads\/2025\/08\/06-University-of-Galway-1024x431.jpg\" alt=\"\" class=\"wp-image-1745\" srcset=\"https:\/\/ia-dev.hes-so.ch\/ona\/wp-content\/uploads\/2025\/08\/06-University-of-Galway-1024x431.jpg 1024w, https:\/\/ia-dev.hes-so.ch\/ona\/wp-content\/uploads\/2025\/08\/06-University-of-Galway-300x126.jpg 300w, https:\/\/ia-dev.hes-so.ch\/ona\/wp-content\/uploads\/2025\/08\/06-University-of-Galway-768x323.jpg 768w, https:\/\/ia-dev.hes-so.ch\/ona\/wp-content\/uploads\/2025\/08\/06-University-of-Galway-1536x647.jpg 1536w, https:\/\/ia-dev.hes-so.ch\/ona\/wp-content\/uploads\/2025\/08\/06-University-of-Galway-2048x862.jpg 2048w\" sizes=\"auto, (max-width: 1024px) 100vw, 1024px\" \/><\/figure>\n\n\n\n<p>L\u2019Universit\u00e9 de Galway d\u00e9voile une architecture aussi imposante qu\u2019\u00e9l\u00e9gante, faisant partie des 7 coll\u00e8ges d&rsquo;Irlande. Pourtant, en cette fin du mois de juillet, ses couloirs r\u00e9sonnent d\u2019un silence inattendu. Portes closes, salles d\u00e9sertes\u2026 Serait-ce l\u2019appel du Galway Arts Festival qui d\u00e9tourne \u00e9tudiantes, \u00e9tudiants et personnel vers les rues anim\u00e9es de la ville ?<\/p>\n\n\n\n<p><strong>7<sup>\u00e8me<\/sup> jour<\/strong><\/p>\n\n\n\n<figure class=\"wp-block-image size-large\"><img loading=\"lazy\" decoding=\"async\" width=\"1024\" height=\"817\" src=\"https:\/\/ia-dev.hes-so.ch\/ona\/wp-content\/uploads\/2025\/08\/07-Street-art-a-Galway-1024x817.jpg\" alt=\"\" class=\"wp-image-1746\" srcset=\"https:\/\/ia-dev.hes-so.ch\/ona\/wp-content\/uploads\/2025\/08\/07-Street-art-a-Galway-1024x817.jpg 1024w, https:\/\/ia-dev.hes-so.ch\/ona\/wp-content\/uploads\/2025\/08\/07-Street-art-a-Galway-300x239.jpg 300w, https:\/\/ia-dev.hes-so.ch\/ona\/wp-content\/uploads\/2025\/08\/07-Street-art-a-Galway-768x613.jpg 768w, https:\/\/ia-dev.hes-so.ch\/ona\/wp-content\/uploads\/2025\/08\/07-Street-art-a-Galway-1536x1226.jpg 1536w, https:\/\/ia-dev.hes-so.ch\/ona\/wp-content\/uploads\/2025\/08\/07-Street-art-a-Galway-2048x1635.jpg 2048w\" sizes=\"auto, (max-width: 1024px) 100vw, 1024px\" \/><\/figure>\n\n\n\n<p>\u00c0 Galway, comme dans toutes les villes visit\u00e9es, le street art s\u2019invite jusque dans les ruelles. Cette fresque repr\u00e9sentant l\u2019\u00e9crivain irlandais James Joyce \u00e9voque aussi Paris et Z\u00fcrich, deux villes marquantes de son parcours. Une \u0153uvre qui dialogue subtilement avec les sons et les images du Galway International Arts Festival.<\/p>\n\n\n\n<p>Lien vers la r\u00e9gion suivante : <a href=\"https:\/\/ia-dev.hes-so.ch\/ona\/photos\/irlande-du-nord\/\" data-type=\"page\" data-id=\"1754\">Irlande du Nord<\/a><\/p>\n","protected":false},"excerpt":{"rendered":"<p>1er jour Depuis l\u2019Est (Dublin) jusqu\u2019\u00e0 l\u2019Ouest (Galway), le paysage irlandais r\u00e9v\u00e8le sa diversit\u00e9. Ici, une petite rivi\u00e8re s\u2019\u00e9coule tranquillement [&hellip;]<\/p>\n","protected":false},"author":1,"featured_media":0,"parent":173,"menu_order":22,"comment_status":"closed","ping_status":"closed","template":"","meta":{"footnotes":""},"class_list":["post-1490","page","type-page","status-publish","hentry"],"_links":{"self":[{"href":"https:\/\/ia-dev.hes-so.ch\/ona\/wp-json\/wp\/v2\/pages\/1490","targetHints":{"allow":["GET"]}}],"collection":[{"href":"https:\/\/ia-dev.hes-so.ch\/ona\/wp-json\/wp\/v2\/pages"}],"about":[{"href":"https:\/\/ia-dev.hes-so.ch\/ona\/wp-json\/wp\/v2\/types\/page"}],"author":[{"embeddable":true,"href":"https:\/\/ia-dev.hes-so.ch\/ona\/wp-json\/wp\/v2\/users\/1"}],"replies":[{"embeddable":true,"href":"https:\/\/ia-dev.hes-so.ch\/ona\/wp-json\/wp\/v2\/comments?post=1490"}],"version-history":[{"count":8,"href":"https:\/\/ia-dev.hes-so.ch\/ona\/wp-json\/wp\/v2\/pages\/1490\/revisions"}],"predecessor-version":[{"id":1832,"href":"https:\/\/ia-dev.hes-so.ch\/ona\/wp-json\/wp\/v2\/pages\/1490\/revisions\/1832"}],"up":[{"embeddable":true,"href":"https:\/\/ia-dev.hes-so.ch\/ona\/wp-json\/wp\/v2\/pages\/173"}],"wp:attachment":[{"href":"https:\/\/ia-dev.hes-so.ch\/ona\/wp-json\/wp\/v2\/media?parent=1490"}],"curies":[{"name":"wp","href":"https:\/\/api.w.org\/{rel}","templated":true}]}}