{"id":173,"date":"2022-05-26T08:26:53","date_gmt":"2022-05-26T06:26:53","guid":{"rendered":"https:\/\/ia-dev.hes-so.ch\/ona\/?page_id=173"},"modified":"2025-10-10T08:15:51","modified_gmt":"2025-10-10T06:15:51","slug":"photos","status":"publish","type":"page","link":"https:\/\/ia-dev.hes-so.ch\/ona\/photos\/","title":{"rendered":"Photos"},"content":{"rendered":"\n<h3 class=\"wp-block-heading\">La photo du jour&#8230;<\/h3>\n\n\n\n<figure class=\"wp-block-image size-large\"><img loading=\"lazy\" decoding=\"async\" width=\"1024\" height=\"768\" src=\"https:\/\/ia-dev.hes-so.ch\/ona\/wp-content\/uploads\/2025\/10\/03-Le-temps-de-rentrer-1024x768.jpeg\" alt=\"\" class=\"wp-image-2180\" srcset=\"https:\/\/ia-dev.hes-so.ch\/ona\/wp-content\/uploads\/2025\/10\/03-Le-temps-de-rentrer-1024x768.jpeg 1024w, https:\/\/ia-dev.hes-so.ch\/ona\/wp-content\/uploads\/2025\/10\/03-Le-temps-de-rentrer-300x225.jpeg 300w, https:\/\/ia-dev.hes-so.ch\/ona\/wp-content\/uploads\/2025\/10\/03-Le-temps-de-rentrer-768x576.jpeg 768w, https:\/\/ia-dev.hes-so.ch\/ona\/wp-content\/uploads\/2025\/10\/03-Le-temps-de-rentrer-1536x1152.jpeg 1536w, https:\/\/ia-dev.hes-so.ch\/ona\/wp-content\/uploads\/2025\/10\/03-Le-temps-de-rentrer-2048x1536.jpeg 2048w\" sizes=\"auto, (max-width: 1024px) 100vw, 1024px\" \/><\/figure>\n\n\n\n<p>Derni\u00e8re \u00e9tape du p\u00e9riple \u00e0 Metz\u2026 Les roues, un peu enlis\u00e9es dans la gadoue, t\u00e9moignent de la fin d\u2019un long voyage \u00e0 travers les hautes \u00e9coles en ing\u00e9nierie. Cinq mois et demi riches en d\u00e9couvertes, en \u00e9changes et en r\u00e9flexions sur les enjeux de la formation. Le moment est venu de rentrer, m\u00eame si la caravane semble vouloir prolonger encore un peu l\u2019aventure\u2026<\/p>\n\n\n\n<h3 class=\"wp-block-heading\">Historique des photos<\/h3>\n\n\n\n<ul class=\"wp-block-list\">\n<li><a href=\"https:\/\/ia-dev.hes-so.ch\/ona\/photos\/brasov\/\" data-type=\"page\" data-id=\"1164\">Bra\u0219ov<\/a><\/li>\n\n\n\n<li><a href=\"https:\/\/ia-dev.hes-so.ch\/ona\/photos\/brescia\/\" data-type=\"page\" data-id=\"1178\">Brescia<\/a><\/li>\n\n\n\n<li><a href=\"https:\/\/ia-dev.hes-so.ch\/ona\/photos\/turin\/\" data-type=\"page\" data-id=\"1226\">Turin<\/a><\/li>\n\n\n\n<li><a href=\"https:\/\/ia-dev.hes-so.ch\/ona\/photos\/chambery\/\" data-type=\"page\" data-id=\"1282\">Chamb\u00e9ry<\/a><\/li>\n\n\n\n<li><a href=\"https:\/\/ia-dev.hes-so.ch\/ona\/photos\/lyon\/\" data-type=\"page\" data-id=\"1287\">Lyon<\/a><\/li>\n\n\n\n<li><a href=\"https:\/\/ia-dev.hes-so.ch\/ona\/photos\/limoges\/\" data-type=\"page\" data-id=\"1401\">Limoges<\/a><\/li>\n\n\n\n<li><a href=\"https:\/\/ia-dev.hes-so.ch\/ona\/photos\/albi\/\" data-type=\"page\" data-id=\"1470\">Albi<\/a><\/li>\n\n\n\n<li><a href=\"https:\/\/ia-dev.hes-so.ch\/ona\/photos\/pau\/\" data-type=\"page\" data-id=\"1473\">Pau<\/a><\/li>\n\n\n\n<li><a href=\"https:\/\/ia-dev.hes-so.ch\/ona\/photos\/pampelune\/\" data-type=\"page\" data-id=\"1478\">Pampelune<\/a><\/li>\n\n\n\n<li><a href=\"https:\/\/ia-dev.hes-so.ch\/ona\/photos\/cork\/\" data-type=\"page\" data-id=\"1484\">Cork<\/a><\/li>\n\n\n\n<li><a href=\"https:\/\/ia-dev.hes-so.ch\/ona\/photos\/dublin\/\" data-type=\"page\" data-id=\"1487\">Dublin<\/a><\/li>\n\n\n\n<li><a href=\"https:\/\/ia-dev.hes-so.ch\/ona\/photos\/galway\/\" data-type=\"page\" data-id=\"1490\">Galway<\/a><\/li>\n\n\n\n<li><a href=\"https:\/\/ia-dev.hes-so.ch\/ona\/photos\/irlande-du-nord\/\" data-type=\"page\" data-id=\"1754\">Irlande du Nord<\/a><\/li>\n\n\n\n<li><a href=\"https:\/\/ia-dev.hes-so.ch\/ona\/photos\/region-de-glasgow\/\" data-type=\"page\" data-id=\"1773\">R\u00e9gion de Glasgow<\/a><\/li>\n\n\n\n<li><a href=\"https:\/\/ia-dev.hes-so.ch\/ona\/photos\/region-de-inverness\/\" data-type=\"page\" data-id=\"1778\">R\u00e9gion de Inverness<\/a><\/li>\n\n\n\n<li><a href=\"https:\/\/ia-dev.hes-so.ch\/ona\/photos\/edimbourg\/\" data-type=\"page\" data-id=\"1783\">\u00c9dimbourg<\/a><\/li>\n\n\n\n<li><a href=\"https:\/\/ia-dev.hes-so.ch\/ona\/photos\/sheffield\/\" data-type=\"page\" data-id=\"1786\">Sheffield<\/a><\/li>\n\n\n\n<li><a href=\"https:\/\/ia-dev.hes-so.ch\/ona\/photos\/bruges\/\" data-type=\"page\" data-id=\"1961\">Bruges<\/a><\/li>\n\n\n\n<li><a href=\"https:\/\/ia-dev.hes-so.ch\/ona\/photos\/bruxelles\/\" data-type=\"page\" data-id=\"2015\">Bruxelles<\/a><\/li>\n\n\n\n<li><a href=\"https:\/\/ia-dev.hes-so.ch\/ona\/photos\/namur\/\" data-type=\"page\" data-id=\"1788\">Namur<\/a><\/li>\n\n\n\n<li><a href=\"https:\/\/ia-dev.hes-so.ch\/ona\/photos\/charleroi\/\" data-type=\"page\" data-id=\"1790\">Charleroi<\/a><\/li>\n\n\n\n<li><a href=\"https:\/\/ia-dev.hes-so.ch\/ona\/photos\/leeuwarden\/\" data-type=\"page\" data-id=\"1792\">Leeuwarden<\/a><\/li>\n\n\n\n<li><a href=\"https:\/\/ia-dev.hes-so.ch\/ona\/photos\/metz\/\" data-type=\"page\" data-id=\"1794\">Metz<\/a><\/li>\n<\/ul>\n\n\n\n<p><\/p>\n","protected":false},"excerpt":{"rendered":"<p>La photo du jour&#8230; Derni\u00e8re \u00e9tape du p\u00e9riple \u00e0 Metz\u2026 Les roues, un peu enlis\u00e9es dans la gadoue, t\u00e9moignent de [&hellip;]<\/p>\n","protected":false},"author":1,"featured_media":0,"parent":0,"menu_order":10,"comment_status":"closed","ping_status":"closed","template":"","meta":{"footnotes":""},"class_list":["post-173","page","type-page","status-publish","hentry"],"_links":{"self":[{"href":"https:\/\/ia-dev.hes-so.ch\/ona\/wp-json\/wp\/v2\/pages\/173","targetHints":{"allow":["GET"]}}],"collection":[{"href":"https:\/\/ia-dev.hes-so.ch\/ona\/wp-json\/wp\/v2\/pages"}],"about":[{"href":"https:\/\/ia-dev.hes-so.ch\/ona\/wp-json\/wp\/v2\/types\/page"}],"author":[{"embeddable":true,"href":"https:\/\/ia-dev.hes-so.ch\/ona\/wp-json\/wp\/v2\/users\/1"}],"replies":[{"embeddable":true,"href":"https:\/\/ia-dev.hes-so.ch\/ona\/wp-json\/wp\/v2\/comments?post=173"}],"version-history":[{"count":260,"href":"https:\/\/ia-dev.hes-so.ch\/ona\/wp-json\/wp\/v2\/pages\/173\/revisions"}],"predecessor-version":[{"id":2204,"href":"https:\/\/ia-dev.hes-so.ch\/ona\/wp-json\/wp\/v2\/pages\/173\/revisions\/2204"}],"wp:attachment":[{"href":"https:\/\/ia-dev.hes-so.ch\/ona\/wp-json\/wp\/v2\/media?parent=173"}],"curies":[{"name":"wp","href":"https:\/\/api.w.org\/{rel}","templated":true}]}}