{"id":1783,"date":"2025-08-17T16:40:19","date_gmt":"2025-08-17T14:40:19","guid":{"rendered":"https:\/\/ia-dev.hes-so.ch\/ona\/?page_id=1783"},"modified":"2025-08-27T09:46:03","modified_gmt":"2025-08-27T07:46:03","slug":"edimbourg","status":"publish","type":"page","link":"https:\/\/ia-dev.hes-so.ch\/ona\/photos\/edimbourg\/","title":{"rendered":"\u00c9dimbourg"},"content":{"rendered":"\n<p><strong>1<sup>er<\/sup> jour<\/strong><\/p>\n\n\n\n<figure class=\"wp-block-image size-large\"><img loading=\"lazy\" decoding=\"async\" width=\"978\" height=\"1024\" src=\"https:\/\/ia-dev.hes-so.ch\/ona\/wp-content\/uploads\/2025\/08\/01-Chapelle-de-Rosslyn-978x1024.jpg\" alt=\"\" class=\"wp-image-1837\" srcset=\"https:\/\/ia-dev.hes-so.ch\/ona\/wp-content\/uploads\/2025\/08\/01-Chapelle-de-Rosslyn-978x1024.jpg 978w, https:\/\/ia-dev.hes-so.ch\/ona\/wp-content\/uploads\/2025\/08\/01-Chapelle-de-Rosslyn-286x300.jpg 286w, https:\/\/ia-dev.hes-so.ch\/ona\/wp-content\/uploads\/2025\/08\/01-Chapelle-de-Rosslyn-768x804.jpg 768w, https:\/\/ia-dev.hes-so.ch\/ona\/wp-content\/uploads\/2025\/08\/01-Chapelle-de-Rosslyn-1467x1536.jpg 1467w, https:\/\/ia-dev.hes-so.ch\/ona\/wp-content\/uploads\/2025\/08\/01-Chapelle-de-Rosslyn-1955x2048.jpg 1955w\" sizes=\"auto, (max-width: 978px) 100vw, 978px\" \/><\/figure>\n\n\n\n<p>La chapelle de Rosslyn, \u00e9difi\u00e9e en 1446 \u00e0 proximit\u00e9 d\u2019\u00c9dimbourg, fascine par la richesse de son d\u00e9cor sculpt\u00e9 et le myst\u00e8re de ses symboles. Elle est devenue mondialement c\u00e9l\u00e8bre apr\u00e8s avoir servi de d\u00e9cor \u00e0 la derni\u00e8re sc\u00e8ne du film Da Vinci Code.<\/p>\n\n\n\n<p><strong>2<sup>\u00e8me<\/sup> jour<\/strong><\/p>\n\n\n\n<figure class=\"wp-block-image size-large\"><img loading=\"lazy\" decoding=\"async\" width=\"768\" height=\"1024\" src=\"https:\/\/ia-dev.hes-so.ch\/ona\/wp-content\/uploads\/2025\/08\/02-Image-du-Holyrood-Park-768x1024.jpg\" alt=\"\" class=\"wp-image-1838\" srcset=\"https:\/\/ia-dev.hes-so.ch\/ona\/wp-content\/uploads\/2025\/08\/02-Image-du-Holyrood-Park-768x1024.jpg 768w, https:\/\/ia-dev.hes-so.ch\/ona\/wp-content\/uploads\/2025\/08\/02-Image-du-Holyrood-Park-225x300.jpg 225w, https:\/\/ia-dev.hes-so.ch\/ona\/wp-content\/uploads\/2025\/08\/02-Image-du-Holyrood-Park-1152x1536.jpg 1152w, https:\/\/ia-dev.hes-so.ch\/ona\/wp-content\/uploads\/2025\/08\/02-Image-du-Holyrood-Park-1536x2048.jpg 1536w, https:\/\/ia-dev.hes-so.ch\/ona\/wp-content\/uploads\/2025\/08\/02-Image-du-Holyrood-Park-scaled.jpg 1920w\" sizes=\"auto, (max-width: 768px) 100vw, 768px\" \/><\/figure>\n\n\n\n<p>Humour britannique \u00e0 Holyrood Park : un panneau pr\u00e9vient de ne pas gravir la colline\u2026 sauf si l\u2019on est poursuivi par une horde de zombies. Une recommandation que semblent ignorer les nombreux joggeurs en pleine ascension.<\/p>\n\n\n\n<p><strong>3<sup>\u00e8me<\/sup> jour<\/strong><\/p>\n\n\n\n<figure class=\"wp-block-image size-large\"><img loading=\"lazy\" decoding=\"async\" width=\"768\" height=\"1024\" src=\"https:\/\/ia-dev.hes-so.ch\/ona\/wp-content\/uploads\/2025\/08\/03-Jardin-botanique-royal-dEdimbourg-768x1024.jpg\" alt=\"\" class=\"wp-image-1839\" srcset=\"https:\/\/ia-dev.hes-so.ch\/ona\/wp-content\/uploads\/2025\/08\/03-Jardin-botanique-royal-dEdimbourg-768x1024.jpg 768w, https:\/\/ia-dev.hes-so.ch\/ona\/wp-content\/uploads\/2025\/08\/03-Jardin-botanique-royal-dEdimbourg-225x300.jpg 225w, https:\/\/ia-dev.hes-so.ch\/ona\/wp-content\/uploads\/2025\/08\/03-Jardin-botanique-royal-dEdimbourg-1152x1536.jpg 1152w, https:\/\/ia-dev.hes-so.ch\/ona\/wp-content\/uploads\/2025\/08\/03-Jardin-botanique-royal-dEdimbourg-1536x2048.jpg 1536w, https:\/\/ia-dev.hes-so.ch\/ona\/wp-content\/uploads\/2025\/08\/03-Jardin-botanique-royal-dEdimbourg-scaled.jpg 1920w\" sizes=\"auto, (max-width: 768px) 100vw, 768px\" \/><\/figure>\n\n\n\n<p>Moment de r\u00e9flexion au c\u0153ur du jardin botanique royal d\u2019\u00c9dimbourg, o\u00f9 l\u2019art contemporain dialogue avec la nature environnante.<\/p>\n\n\n\n<p><strong>4<sup>\u00e8me<\/sup> jour<\/strong><\/p>\n\n\n\n<figure class=\"wp-block-image size-large\"><img loading=\"lazy\" decoding=\"async\" width=\"768\" height=\"1024\" src=\"https:\/\/ia-dev.hes-so.ch\/ona\/wp-content\/uploads\/2025\/08\/04-Jardins-du-Chateau-de-Lauriston-768x1024.jpg\" alt=\"\" class=\"wp-image-1840\" srcset=\"https:\/\/ia-dev.hes-so.ch\/ona\/wp-content\/uploads\/2025\/08\/04-Jardins-du-Chateau-de-Lauriston-768x1024.jpg 768w, https:\/\/ia-dev.hes-so.ch\/ona\/wp-content\/uploads\/2025\/08\/04-Jardins-du-Chateau-de-Lauriston-225x300.jpg 225w, https:\/\/ia-dev.hes-so.ch\/ona\/wp-content\/uploads\/2025\/08\/04-Jardins-du-Chateau-de-Lauriston-1152x1536.jpg 1152w, https:\/\/ia-dev.hes-so.ch\/ona\/wp-content\/uploads\/2025\/08\/04-Jardins-du-Chateau-de-Lauriston-1536x2048.jpg 1536w, https:\/\/ia-dev.hes-so.ch\/ona\/wp-content\/uploads\/2025\/08\/04-Jardins-du-Chateau-de-Lauriston-scaled.jpg 1920w\" sizes=\"auto, (max-width: 768px) 100vw, 768px\" \/><\/figure>\n\n\n\n<p>Dans les jardins du ch\u00e2teau de Lauriston, une grille ouvrag\u00e9e s\u2019ouvre sur une perspective unique, laissant appara\u00eetre au loin l\u2019abbaye d\u2019Inchcolm.<\/p>\n\n\n\n<p><strong>5<sup>\u00e8me<\/sup> jour<\/strong><\/p>\n\n\n\n<figure class=\"wp-block-image size-large\"><img loading=\"lazy\" decoding=\"async\" width=\"1024\" height=\"768\" src=\"https:\/\/ia-dev.hes-so.ch\/ona\/wp-content\/uploads\/2025\/08\/05-Holyrood-Park-vu-depuis-le-Chateau-de-Craigmillar-1024x768.jpg\" alt=\"\" class=\"wp-image-1841\" srcset=\"https:\/\/ia-dev.hes-so.ch\/ona\/wp-content\/uploads\/2025\/08\/05-Holyrood-Park-vu-depuis-le-Chateau-de-Craigmillar-1024x768.jpg 1024w, https:\/\/ia-dev.hes-so.ch\/ona\/wp-content\/uploads\/2025\/08\/05-Holyrood-Park-vu-depuis-le-Chateau-de-Craigmillar-300x225.jpg 300w, https:\/\/ia-dev.hes-so.ch\/ona\/wp-content\/uploads\/2025\/08\/05-Holyrood-Park-vu-depuis-le-Chateau-de-Craigmillar-768x576.jpg 768w, https:\/\/ia-dev.hes-so.ch\/ona\/wp-content\/uploads\/2025\/08\/05-Holyrood-Park-vu-depuis-le-Chateau-de-Craigmillar-1536x1152.jpg 1536w, https:\/\/ia-dev.hes-so.ch\/ona\/wp-content\/uploads\/2025\/08\/05-Holyrood-Park-vu-depuis-le-Chateau-de-Craigmillar-2048x1536.jpg 2048w\" sizes=\"auto, (max-width: 1024px) 100vw, 1024px\" \/><\/figure>\n\n\n\n<p>Vue sur Holyrood Park et Arthur\u2019s Seat depuis le ch\u00e2teau de Craigmillar, marqu\u00e9s par l\u2019incendie qui a r\u00e9cemment touch\u00e9 le site, faisant appara\u00eetre les reliefs sombres de la colline volcanique.<\/p>\n\n\n\n<p><strong>6<sup>\u00e8me<\/sup> jour<\/strong><\/p>\n\n\n\n<figure class=\"wp-block-image size-large\"><img loading=\"lazy\" decoding=\"async\" width=\"836\" height=\"1024\" src=\"https:\/\/ia-dev.hes-so.ch\/ona\/wp-content\/uploads\/2025\/08\/06-Panda-au-Zoo-dEdimbourg-836x1024.jpg\" alt=\"\" class=\"wp-image-1842\" srcset=\"https:\/\/ia-dev.hes-so.ch\/ona\/wp-content\/uploads\/2025\/08\/06-Panda-au-Zoo-dEdimbourg-836x1024.jpg 836w, https:\/\/ia-dev.hes-so.ch\/ona\/wp-content\/uploads\/2025\/08\/06-Panda-au-Zoo-dEdimbourg-245x300.jpg 245w, https:\/\/ia-dev.hes-so.ch\/ona\/wp-content\/uploads\/2025\/08\/06-Panda-au-Zoo-dEdimbourg-768x940.jpg 768w, https:\/\/ia-dev.hes-so.ch\/ona\/wp-content\/uploads\/2025\/08\/06-Panda-au-Zoo-dEdimbourg-1254x1536.jpg 1254w, https:\/\/ia-dev.hes-so.ch\/ona\/wp-content\/uploads\/2025\/08\/06-Panda-au-Zoo-dEdimbourg-1673x2048.jpg 1673w, https:\/\/ia-dev.hes-so.ch\/ona\/wp-content\/uploads\/2025\/08\/06-Panda-au-Zoo-dEdimbourg.jpg 2005w\" sizes=\"auto, (max-width: 836px) 100vw, 836px\" \/><\/figure>\n\n\n\n<p>Petite halte reposante au zoo d\u2019\u00c9dimbourg avant ma visite \u00e0 Edinburgh Napier University, sous le regard attentif d\u2019un koala semblant observer les visiteurs.<\/p>\n\n\n\n<p><strong>7<sup>\u00e8me<\/sup> jour<\/strong><\/p>\n\n\n\n<figure class=\"wp-block-image size-large\"><img loading=\"lazy\" decoding=\"async\" width=\"1024\" height=\"870\" src=\"https:\/\/ia-dev.hes-so.ch\/ona\/wp-content\/uploads\/2025\/08\/07-Edinburgh-Napier-University-1024x870.jpeg\" alt=\"\" class=\"wp-image-1899\" srcset=\"https:\/\/ia-dev.hes-so.ch\/ona\/wp-content\/uploads\/2025\/08\/07-Edinburgh-Napier-University-1024x870.jpeg 1024w, https:\/\/ia-dev.hes-so.ch\/ona\/wp-content\/uploads\/2025\/08\/07-Edinburgh-Napier-University-300x255.jpeg 300w, https:\/\/ia-dev.hes-so.ch\/ona\/wp-content\/uploads\/2025\/08\/07-Edinburgh-Napier-University-768x652.jpeg 768w, https:\/\/ia-dev.hes-so.ch\/ona\/wp-content\/uploads\/2025\/08\/07-Edinburgh-Napier-University-1536x1305.jpeg 1536w, https:\/\/ia-dev.hes-so.ch\/ona\/wp-content\/uploads\/2025\/08\/07-Edinburgh-Napier-University-2048x1740.jpeg 2048w\" sizes=\"auto, (max-width: 1024px) 100vw, 1024px\" \/><\/figure>\n\n\n\n<p>La maison historique de John Napier, inventeur des logarithmes, est int\u00e9gr\u00e9e au campus de l\u2019universit\u00e9. Cette connexion architecturale permet de passer directement de la b\u00e2tisse ancienne aux espaces modernes attenants. L\u2019\u00e9volution du b\u00e2timent, marqu\u00e9e par des diff\u00e9rences de niveaux et des extensions successives, illustre le dialogue entre patrimoine et modernit\u00e9 qui caract\u00e9rise l\u2019universit\u00e9.<\/p>\n\n\n\n<p><strong>8<sup>\u00e8me<\/sup> jour<\/strong><\/p>\n\n\n\n<figure class=\"wp-block-image size-large\"><img loading=\"lazy\" decoding=\"async\" width=\"768\" height=\"1024\" src=\"https:\/\/ia-dev.hes-so.ch\/ona\/wp-content\/uploads\/2025\/08\/08-Edinburgh-Napier-University-La-classe-dinformatique-768x1024.jpeg\" alt=\"\" class=\"wp-image-1900\" srcset=\"https:\/\/ia-dev.hes-so.ch\/ona\/wp-content\/uploads\/2025\/08\/08-Edinburgh-Napier-University-La-classe-dinformatique-768x1024.jpeg 768w, https:\/\/ia-dev.hes-so.ch\/ona\/wp-content\/uploads\/2025\/08\/08-Edinburgh-Napier-University-La-classe-dinformatique-225x300.jpeg 225w, https:\/\/ia-dev.hes-so.ch\/ona\/wp-content\/uploads\/2025\/08\/08-Edinburgh-Napier-University-La-classe-dinformatique-1152x1536.jpeg 1152w, https:\/\/ia-dev.hes-so.ch\/ona\/wp-content\/uploads\/2025\/08\/08-Edinburgh-Napier-University-La-classe-dinformatique-1536x2048.jpeg 1536w, https:\/\/ia-dev.hes-so.ch\/ona\/wp-content\/uploads\/2025\/08\/08-Edinburgh-Napier-University-La-classe-dinformatique-scaled.jpeg 1920w\" sizes=\"auto, (max-width: 768px) 100vw, 768px\" \/><\/figure>\n\n\n\n<p>L\u2019am\u00e9nagement moderne et color\u00e9 de la salle favorise le travail collaboratif. Les fauteuils confortables et les espaces modulables permettent aussi bien de programmer en petits groupes que d\u2019\u00e9changer de mani\u00e8re informelle, cr\u00e9ant un environnement propice \u00e0 l\u2019apprentissage actif.<\/p>\n\n\n\n<p><strong>9<sup>\u00e8me<\/sup> jour<\/strong> (27.08)<\/p>\n\n\n\n<figure class=\"wp-block-image size-large\"><img loading=\"lazy\" decoding=\"async\" width=\"1024\" height=\"653\" src=\"https:\/\/ia-dev.hes-so.ch\/ona\/wp-content\/uploads\/2025\/08\/09-Choisir-son-chemin-1024x653.jpeg\" alt=\"\" class=\"wp-image-1901\" srcset=\"https:\/\/ia-dev.hes-so.ch\/ona\/wp-content\/uploads\/2025\/08\/09-Choisir-son-chemin-1024x653.jpeg 1024w, https:\/\/ia-dev.hes-so.ch\/ona\/wp-content\/uploads\/2025\/08\/09-Choisir-son-chemin-300x191.jpeg 300w, https:\/\/ia-dev.hes-so.ch\/ona\/wp-content\/uploads\/2025\/08\/09-Choisir-son-chemin-768x490.jpeg 768w, https:\/\/ia-dev.hes-so.ch\/ona\/wp-content\/uploads\/2025\/08\/09-Choisir-son-chemin-1536x980.jpeg 1536w, https:\/\/ia-dev.hes-so.ch\/ona\/wp-content\/uploads\/2025\/08\/09-Choisir-son-chemin-2048x1306.jpeg 2048w\" sizes=\"auto, (max-width: 1024px) 100vw, 1024px\" \/><\/figure>\n\n\n\n<p>Le John Muir Way, l\u2019un des grands itin\u00e9raires de randonn\u00e9e \u00e9cossais, symbolise l\u2019importance des choix de parcours, qu\u2019ils soient acad\u00e9miques, professionnels ou personnels. L\u2019image rappelle la n\u00e9cessit\u00e9 de s\u2019orienter avec discernement et de rester fid\u00e8le \u00e0 ses objectifs. Et, comme toujours, mieux vaut v\u00e9rifier deux fois la direction avant de s\u2019engager\u2026<\/p>\n\n\n\n<p><\/p>\n\n\n\n<p>Lien vers la ville suivante : <a href=\"https:\/\/ia-dev.hes-so.ch\/ona\/photos\/sheffield\/\" data-type=\"page\" data-id=\"1786\">Sheffield<\/a><\/p>\n","protected":false},"excerpt":{"rendered":"<p>1er jour La chapelle de Rosslyn, \u00e9difi\u00e9e en 1446 \u00e0 proximit\u00e9 d\u2019\u00c9dimbourg, fascine par la richesse de son d\u00e9cor sculpt\u00e9 [&hellip;]<\/p>\n","protected":false},"author":1,"featured_media":0,"parent":173,"menu_order":26,"comment_status":"closed","ping_status":"closed","template":"","meta":{"footnotes":""},"class_list":["post-1783","page","type-page","status-publish","hentry"],"_links":{"self":[{"href":"https:\/\/ia-dev.hes-so.ch\/ona\/wp-json\/wp\/v2\/pages\/1783","targetHints":{"allow":["GET"]}}],"collection":[{"href":"https:\/\/ia-dev.hes-so.ch\/ona\/wp-json\/wp\/v2\/pages"}],"about":[{"href":"https:\/\/ia-dev.hes-so.ch\/ona\/wp-json\/wp\/v2\/types\/page"}],"author":[{"embeddable":true,"href":"https:\/\/ia-dev.hes-so.ch\/ona\/wp-json\/wp\/v2\/users\/1"}],"replies":[{"embeddable":true,"href":"https:\/\/ia-dev.hes-so.ch\/ona\/wp-json\/wp\/v2\/comments?post=1783"}],"version-history":[{"count":21,"href":"https:\/\/ia-dev.hes-so.ch\/ona\/wp-json\/wp\/v2\/pages\/1783\/revisions"}],"predecessor-version":[{"id":1917,"href":"https:\/\/ia-dev.hes-so.ch\/ona\/wp-json\/wp\/v2\/pages\/1783\/revisions\/1917"}],"up":[{"embeddable":true,"href":"https:\/\/ia-dev.hes-so.ch\/ona\/wp-json\/wp\/v2\/pages\/173"}],"wp:attachment":[{"href":"https:\/\/ia-dev.hes-so.ch\/ona\/wp-json\/wp\/v2\/media?parent=1783"}],"curies":[{"name":"wp","href":"https:\/\/api.w.org\/{rel}","templated":true}]}}