{"id":1786,"date":"2025-08-18T08:42:50","date_gmt":"2025-08-18T06:42:50","guid":{"rendered":"https:\/\/ia-dev.hes-so.ch\/ona\/?page_id=1786"},"modified":"2025-09-13T09:26:27","modified_gmt":"2025-09-13T07:26:27","slug":"sheffield","status":"publish","type":"page","link":"https:\/\/ia-dev.hes-so.ch\/ona\/photos\/sheffield\/","title":{"rendered":"Sheffield"},"content":{"rendered":"\n<p><strong>1<sup>er<\/sup> jour<\/strong><\/p>\n\n\n\n<figure class=\"wp-block-image size-large\"><img loading=\"lazy\" decoding=\"async\" width=\"1024\" height=\"648\" src=\"https:\/\/ia-dev.hes-so.ch\/ona\/wp-content\/uploads\/2025\/08\/01-Arrivee-en-Angleterre-1024x648.jpeg\" alt=\"\" class=\"wp-image-1902\" srcset=\"https:\/\/ia-dev.hes-so.ch\/ona\/wp-content\/uploads\/2025\/08\/01-Arrivee-en-Angleterre-1024x648.jpeg 1024w, https:\/\/ia-dev.hes-so.ch\/ona\/wp-content\/uploads\/2025\/08\/01-Arrivee-en-Angleterre-300x190.jpeg 300w, https:\/\/ia-dev.hes-so.ch\/ona\/wp-content\/uploads\/2025\/08\/01-Arrivee-en-Angleterre-768x486.jpeg 768w, https:\/\/ia-dev.hes-so.ch\/ona\/wp-content\/uploads\/2025\/08\/01-Arrivee-en-Angleterre-1536x972.jpeg 1536w, https:\/\/ia-dev.hes-so.ch\/ona\/wp-content\/uploads\/2025\/08\/01-Arrivee-en-Angleterre-2048x1296.jpeg 2048w\" sizes=\"auto, (max-width: 1024px) 100vw, 1024px\" \/><\/figure>\n\n\n\n<p>Premi\u00e8re halte anglaise sur la route de Sheffield, le White Water Camping \u00e0 Durham offre une immersion inattendue dans un univers \u00e0 la fois pittoresque et r\u00e9solument kitsch. Entre d\u00e9corations lumineuses, nains de jardin et ambiance f\u00e9erique, ce lieu traduit une certaine originalit\u00e9 britannique\u2026 qui ne manque pas de charme, ni d\u2019humour.<\/p>\n\n\n\n<p><strong>2<sup>\u00e8me<\/sup> jour<\/strong><\/p>\n\n\n\n<figure class=\"wp-block-image size-large\"><img loading=\"lazy\" decoding=\"async\" width=\"1024\" height=\"533\" src=\"https:\/\/ia-dev.hes-so.ch\/ona\/wp-content\/uploads\/2025\/08\/02-Region-de-Sheffield-1024x533.jpeg\" alt=\"\" class=\"wp-image-1923\" srcset=\"https:\/\/ia-dev.hes-so.ch\/ona\/wp-content\/uploads\/2025\/08\/02-Region-de-Sheffield-1024x533.jpeg 1024w, https:\/\/ia-dev.hes-so.ch\/ona\/wp-content\/uploads\/2025\/08\/02-Region-de-Sheffield-300x156.jpeg 300w, https:\/\/ia-dev.hes-so.ch\/ona\/wp-content\/uploads\/2025\/08\/02-Region-de-Sheffield-768x400.jpeg 768w, https:\/\/ia-dev.hes-so.ch\/ona\/wp-content\/uploads\/2025\/08\/02-Region-de-Sheffield-1536x800.jpeg 1536w, https:\/\/ia-dev.hes-so.ch\/ona\/wp-content\/uploads\/2025\/08\/02-Region-de-Sheffield-2048x1067.jpeg 2048w\" sizes=\"auto, (max-width: 1024px) 100vw, 1024px\" \/><\/figure>\n\n\n\n<p>Depuis la colline qui surplombe le Rother Valley Lake, la vue s\u2019\u00e9tend jusqu\u2019\u00e0 Sheffield au loin, entre campagne verdoyante et urbanisation. Le plan d\u2019eau offre une respiration au paysage et t\u00e9moigne de l\u2019importance des espaces naturels dans une r\u00e9gion fortement industrialis\u00e9e. Pourtant, derri\u00e8re l\u2019apparente qui\u00e9tude des lieux, les vrombissements des jet-skis rappellent que le silence absolu reste une denr\u00e9e rare\u2026 surtout \u00e0 deux pas d\u2019une grande ville.<\/p>\n\n\n\n<p><strong>3<sup>\u00e8me<\/sup> jour<\/strong><\/p>\n\n\n\n<figure class=\"wp-block-image size-large\"><img loading=\"lazy\" decoding=\"async\" width=\"1024\" height=\"703\" src=\"https:\/\/ia-dev.hes-so.ch\/ona\/wp-content\/uploads\/2025\/08\/03-Entree-de-lingenierie-a-lUniverite-de-Sheffield-1024x703.jpeg\" alt=\"\" class=\"wp-image-1924\" srcset=\"https:\/\/ia-dev.hes-so.ch\/ona\/wp-content\/uploads\/2025\/08\/03-Entree-de-lingenierie-a-lUniverite-de-Sheffield-1024x703.jpeg 1024w, https:\/\/ia-dev.hes-so.ch\/ona\/wp-content\/uploads\/2025\/08\/03-Entree-de-lingenierie-a-lUniverite-de-Sheffield-300x206.jpeg 300w, https:\/\/ia-dev.hes-so.ch\/ona\/wp-content\/uploads\/2025\/08\/03-Entree-de-lingenierie-a-lUniverite-de-Sheffield-768x527.jpeg 768w, https:\/\/ia-dev.hes-so.ch\/ona\/wp-content\/uploads\/2025\/08\/03-Entree-de-lingenierie-a-lUniverite-de-Sheffield-1536x1055.jpeg 1536w, https:\/\/ia-dev.hes-so.ch\/ona\/wp-content\/uploads\/2025\/08\/03-Entree-de-lingenierie-a-lUniverite-de-Sheffield-2048x1406.jpeg 2048w\" sizes=\"auto, (max-width: 1024px) 100vw, 1024px\" \/><\/figure>\n\n\n\n<p>L\u2019entr\u00e9e de la facult\u00e9 d\u2019ing\u00e9nierie de l\u2019Universit\u00e9 de Sheffield illustre parfaitement le dialogue entre patrimoine et modernit\u00e9. Les murs de briques rouges t\u00e9moignent de l\u2019histoire industrielle de la ville, tandis que la fa\u00e7ade en verre, aux lignes fluides, incarne l\u2019ouverture vers l\u2019innovation et la recherche contemporaine. Un contraste assum\u00e9 qui traduit aussi la capacit\u00e9 des universit\u00e9s britanniques \u00e0 conjuguer h\u00e9ritage et avenir.<\/p>\n\n\n\n<p><strong>4<sup>\u00e8me<\/sup> jour<\/strong><\/p>\n\n\n\n<figure class=\"wp-block-image size-large\"><img loading=\"lazy\" decoding=\"async\" width=\"768\" height=\"1024\" src=\"https:\/\/ia-dev.hes-so.ch\/ona\/wp-content\/uploads\/2025\/08\/04-Ingenierie-a-lUniverite-de-Sheffield-768x1024.jpeg\" alt=\"\" class=\"wp-image-1925\" srcset=\"https:\/\/ia-dev.hes-so.ch\/ona\/wp-content\/uploads\/2025\/08\/04-Ingenierie-a-lUniverite-de-Sheffield-768x1024.jpeg 768w, https:\/\/ia-dev.hes-so.ch\/ona\/wp-content\/uploads\/2025\/08\/04-Ingenierie-a-lUniverite-de-Sheffield-225x300.jpeg 225w, https:\/\/ia-dev.hes-so.ch\/ona\/wp-content\/uploads\/2025\/08\/04-Ingenierie-a-lUniverite-de-Sheffield-1152x1536.jpeg 1152w, https:\/\/ia-dev.hes-so.ch\/ona\/wp-content\/uploads\/2025\/08\/04-Ingenierie-a-lUniverite-de-Sheffield-1536x2048.jpeg 1536w, https:\/\/ia-dev.hes-so.ch\/ona\/wp-content\/uploads\/2025\/08\/04-Ingenierie-a-lUniverite-de-Sheffield-scaled.jpeg 1920w\" sizes=\"auto, (max-width: 768px) 100vw, 768px\" \/><\/figure>\n\n\n\n<p>\u00c0 l\u2019int\u00e9rieur, l\u2019ancien passage reliant les b\u00e2timents a \u00e9t\u00e9 transform\u00e9 en un vaste atrium couvert d\u2019une verri\u00e8re moderne. Cet espace lumineux accueille d\u00e9sormais une caf\u00e9t\u00e9ria et des zones de rencontre, favorisant les \u00e9changes informels entre \u00e9tudiantes, \u00e9tudiants et membres du corps professoral. Ici encore, l\u2019architecture illustre l\u2019id\u00e9e d\u2019un lieu de savoir qui conjugue m\u00e9moire du pass\u00e9 et ouverture vers l\u2019avenir.<\/p>\n\n\n\n<p><strong>5<sup>\u00e8me<\/sup> jour<\/strong><\/p>\n\n\n\n<figure class=\"wp-block-image size-large\"><img loading=\"lazy\" decoding=\"async\" width=\"1024\" height=\"692\" src=\"https:\/\/ia-dev.hes-so.ch\/ona\/wp-content\/uploads\/2025\/08\/05-The-Diamond-Universite-de-Sheffield-1024x692.jpeg\" alt=\"\" class=\"wp-image-1926\" srcset=\"https:\/\/ia-dev.hes-so.ch\/ona\/wp-content\/uploads\/2025\/08\/05-The-Diamond-Universite-de-Sheffield-1024x692.jpeg 1024w, https:\/\/ia-dev.hes-so.ch\/ona\/wp-content\/uploads\/2025\/08\/05-The-Diamond-Universite-de-Sheffield-300x203.jpeg 300w, https:\/\/ia-dev.hes-so.ch\/ona\/wp-content\/uploads\/2025\/08\/05-The-Diamond-Universite-de-Sheffield-768x519.jpeg 768w, https:\/\/ia-dev.hes-so.ch\/ona\/wp-content\/uploads\/2025\/08\/05-The-Diamond-Universite-de-Sheffield-1536x1038.jpeg 1536w, https:\/\/ia-dev.hes-so.ch\/ona\/wp-content\/uploads\/2025\/08\/05-The-Diamond-Universite-de-Sheffield-2048x1385.jpeg 2048w\" sizes=\"auto, (max-width: 1024px) 100vw, 1024px\" \/><\/figure>\n\n\n\n<p>Le \u00ab Diamond \u00bb de l\u2019Universit\u00e9 de Sheffield est un b\u00e2timent embl\u00e9matique de la facult\u00e9 d\u2019ing\u00e9nierie, reconnaissable \u00e0 sa fa\u00e7ade en treillis g\u00e9om\u00e9trique. Con\u00e7u pour l\u2019apprentissage pratique, il regroupe les laboratoires p\u00e9dagogiques destin\u00e9s aux \u00e9tudiantes et \u00e9tudiants en ing\u00e9nierie et en g\u00e9nie chimique. Ce lieu central illustre la volont\u00e9 de l\u2019institution d\u2019offrir une formation de haut niveau, fond\u00e9e sur l\u2019exp\u00e9rimentation et la mise en pratique des savoirs.<\/p>\n\n\n\n<p><strong>6<sup>\u00e8me<\/sup> jour<\/strong><\/p>\n\n\n\n<figure class=\"wp-block-image size-large\"><img loading=\"lazy\" decoding=\"async\" width=\"1024\" height=\"744\" src=\"https:\/\/ia-dev.hes-so.ch\/ona\/wp-content\/uploads\/2025\/08\/06-Interieur-du-Diamond-1024x744.jpeg\" alt=\"\" class=\"wp-image-1927\" srcset=\"https:\/\/ia-dev.hes-so.ch\/ona\/wp-content\/uploads\/2025\/08\/06-Interieur-du-Diamond-1024x744.jpeg 1024w, https:\/\/ia-dev.hes-so.ch\/ona\/wp-content\/uploads\/2025\/08\/06-Interieur-du-Diamond-300x218.jpeg 300w, https:\/\/ia-dev.hes-so.ch\/ona\/wp-content\/uploads\/2025\/08\/06-Interieur-du-Diamond-768x558.jpeg 768w, https:\/\/ia-dev.hes-so.ch\/ona\/wp-content\/uploads\/2025\/08\/06-Interieur-du-Diamond-1536x1116.jpeg 1536w, https:\/\/ia-dev.hes-so.ch\/ona\/wp-content\/uploads\/2025\/08\/06-Interieur-du-Diamond-2048x1488.jpeg 2048w\" sizes=\"auto, (max-width: 1024px) 100vw, 1024px\" \/><\/figure>\n\n\n\n<p>\u00c0 l\u2019int\u00e9rieur du \u00ab Diamond \u00bb, la lumi\u00e8re naturelle traverse un vaste puits central et met en valeur la structure apparente du b\u00e2timent. Les passerelles, escaliers en colima\u00e7on et niveaux interm\u00e9diaires rythment l\u2019espace et relient les diff\u00e9rents plateaux. Les am\u00e9nagements favorisent autant le travail en groupe que l\u2019\u00e9tude individuelle, offrant un cadre \u00e0 la fois ouvert et fonctionnel, pens\u00e9 pour stimuler les \u00e9changes et la cr\u00e9ativit\u00e9 des \u00e9tudiantes et \u00e9tudiants.<\/p>\n\n\n\n<p><strong>7<sup>\u00e8me<\/sup> jour<\/strong><\/p>\n\n\n\n<figure class=\"wp-block-image size-large\"><img loading=\"lazy\" decoding=\"async\" width=\"1024\" height=\"421\" src=\"https:\/\/ia-dev.hes-so.ch\/ona\/wp-content\/uploads\/2025\/08\/07-Analyse-des-tensions-dans-un-materiau-1024x421.jpeg\" alt=\"\" class=\"wp-image-1928\" srcset=\"https:\/\/ia-dev.hes-so.ch\/ona\/wp-content\/uploads\/2025\/08\/07-Analyse-des-tensions-dans-un-materiau-1024x421.jpeg 1024w, https:\/\/ia-dev.hes-so.ch\/ona\/wp-content\/uploads\/2025\/08\/07-Analyse-des-tensions-dans-un-materiau-300x123.jpeg 300w, https:\/\/ia-dev.hes-so.ch\/ona\/wp-content\/uploads\/2025\/08\/07-Analyse-des-tensions-dans-un-materiau-768x315.jpeg 768w, https:\/\/ia-dev.hes-so.ch\/ona\/wp-content\/uploads\/2025\/08\/07-Analyse-des-tensions-dans-un-materiau-1536x631.jpeg 1536w, https:\/\/ia-dev.hes-so.ch\/ona\/wp-content\/uploads\/2025\/08\/07-Analyse-des-tensions-dans-un-materiau-2048x841.jpeg 2048w\" sizes=\"auto, (max-width: 1024px) 100vw, 1024px\" \/><\/figure>\n\n\n\n<p>Cette exp\u00e9rience illustre de mani\u00e8re concr\u00e8te l\u2019\u00e9tude des contraintes dans un mat\u00e9riau. \u00c0 gauche, l\u2019\u00e9chantillon appara\u00eet tel quel, tandis qu\u2019\u00e0 droite, l\u2019usage d\u2019un filtre polarisant r\u00e9v\u00e8le les zones de concentration des efforts. Gr\u00e2ce aux vis de serrage, il est possible d\u2019appliquer progressivement des forces et d\u2019observer la r\u00e9partition et le d\u00e9placement des contraintes. Un dispositif p\u00e9dagogique classique pour les \u00e9tudiantes et \u00e9tudiants en m\u00e9canique et en g\u00e9nie civil, qui relie de fa\u00e7on visuelle et intuitive la th\u00e9orie des mat\u00e9riaux \u00e0 sa d\u00e9monstration pratique.<\/p>\n\n\n\n<p><strong>8<sup>\u00e8me<\/sup> jour<\/strong><\/p>\n\n\n\n<figure class=\"wp-block-image size-large\"><img loading=\"lazy\" decoding=\"async\" width=\"799\" height=\"1024\" src=\"https:\/\/ia-dev.hes-so.ch\/ona\/wp-content\/uploads\/2025\/08\/08-Analyse-de-la-structure-dun-pont-799x1024.jpeg\" alt=\"\" class=\"wp-image-1929\" srcset=\"https:\/\/ia-dev.hes-so.ch\/ona\/wp-content\/uploads\/2025\/08\/08-Analyse-de-la-structure-dun-pont-799x1024.jpeg 799w, https:\/\/ia-dev.hes-so.ch\/ona\/wp-content\/uploads\/2025\/08\/08-Analyse-de-la-structure-dun-pont-234x300.jpeg 234w, https:\/\/ia-dev.hes-so.ch\/ona\/wp-content\/uploads\/2025\/08\/08-Analyse-de-la-structure-dun-pont-768x985.jpeg 768w, https:\/\/ia-dev.hes-so.ch\/ona\/wp-content\/uploads\/2025\/08\/08-Analyse-de-la-structure-dun-pont-1198x1536.jpeg 1198w, https:\/\/ia-dev.hes-so.ch\/ona\/wp-content\/uploads\/2025\/08\/08-Analyse-de-la-structure-dun-pont-1597x2048.jpeg 1597w, https:\/\/ia-dev.hes-so.ch\/ona\/wp-content\/uploads\/2025\/08\/08-Analyse-de-la-structure-dun-pont-scaled.jpeg 1997w\" sizes=\"auto, (max-width: 799px) 100vw, 799px\" \/><\/figure>\n\n\n\n<p>Cette exp\u00e9rience illustre la construction et l\u2019analyse de la stabilit\u00e9 d\u2019un pont en briques. Une fois l\u2019arc assembl\u00e9, le support violet est retir\u00e9 et une charge croissante est appliqu\u00e9e jusqu\u2019\u00e0 l\u2019effondrement de la structure. L\u2019exercice, destin\u00e9 aux \u00e9tudiantes et \u00e9tudiants en g\u00e9nie civil, permet d\u2019exp\u00e9rimenter de mani\u00e8re directe les principes de r\u00e9sistance et de rupture. Une d\u00e9monstration convaincante qu\u2019avec des moyens simples, on peut b\u00e2tir\u2026 et d\u00e9truire, un pont complet.<\/p>\n\n\n\n<p><\/p>\n\n\n\n<p>Lien vers la ville suivante : <a href=\"https:\/\/ia-dev.hes-so.ch\/ona\/photos\/bruges\/\" data-type=\"page\" data-id=\"1961\">Bruges<\/a><\/p>\n","protected":false},"excerpt":{"rendered":"<p>1er jour Premi\u00e8re halte anglaise sur la route de Sheffield, le White Water Camping \u00e0 Durham offre une immersion inattendue [&hellip;]<\/p>\n","protected":false},"author":1,"featured_media":0,"parent":173,"menu_order":27,"comment_status":"closed","ping_status":"closed","template":"","meta":{"footnotes":""},"class_list":["post-1786","page","type-page","status-publish","hentry"],"_links":{"self":[{"href":"https:\/\/ia-dev.hes-so.ch\/ona\/wp-json\/wp\/v2\/pages\/1786","targetHints":{"allow":["GET"]}}],"collection":[{"href":"https:\/\/ia-dev.hes-so.ch\/ona\/wp-json\/wp\/v2\/pages"}],"about":[{"href":"https:\/\/ia-dev.hes-so.ch\/ona\/wp-json\/wp\/v2\/types\/page"}],"author":[{"embeddable":true,"href":"https:\/\/ia-dev.hes-so.ch\/ona\/wp-json\/wp\/v2\/users\/1"}],"replies":[{"embeddable":true,"href":"https:\/\/ia-dev.hes-so.ch\/ona\/wp-json\/wp\/v2\/comments?post=1786"}],"version-history":[{"count":19,"href":"https:\/\/ia-dev.hes-so.ch\/ona\/wp-json\/wp\/v2\/pages\/1786\/revisions"}],"predecessor-version":[{"id":2028,"href":"https:\/\/ia-dev.hes-so.ch\/ona\/wp-json\/wp\/v2\/pages\/1786\/revisions\/2028"}],"up":[{"embeddable":true,"href":"https:\/\/ia-dev.hes-so.ch\/ona\/wp-json\/wp\/v2\/pages\/173"}],"wp:attachment":[{"href":"https:\/\/ia-dev.hes-so.ch\/ona\/wp-json\/wp\/v2\/media?parent=1786"}],"curies":[{"name":"wp","href":"https:\/\/api.w.org\/{rel}","templated":true}]}}