{"id":1788,"date":"2025-09-24T12:38:05","date_gmt":"2025-09-24T10:38:05","guid":{"rendered":"https:\/\/ia-dev.hes-so.ch\/ona\/?page_id=1788"},"modified":"2025-09-29T10:48:46","modified_gmt":"2025-09-29T08:48:46","slug":"namur","status":"publish","type":"page","link":"https:\/\/ia-dev.hes-so.ch\/ona\/photos\/namur\/","title":{"rendered":"Namur"},"content":{"rendered":"\n<p><strong>1<sup>er<\/sup> jour<\/strong><\/p>\n\n\n\n<figure class=\"wp-block-image size-large\"><img loading=\"lazy\" decoding=\"async\" width=\"909\" height=\"1024\" src=\"https:\/\/ia-dev.hes-so.ch\/ona\/wp-content\/uploads\/2025\/09\/01-Namur-909x1024.jpeg\" alt=\"\" class=\"wp-image-2029\" srcset=\"https:\/\/ia-dev.hes-so.ch\/ona\/wp-content\/uploads\/2025\/09\/01-Namur-909x1024.jpeg 909w, https:\/\/ia-dev.hes-so.ch\/ona\/wp-content\/uploads\/2025\/09\/01-Namur-266x300.jpeg 266w, https:\/\/ia-dev.hes-so.ch\/ona\/wp-content\/uploads\/2025\/09\/01-Namur-768x865.jpeg 768w, https:\/\/ia-dev.hes-so.ch\/ona\/wp-content\/uploads\/2025\/09\/01-Namur-1363x1536.jpeg 1363w, https:\/\/ia-dev.hes-so.ch\/ona\/wp-content\/uploads\/2025\/09\/01-Namur-1818x2048.jpeg 1818w\" sizes=\"auto, (max-width: 909px) 100vw, 909px\" \/><\/figure>\n\n\n\n<p>Le t\u00e9l\u00e9ph\u00e9rique relie d\u00e9sormais le centre historique de Namur \u00e0 sa Citadelle, renouant avec une longue tradition de transport par c\u00e2ble d\u00e9but\u00e9e d\u00e8s 1898. Apr\u00e8s le funiculaire, puis la premi\u00e8re t\u00e9l\u00e9cabine exploit\u00e9e de 1957 \u00e0 1997, l\u2019installation actuelle inaugur\u00e9e en 2021 incarne \u00e0 la fois un outil touristique et un moyen de transport urbain. Entre patrimoine, ing\u00e9nierie et modernit\u00e9\u2026 un petit air de Suisse au c\u0153ur de la Wallonie !<\/p>\n\n\n\n<p><strong>2<sup>\u00e8me<\/sup> jour<\/strong><\/p>\n\n\n\n<figure class=\"wp-block-image size-large\"><img loading=\"lazy\" decoding=\"async\" width=\"1024\" height=\"713\" src=\"https:\/\/ia-dev.hes-so.ch\/ona\/wp-content\/uploads\/2025\/09\/02-Universite-de-Namur-dans-larsenal-1024x713.jpeg\" alt=\"\" class=\"wp-image-2030\" srcset=\"https:\/\/ia-dev.hes-so.ch\/ona\/wp-content\/uploads\/2025\/09\/02-Universite-de-Namur-dans-larsenal-1024x713.jpeg 1024w, https:\/\/ia-dev.hes-so.ch\/ona\/wp-content\/uploads\/2025\/09\/02-Universite-de-Namur-dans-larsenal-300x209.jpeg 300w, https:\/\/ia-dev.hes-so.ch\/ona\/wp-content\/uploads\/2025\/09\/02-Universite-de-Namur-dans-larsenal-768x534.jpeg 768w, https:\/\/ia-dev.hes-so.ch\/ona\/wp-content\/uploads\/2025\/09\/02-Universite-de-Namur-dans-larsenal-1536x1069.jpeg 1536w, https:\/\/ia-dev.hes-so.ch\/ona\/wp-content\/uploads\/2025\/09\/02-Universite-de-Namur-dans-larsenal-2048x1425.jpeg 2048w\" sizes=\"auto, (max-width: 1024px) 100vw, 1024px\" \/><\/figure>\n\n\n\n<p>Construit par Vauban en 1692 pour stocker les munitions, l\u2019Arsenal de Namur a travers\u00e9 les si\u00e8cles avec ses murs \u00e9pais et sa charpente en ch\u00eane. Restaur\u00e9 par l\u2019Universit\u00e9 de Namur dans les ann\u00e9es 1980, il est aujourd\u2019hui un lieu de rencontre et d\u2019\u00e9changes entre les corps estudiantin et professoral. Quand le savoir remplace la poudre, \u00e7a fait tout de suite moins de bruit et c&rsquo;est plus utile !<\/p>\n\n\n\n<p><strong>3<sup>\u00e8me<\/sup> jour<\/strong><\/p>\n\n\n\n<figure class=\"wp-block-image size-large\"><img loading=\"lazy\" decoding=\"async\" width=\"1024\" height=\"611\" src=\"https:\/\/ia-dev.hes-so.ch\/ona\/wp-content\/uploads\/2025\/09\/03-Universite-de-Namur-dans-une-extension-moderne-1024x611.jpeg\" alt=\"\" class=\"wp-image-2031\" srcset=\"https:\/\/ia-dev.hes-so.ch\/ona\/wp-content\/uploads\/2025\/09\/03-Universite-de-Namur-dans-une-extension-moderne-1024x611.jpeg 1024w, https:\/\/ia-dev.hes-so.ch\/ona\/wp-content\/uploads\/2025\/09\/03-Universite-de-Namur-dans-une-extension-moderne-300x179.jpeg 300w, https:\/\/ia-dev.hes-so.ch\/ona\/wp-content\/uploads\/2025\/09\/03-Universite-de-Namur-dans-une-extension-moderne-768x458.jpeg 768w, https:\/\/ia-dev.hes-so.ch\/ona\/wp-content\/uploads\/2025\/09\/03-Universite-de-Namur-dans-une-extension-moderne-1536x917.jpeg 1536w, https:\/\/ia-dev.hes-so.ch\/ona\/wp-content\/uploads\/2025\/09\/03-Universite-de-Namur-dans-une-extension-moderne-2048x1223.jpeg 2048w\" sizes=\"auto, (max-width: 1024px) 100vw, 1024px\" \/><\/figure>\n\n\n\n<p>Face \u00e0 l\u2019Arsenal, le Centre social des Facult\u00e9s affiche une architecture moderne et \u00e9pur\u00e9e, avec ses lignes droites et son toit plat, en contraste assum\u00e9 avec la pierre historique. L\u2019ensemble cr\u00e9e un dialogue r\u00e9ussi entre patrimoine et innovation, reflet de la capacit\u00e9 de l\u2019Universit\u00e9 de Namur \u00e0 conjuguer m\u00e9moire et avenir. Un lieu o\u00f9 l\u2019on r\u00e9vise avec plaisir\u2026<\/p>\n\n\n\n<p><strong>4<sup>\u00e8me<\/sup> jour<\/strong><\/p>\n\n\n\n<figure class=\"wp-block-image size-large\"><img loading=\"lazy\" decoding=\"async\" width=\"1024\" height=\"613\" src=\"https:\/\/ia-dev.hes-so.ch\/ona\/wp-content\/uploads\/2025\/09\/04-Universite-de-Namur-1024x613.jpeg\" alt=\"\" class=\"wp-image-2032\" srcset=\"https:\/\/ia-dev.hes-so.ch\/ona\/wp-content\/uploads\/2025\/09\/04-Universite-de-Namur-1024x613.jpeg 1024w, https:\/\/ia-dev.hes-so.ch\/ona\/wp-content\/uploads\/2025\/09\/04-Universite-de-Namur-300x179.jpeg 300w, https:\/\/ia-dev.hes-so.ch\/ona\/wp-content\/uploads\/2025\/09\/04-Universite-de-Namur-768x459.jpeg 768w, https:\/\/ia-dev.hes-so.ch\/ona\/wp-content\/uploads\/2025\/09\/04-Universite-de-Namur-1536x919.jpeg 1536w, https:\/\/ia-dev.hes-so.ch\/ona\/wp-content\/uploads\/2025\/09\/04-Universite-de-Namur-2048x1225.jpeg 2048w\" sizes=\"auto, (max-width: 1024px) 100vw, 1024px\" \/><\/figure>\n\n\n\n<p>L\u2019entr\u00e9e principale de l\u2019Universit\u00e9 de Namur, sobre et fonctionnelle, contraste avec le prestige de l\u2019Arsenal ou du Centre social des Facult\u00e9s. Mais c\u2019est ici que l\u2019on ressent pleinement l\u2019ancrage au c\u0153ur de la ville et la proximit\u00e9 avec la cit\u00e9 namuroise. Et une fois franchie cette porte discr\u00e8te, on d\u00e9couvre des espaces int\u00e9rieurs lumineux et surprenants\u2026 comme quoi, l\u2019habit ne fait pas toujours le moine !<\/p>\n\n\n\n<p><\/p>\n\n\n\n<p>Lien vers la ville suivante : <a href=\"https:\/\/ia-dev.hes-so.ch\/ona\/photos\/charleroi\/\" data-type=\"page\" data-id=\"1790\">Charleroi<\/a><\/p>\n\n\n\n<p><\/p>\n","protected":false},"excerpt":{"rendered":"<p>1er jour Le t\u00e9l\u00e9ph\u00e9rique relie d\u00e9sormais le centre historique de Namur \u00e0 sa Citadelle, renouant avec une longue tradition de [&hellip;]<\/p>\n","protected":false},"author":1,"featured_media":0,"parent":173,"menu_order":30,"comment_status":"closed","ping_status":"closed","template":"","meta":{"footnotes":""},"class_list":["post-1788","page","type-page","status-publish","hentry"],"_links":{"self":[{"href":"https:\/\/ia-dev.hes-so.ch\/ona\/wp-json\/wp\/v2\/pages\/1788","targetHints":{"allow":["GET"]}}],"collection":[{"href":"https:\/\/ia-dev.hes-so.ch\/ona\/wp-json\/wp\/v2\/pages"}],"about":[{"href":"https:\/\/ia-dev.hes-so.ch\/ona\/wp-json\/wp\/v2\/types\/page"}],"author":[{"embeddable":true,"href":"https:\/\/ia-dev.hes-so.ch\/ona\/wp-json\/wp\/v2\/users\/1"}],"replies":[{"embeddable":true,"href":"https:\/\/ia-dev.hes-so.ch\/ona\/wp-json\/wp\/v2\/comments?post=1788"}],"version-history":[{"count":15,"href":"https:\/\/ia-dev.hes-so.ch\/ona\/wp-json\/wp\/v2\/pages\/1788\/revisions"}],"predecessor-version":[{"id":2161,"href":"https:\/\/ia-dev.hes-so.ch\/ona\/wp-json\/wp\/v2\/pages\/1788\/revisions\/2161"}],"up":[{"embeddable":true,"href":"https:\/\/ia-dev.hes-so.ch\/ona\/wp-json\/wp\/v2\/pages\/173"}],"wp:attachment":[{"href":"https:\/\/ia-dev.hes-so.ch\/ona\/wp-json\/wp\/v2\/media?parent=1788"}],"curies":[{"name":"wp","href":"https:\/\/api.w.org\/{rel}","templated":true}]}}