{"id":1790,"date":"2025-09-29T10:47:35","date_gmt":"2025-09-29T08:47:35","guid":{"rendered":"https:\/\/ia-dev.hes-so.ch\/ona\/?page_id=1790"},"modified":"2025-10-07T10:03:26","modified_gmt":"2025-10-07T08:03:26","slug":"charleroi","status":"publish","type":"page","link":"https:\/\/ia-dev.hes-so.ch\/ona\/photos\/charleroi\/","title":{"rendered":"Charleroi"},"content":{"rendered":"\n<p><strong>1<sup>er<\/sup> jour<\/strong><\/p>\n\n\n\n<figure class=\"wp-block-image size-large\"><img loading=\"lazy\" decoding=\"async\" width=\"768\" height=\"1024\" src=\"https:\/\/ia-dev.hes-so.ch\/ona\/wp-content\/uploads\/2025\/09\/01-Photo-du-ciel-sur-la-thematique-choisir-sa-voie-768x1024.jpeg\" alt=\"\" class=\"wp-image-2079\" srcset=\"https:\/\/ia-dev.hes-so.ch\/ona\/wp-content\/uploads\/2025\/09\/01-Photo-du-ciel-sur-la-thematique-choisir-sa-voie-768x1024.jpeg 768w, https:\/\/ia-dev.hes-so.ch\/ona\/wp-content\/uploads\/2025\/09\/01-Photo-du-ciel-sur-la-thematique-choisir-sa-voie-225x300.jpeg 225w, https:\/\/ia-dev.hes-so.ch\/ona\/wp-content\/uploads\/2025\/09\/01-Photo-du-ciel-sur-la-thematique-choisir-sa-voie-1152x1536.jpeg 1152w, https:\/\/ia-dev.hes-so.ch\/ona\/wp-content\/uploads\/2025\/09\/01-Photo-du-ciel-sur-la-thematique-choisir-sa-voie-1536x2048.jpeg 1536w, https:\/\/ia-dev.hes-so.ch\/ona\/wp-content\/uploads\/2025\/09\/01-Photo-du-ciel-sur-la-thematique-choisir-sa-voie-scaled.jpeg 1920w\" sizes=\"auto, (max-width: 768px) 100vw, 768px\" \/><\/figure>\n\n\n\n<p>Choisir sa voie, c\u2019est un peu comme regarder le ciel et d\u00e9cider quel avion suivre\u2026 Plusieurs trajectoires sont possibles, toutes m\u00e8nent vers un horizon diff\u00e9rent. Reste \u00e0 trouver celle qui correspond le mieux \u00e0 ses r\u00eaves et \u00e0 ses talents.<\/p>\n\n\n\n<p><strong>2<sup>\u00e8me<\/sup> jour<\/strong><\/p>\n\n\n\n<figure class=\"wp-block-image size-large\"><img loading=\"lazy\" decoding=\"async\" width=\"1024\" height=\"768\" src=\"https:\/\/ia-dev.hes-so.ch\/ona\/wp-content\/uploads\/2025\/09\/02-Semer-et-recolter-1024x768.jpeg\" alt=\"\" class=\"wp-image-2080\" srcset=\"https:\/\/ia-dev.hes-so.ch\/ona\/wp-content\/uploads\/2025\/09\/02-Semer-et-recolter-1024x768.jpeg 1024w, https:\/\/ia-dev.hes-so.ch\/ona\/wp-content\/uploads\/2025\/09\/02-Semer-et-recolter-300x225.jpeg 300w, https:\/\/ia-dev.hes-so.ch\/ona\/wp-content\/uploads\/2025\/09\/02-Semer-et-recolter-768x576.jpeg 768w, https:\/\/ia-dev.hes-so.ch\/ona\/wp-content\/uploads\/2025\/09\/02-Semer-et-recolter-1536x1152.jpeg 1536w, https:\/\/ia-dev.hes-so.ch\/ona\/wp-content\/uploads\/2025\/09\/02-Semer-et-recolter-2048x1536.jpeg 2048w\" sizes=\"auto, (max-width: 1024px) 100vw, 1024px\" \/><\/figure>\n\n\n\n<p>\u00ab Si tu n\u2019aimes pas ce que tu r\u00e9coltes\u2026 alors change ce que tu s\u00e8mes. \u00bb<br>Plut\u00f4t que de regretter ce qui n\u2019a pas \u00e9t\u00e9 accompli, cette phrase invite \u00e0 r\u00e9fl\u00e9chir \u00e0 nos choix, \u00e0 ce que nous voulons construire et d\u00e9velopper. Un appel \u00e0 l\u2019action tourn\u00e9e vers l\u2019avenir, avec confiance et lucidit\u00e9.<\/p>\n\n\n\n<p><strong>3<sup>\u00e8me<\/sup> jour<\/strong><\/p>\n\n\n\n<figure class=\"wp-block-image size-large\"><img loading=\"lazy\" decoding=\"async\" width=\"1024\" height=\"768\" src=\"https:\/\/ia-dev.hes-so.ch\/ona\/wp-content\/uploads\/2025\/09\/03-HEPH-Condorcet-universite-du-travail-1024x768.jpeg\" alt=\"\" class=\"wp-image-2081\" srcset=\"https:\/\/ia-dev.hes-so.ch\/ona\/wp-content\/uploads\/2025\/09\/03-HEPH-Condorcet-universite-du-travail-1024x768.jpeg 1024w, https:\/\/ia-dev.hes-so.ch\/ona\/wp-content\/uploads\/2025\/09\/03-HEPH-Condorcet-universite-du-travail-300x225.jpeg 300w, https:\/\/ia-dev.hes-so.ch\/ona\/wp-content\/uploads\/2025\/09\/03-HEPH-Condorcet-universite-du-travail-768x576.jpeg 768w, https:\/\/ia-dev.hes-so.ch\/ona\/wp-content\/uploads\/2025\/09\/03-HEPH-Condorcet-universite-du-travail-1536x1152.jpeg 1536w, https:\/\/ia-dev.hes-so.ch\/ona\/wp-content\/uploads\/2025\/09\/03-HEPH-Condorcet-universite-du-travail-2048x1536.jpeg 2048w\" sizes=\"auto, (max-width: 1024px) 100vw, 1024px\" \/><\/figure>\n\n\n\n<p>L\u2019Universit\u00e9 du Travail de Charleroi, n\u00e9e au d\u00e9but du XXe si\u00e8cle pour offrir \u00e0 toutes et \u00e0 tous un acc\u00e8s \u00e0 l\u2019instruction scientifique et technique, demeure un symbole fort du lien entre savoir et d\u00e9veloppement industriel. Aujourd\u2019hui, avec l\u2019implantation de la HEPH-Condorcet sur ce site class\u00e9, cette vocation d\u2019ouverture et de soutien \u00e0 la r\u00e9gion se poursuit, fid\u00e8le \u00e0 l\u2019esprit pionnier de ses fondateurs.<\/p>\n\n\n\n<p><strong>4<sup>\u00e8me<\/sup> jour<\/strong><\/p>\n\n\n\n<figure class=\"wp-block-image size-large\"><img loading=\"lazy\" decoding=\"async\" width=\"1024\" height=\"768\" src=\"https:\/\/ia-dev.hes-so.ch\/ona\/wp-content\/uploads\/2025\/09\/04-HEPH-Condorcet-1024x768.jpeg\" alt=\"\" class=\"wp-image-2083\" srcset=\"https:\/\/ia-dev.hes-so.ch\/ona\/wp-content\/uploads\/2025\/09\/04-HEPH-Condorcet-1024x768.jpeg 1024w, https:\/\/ia-dev.hes-so.ch\/ona\/wp-content\/uploads\/2025\/09\/04-HEPH-Condorcet-300x225.jpeg 300w, https:\/\/ia-dev.hes-so.ch\/ona\/wp-content\/uploads\/2025\/09\/04-HEPH-Condorcet-768x576.jpeg 768w, https:\/\/ia-dev.hes-so.ch\/ona\/wp-content\/uploads\/2025\/09\/04-HEPH-Condorcet-1536x1152.jpeg 1536w, https:\/\/ia-dev.hes-so.ch\/ona\/wp-content\/uploads\/2025\/09\/04-HEPH-Condorcet-2048x1536.jpeg 2048w\" sizes=\"auto, (max-width: 1024px) 100vw, 1024px\" \/><\/figure>\n\n\n\n<p>Le b\u00e2timent principal de la HEPH-Condorcet t\u00e9moigne du riche pass\u00e9 industriel de Charleroi. D\u00e8s 1912, ses ateliers accueillaient la formation aux m\u00e9tiers du fer, du bois, de la confection, de la ma\u00e7onnerie ou encore de la soudure. Aujourd\u2019hui, ce lieu historique poursuit sa vocation en formant les \u00e9tudiantes et \u00e9tudiants aux techniques de construction, sous la lumi\u00e8re d\u2019une verri\u00e8re soutenue par une charpente m\u00e9tallique. Comme un clin d\u2019\u0153il du pass\u00e9 qui continue d\u2019\u00e9clairer l\u2019avenir.<\/p>\n\n\n\n<p><strong>5<sup>\u00e8me<\/sup> jour<\/strong><\/p>\n\n\n\n<figure class=\"wp-block-image size-large\"><img loading=\"lazy\" decoding=\"async\" width=\"1024\" height=\"768\" src=\"https:\/\/ia-dev.hes-so.ch\/ona\/wp-content\/uploads\/2025\/09\/05-HEPH-Condorcet-1024x768.jpeg\" alt=\"\" class=\"wp-image-2084\" srcset=\"https:\/\/ia-dev.hes-so.ch\/ona\/wp-content\/uploads\/2025\/09\/05-HEPH-Condorcet-1024x768.jpeg 1024w, https:\/\/ia-dev.hes-so.ch\/ona\/wp-content\/uploads\/2025\/09\/05-HEPH-Condorcet-300x225.jpeg 300w, https:\/\/ia-dev.hes-so.ch\/ona\/wp-content\/uploads\/2025\/09\/05-HEPH-Condorcet-768x576.jpeg 768w, https:\/\/ia-dev.hes-so.ch\/ona\/wp-content\/uploads\/2025\/09\/05-HEPH-Condorcet-1536x1152.jpeg 1536w, https:\/\/ia-dev.hes-so.ch\/ona\/wp-content\/uploads\/2025\/09\/05-HEPH-Condorcet-2048x1536.jpeg 2048w\" sizes=\"auto, (max-width: 1024px) 100vw, 1024px\" \/><\/figure>\n\n\n\n<p>Derri\u00e8re la fa\u00e7ade historique de la HEPH-Condorcet, on d\u00e9couvre ce hall impressionnant, baign\u00e9 de lumi\u00e8re et digne d\u2019une halle d\u2019exposition. Pourtant, il s\u2019agit bien d\u2019un lieu de formation : les galeries accueillent des espaces de travail pour les \u00e9tudiantes et \u00e9tudiants, une salle de classe se niche \u00e0 l\u2019arri\u00e8re et un laboratoire d\u00e9di\u00e9 aux \u00e9nergies renouvelables prend place sur la droite. Difficile de ne pas \u00eatre s\u00e9duit par un tel environnement d\u2019apprentissage !<\/p>\n\n\n\n<p><\/p>\n\n\n\n<p>Prochaine vile : <a href=\"https:\/\/ia-dev.hes-so.ch\/ona\/photos\/leeuwarden\/\" data-type=\"page\" data-id=\"1792\">Leeuwarden<\/a><\/p>\n\n\n\n<p><\/p>\n","protected":false},"excerpt":{"rendered":"<p>1er jour Choisir sa voie, c\u2019est un peu comme regarder le ciel et d\u00e9cider quel avion suivre\u2026 Plusieurs trajectoires sont [&hellip;]<\/p>\n","protected":false},"author":1,"featured_media":0,"parent":173,"menu_order":31,"comment_status":"closed","ping_status":"closed","template":"","meta":{"footnotes":""},"class_list":["post-1790","page","type-page","status-publish","hentry"],"_links":{"self":[{"href":"https:\/\/ia-dev.hes-so.ch\/ona\/wp-json\/wp\/v2\/pages\/1790","targetHints":{"allow":["GET"]}}],"collection":[{"href":"https:\/\/ia-dev.hes-so.ch\/ona\/wp-json\/wp\/v2\/pages"}],"about":[{"href":"https:\/\/ia-dev.hes-so.ch\/ona\/wp-json\/wp\/v2\/types\/page"}],"author":[{"embeddable":true,"href":"https:\/\/ia-dev.hes-so.ch\/ona\/wp-json\/wp\/v2\/users\/1"}],"replies":[{"embeddable":true,"href":"https:\/\/ia-dev.hes-so.ch\/ona\/wp-json\/wp\/v2\/comments?post=1790"}],"version-history":[{"count":13,"href":"https:\/\/ia-dev.hes-so.ch\/ona\/wp-json\/wp\/v2\/pages\/1790\/revisions"}],"predecessor-version":[{"id":2193,"href":"https:\/\/ia-dev.hes-so.ch\/ona\/wp-json\/wp\/v2\/pages\/1790\/revisions\/2193"}],"up":[{"embeddable":true,"href":"https:\/\/ia-dev.hes-so.ch\/ona\/wp-json\/wp\/v2\/pages\/173"}],"wp:attachment":[{"href":"https:\/\/ia-dev.hes-so.ch\/ona\/wp-json\/wp\/v2\/media?parent=1790"}],"curies":[{"name":"wp","href":"https:\/\/api.w.org\/{rel}","templated":true}]}}