{"id":1792,"date":"2025-10-07T10:02:35","date_gmt":"2025-10-07T08:02:35","guid":{"rendered":"https:\/\/ia-dev.hes-so.ch\/ona\/?page_id=1792"},"modified":"2025-10-10T08:14:24","modified_gmt":"2025-10-10T06:14:24","slug":"leeuwarden","status":"publish","type":"page","link":"https:\/\/ia-dev.hes-so.ch\/ona\/photos\/leeuwarden\/","title":{"rendered":"Leeuwarden"},"content":{"rendered":"\n<p><strong>1<sup>er<\/sup> jour<\/strong><\/p>\n\n\n\n<figure class=\"wp-block-image size-large\"><img loading=\"lazy\" decoding=\"async\" width=\"814\" height=\"1024\" src=\"https:\/\/ia-dev.hes-so.ch\/ona\/wp-content\/uploads\/2025\/09\/01-Arrivee-a-Leeuwarden-en-etant-bloque-sur-lautoroute-814x1024.jpeg\" alt=\"\" class=\"wp-image-2131\" srcset=\"https:\/\/ia-dev.hes-so.ch\/ona\/wp-content\/uploads\/2025\/09\/01-Arrivee-a-Leeuwarden-en-etant-bloque-sur-lautoroute-814x1024.jpeg 814w, https:\/\/ia-dev.hes-so.ch\/ona\/wp-content\/uploads\/2025\/09\/01-Arrivee-a-Leeuwarden-en-etant-bloque-sur-lautoroute-238x300.jpeg 238w, https:\/\/ia-dev.hes-so.ch\/ona\/wp-content\/uploads\/2025\/09\/01-Arrivee-a-Leeuwarden-en-etant-bloque-sur-lautoroute-768x966.jpeg 768w, https:\/\/ia-dev.hes-so.ch\/ona\/wp-content\/uploads\/2025\/09\/01-Arrivee-a-Leeuwarden-en-etant-bloque-sur-lautoroute-1221x1536.jpeg 1221w, https:\/\/ia-dev.hes-so.ch\/ona\/wp-content\/uploads\/2025\/09\/01-Arrivee-a-Leeuwarden-en-etant-bloque-sur-lautoroute-1628x2048.jpeg 1628w, https:\/\/ia-dev.hes-so.ch\/ona\/wp-content\/uploads\/2025\/09\/01-Arrivee-a-Leeuwarden-en-etant-bloque-sur-lautoroute-scaled.jpeg 2035w\" sizes=\"auto, (max-width: 814px) 100vw, 814px\" \/><\/figure>\n\n\n\n<p>Arriv\u00e9 aux abords de Leeuwarden, la circulation est interrompue par l\u2019ouverture d\u2019un pont permettant le passage d\u2019un navire, rappelant la relation intime qu\u2019entretiennent les Pays-Bas avec l\u2019eau. \u00c0 l\u2019arri\u00e8re-plan, une \u00e9olienne souligne l\u2019engagement du pays pour les \u00e9nergies renouvelables. Ce contraste entre immobilit\u00e9 routi\u00e8re et fluidit\u00e9 fluviale illustre bien la singularit\u00e9 du territoire n\u00e9erlandais. Ici, m\u00eame les bateaux ont la priorit\u00e9 sur l\u2019autoroute.<\/p>\n\n\n\n<p><strong>2<sup>\u00e8me<\/sup> jour<\/strong><\/p>\n\n\n\n<figure class=\"wp-block-image size-large\"><img loading=\"lazy\" decoding=\"async\" width=\"768\" height=\"1024\" src=\"https:\/\/ia-dev.hes-so.ch\/ona\/wp-content\/uploads\/2025\/09\/02-Leeuwarden-Oldehove-768x1024.jpeg\" alt=\"\" class=\"wp-image-2132\" srcset=\"https:\/\/ia-dev.hes-so.ch\/ona\/wp-content\/uploads\/2025\/09\/02-Leeuwarden-Oldehove-768x1024.jpeg 768w, https:\/\/ia-dev.hes-so.ch\/ona\/wp-content\/uploads\/2025\/09\/02-Leeuwarden-Oldehove-225x300.jpeg 225w, https:\/\/ia-dev.hes-so.ch\/ona\/wp-content\/uploads\/2025\/09\/02-Leeuwarden-Oldehove-1152x1536.jpeg 1152w, https:\/\/ia-dev.hes-so.ch\/ona\/wp-content\/uploads\/2025\/09\/02-Leeuwarden-Oldehove-1536x2048.jpeg 1536w, https:\/\/ia-dev.hes-so.ch\/ona\/wp-content\/uploads\/2025\/09\/02-Leeuwarden-Oldehove-scaled.jpeg 1920w\" sizes=\"auto, (max-width: 768px) 100vw, 768px\" \/><\/figure>\n\n\n\n<p>La tour Oldehove, embl\u00e8me de Leeuwarden, est connue pour son inclinaison comparable \u00e0 celle de la tour de Pise. A la diff\u00e9rence de sa cousine italienne, Oldehove s\u2019est mise \u00e0 pencher d\u00e8s le d\u00e9but de sa construction, victime d\u2019un affaissement du sol sous son propre poids. T\u00e9moignage de la complexit\u00e9 des terrains n\u00e9erlandais, elle rappelle que m\u00eame les ing\u00e9nieur\u00b7es et les architectes doivent parfois composer avec les impr\u00e9vus de la nature. Une d\u00e9monstration que la gravit\u00e9 a toujours le dernier mot.<\/p>\n\n\n\n<p><strong>3<sup>\u00e8me<\/sup> jour<\/strong><\/p>\n\n\n\n<figure class=\"wp-block-image size-large\"><img loading=\"lazy\" decoding=\"async\" width=\"1024\" height=\"768\" src=\"https:\/\/ia-dev.hes-so.ch\/ona\/wp-content\/uploads\/2025\/09\/03-Un-banc-brouette-1024x768.jpeg\" alt=\"\" class=\"wp-image-2133\" srcset=\"https:\/\/ia-dev.hes-so.ch\/ona\/wp-content\/uploads\/2025\/09\/03-Un-banc-brouette-1024x768.jpeg 1024w, https:\/\/ia-dev.hes-so.ch\/ona\/wp-content\/uploads\/2025\/09\/03-Un-banc-brouette-300x225.jpeg 300w, https:\/\/ia-dev.hes-so.ch\/ona\/wp-content\/uploads\/2025\/09\/03-Un-banc-brouette-768x576.jpeg 768w, https:\/\/ia-dev.hes-so.ch\/ona\/wp-content\/uploads\/2025\/09\/03-Un-banc-brouette-1536x1152.jpeg 1536w, https:\/\/ia-dev.hes-so.ch\/ona\/wp-content\/uploads\/2025\/09\/03-Un-banc-brouette-2048x1536.jpeg 2048w\" sizes=\"auto, (max-width: 1024px) 100vw, 1024px\" \/><\/figure>\n\n\n\n<p>Ce banc ing\u00e9nieusement mont\u00e9 sur une roue de brouette illustre la cr\u00e9ativit\u00e9 pratique que l\u2019on retrouve souvent aux Pays-Bas. Con\u00e7u pour \u00eatre d\u00e9plac\u00e9 facilement, il associe simplicit\u00e9, efficacit\u00e9 et humour discret. Une belle d\u00e9monstration que l\u2019ing\u00e9nierie ne se limite pas aux grands projets : elle se niche aussi dans les solutions du quotidien.<\/p>\n\n\n\n<p><strong>4<sup>\u00e8me<\/sup> jour<\/strong><\/p>\n\n\n\n<figure class=\"wp-block-image size-large\"><img loading=\"lazy\" decoding=\"async\" width=\"1024\" height=\"768\" src=\"https:\/\/ia-dev.hes-so.ch\/ona\/wp-content\/uploads\/2025\/09\/04-NHL-Stenden-a-Leeuwarden-1024x768.jpeg\" alt=\"\" class=\"wp-image-2134\" srcset=\"https:\/\/ia-dev.hes-so.ch\/ona\/wp-content\/uploads\/2025\/09\/04-NHL-Stenden-a-Leeuwarden-1024x768.jpeg 1024w, https:\/\/ia-dev.hes-so.ch\/ona\/wp-content\/uploads\/2025\/09\/04-NHL-Stenden-a-Leeuwarden-300x225.jpeg 300w, https:\/\/ia-dev.hes-so.ch\/ona\/wp-content\/uploads\/2025\/09\/04-NHL-Stenden-a-Leeuwarden-768x576.jpeg 768w, https:\/\/ia-dev.hes-so.ch\/ona\/wp-content\/uploads\/2025\/09\/04-NHL-Stenden-a-Leeuwarden-1536x1152.jpeg 1536w, https:\/\/ia-dev.hes-so.ch\/ona\/wp-content\/uploads\/2025\/09\/04-NHL-Stenden-a-Leeuwarden-2048x1536.jpeg 2048w\" sizes=\"auto, (max-width: 1024px) 100vw, 1024px\" \/><\/figure>\n\n\n\n<p>NHL Stenden \u00e0 Leeuwarden impressionne par son architecture contemporaine et lumineuse, qui traduit une volont\u00e9 d\u2019ouverture et de modernit\u00e9. Ce b\u00e2timent embl\u00e9matique incarne l\u2019esprit d\u2019une haute \u00e9cole professionnelle tourn\u00e9e vers l\u2019innovation et l\u2019international. Un lieu o\u00f9 l\u2019on ressent imm\u00e9diatement l\u2019envie d\u2019apprendre et de s\u2019engager.<\/p>\n\n\n\n<p><strong>5<sup>\u00e8me<\/sup> jour<\/strong><\/p>\n\n\n\n<figure class=\"wp-block-image size-large\"><img loading=\"lazy\" decoding=\"async\" width=\"1024\" height=\"768\" src=\"https:\/\/ia-dev.hes-so.ch\/ona\/wp-content\/uploads\/2025\/09\/05-NHL-Stenden-a-Leeuwarden-1024x768.jpeg\" alt=\"\" class=\"wp-image-2135\" srcset=\"https:\/\/ia-dev.hes-so.ch\/ona\/wp-content\/uploads\/2025\/09\/05-NHL-Stenden-a-Leeuwarden-1024x768.jpeg 1024w, https:\/\/ia-dev.hes-so.ch\/ona\/wp-content\/uploads\/2025\/09\/05-NHL-Stenden-a-Leeuwarden-300x225.jpeg 300w, https:\/\/ia-dev.hes-so.ch\/ona\/wp-content\/uploads\/2025\/09\/05-NHL-Stenden-a-Leeuwarden-768x576.jpeg 768w, https:\/\/ia-dev.hes-so.ch\/ona\/wp-content\/uploads\/2025\/09\/05-NHL-Stenden-a-Leeuwarden-1536x1152.jpeg 1536w, https:\/\/ia-dev.hes-so.ch\/ona\/wp-content\/uploads\/2025\/09\/05-NHL-Stenden-a-Leeuwarden-2048x1536.jpeg 2048w\" sizes=\"auto, (max-width: 1024px) 100vw, 1024px\" \/><\/figure>\n\n\n\n<p>Cette fresque monumentale de l\u2019artiste espagnol Jay Kaes illustre la puissance de la lecture comme d\u00e9clencheur de cr\u00e9ativit\u00e9 et d\u2019imaginaire. Visible sur les murs de NHL Stenden, elle rappelle combien l\u2019art urbain peut nourrir l\u2019apprentissage et inspirer les g\u00e9n\u00e9rations \u00e9tudiantes. Dans nos formations, lecture, cr\u00e9ativit\u00e9 et innovation s\u2019entrelacent pour fa\u00e7onner des parcours d\u2019\u00e9tude tourn\u00e9s vers l\u2019avenir.<\/p>\n\n\n\n<p><strong>6<sup>\u00e8me<\/sup> jour<\/strong><\/p>\n\n\n\n<figure class=\"wp-block-image size-large\"><img loading=\"lazy\" decoding=\"async\" width=\"1024\" height=\"768\" src=\"https:\/\/ia-dev.hes-so.ch\/ona\/wp-content\/uploads\/2025\/09\/06-NHL-Stenden-a-Leeuwarden-1024x768.jpeg\" alt=\"\" class=\"wp-image-2136\" srcset=\"https:\/\/ia-dev.hes-so.ch\/ona\/wp-content\/uploads\/2025\/09\/06-NHL-Stenden-a-Leeuwarden-1024x768.jpeg 1024w, https:\/\/ia-dev.hes-so.ch\/ona\/wp-content\/uploads\/2025\/09\/06-NHL-Stenden-a-Leeuwarden-300x225.jpeg 300w, https:\/\/ia-dev.hes-so.ch\/ona\/wp-content\/uploads\/2025\/09\/06-NHL-Stenden-a-Leeuwarden-768x576.jpeg 768w, https:\/\/ia-dev.hes-so.ch\/ona\/wp-content\/uploads\/2025\/09\/06-NHL-Stenden-a-Leeuwarden-1536x1152.jpeg 1536w, https:\/\/ia-dev.hes-so.ch\/ona\/wp-content\/uploads\/2025\/09\/06-NHL-Stenden-a-Leeuwarden-2048x1536.jpeg 2048w\" sizes=\"auto, (max-width: 1024px) 100vw, 1024px\" \/><\/figure>\n\n\n\n<p>Sous les b\u00e2timents de NHL Stenden, ce ne sont pas des voitures qui occupent les \u00e9tages souterrains mais des rang\u00e9es enti\u00e8res de v\u00e9los. V\u00e9ritable symbole de la culture n\u00e9erlandaise, ce type d\u2019am\u00e9nagement t\u00e9moigne d\u2019un choix de soci\u00e9t\u00e9 durable o\u00f9 la mobilit\u00e9 douce est une \u00e9vidence bien plus qu\u2019une alternative.<\/p>\n\n\n\n<p><strong>7<sup>\u00e8me<\/sup> jour<\/strong><\/p>\n\n\n\n<figure class=\"wp-block-image size-large\"><img loading=\"lazy\" decoding=\"async\" width=\"1024\" height=\"768\" src=\"https:\/\/ia-dev.hes-so.ch\/ona\/wp-content\/uploads\/2025\/09\/07-NHL-Stenden-a-Leeuwarden-1024x768.jpeg\" alt=\"\" class=\"wp-image-2137\" srcset=\"https:\/\/ia-dev.hes-so.ch\/ona\/wp-content\/uploads\/2025\/09\/07-NHL-Stenden-a-Leeuwarden-1024x768.jpeg 1024w, https:\/\/ia-dev.hes-so.ch\/ona\/wp-content\/uploads\/2025\/09\/07-NHL-Stenden-a-Leeuwarden-300x225.jpeg 300w, https:\/\/ia-dev.hes-so.ch\/ona\/wp-content\/uploads\/2025\/09\/07-NHL-Stenden-a-Leeuwarden-768x576.jpeg 768w, https:\/\/ia-dev.hes-so.ch\/ona\/wp-content\/uploads\/2025\/09\/07-NHL-Stenden-a-Leeuwarden-1536x1152.jpeg 1536w, https:\/\/ia-dev.hes-so.ch\/ona\/wp-content\/uploads\/2025\/09\/07-NHL-Stenden-a-Leeuwarden-2048x1536.jpeg 2048w\" sizes=\"auto, (max-width: 1024px) 100vw, 1024px\" \/><\/figure>\n\n\n\n<p>\u00c0 NHL Stenden, les espaces d\u2019apprentissage rompent volontairement avec la salle de classe traditionnelle. Tables hautes, fauteuils confortables et coins de lecture cr\u00e9ent une atmosph\u00e8re conviviale qui incite \u00e0 repenser les m\u00e9thodes p\u00e9dagogiques. Ici, l\u2019infrastructure devient un levier d\u2019innovation au service de l\u2019enseignement et de l\u2019engagement des \u00e9tudiantes et \u00e9tudiants.<\/p>\n\n\n\n<p><strong>8<sup>\u00e8me<\/sup> jour<\/strong> (Mardi 7 octobre)<\/p>\n\n\n\n<figure class=\"wp-block-image size-large\"><img loading=\"lazy\" decoding=\"async\" width=\"1024\" height=\"768\" src=\"https:\/\/ia-dev.hes-so.ch\/ona\/wp-content\/uploads\/2025\/09\/08-NHL-Stenden-a-Leeuwarden-1024x768.jpeg\" alt=\"\" class=\"wp-image-2138\" srcset=\"https:\/\/ia-dev.hes-so.ch\/ona\/wp-content\/uploads\/2025\/09\/08-NHL-Stenden-a-Leeuwarden-1024x768.jpeg 1024w, https:\/\/ia-dev.hes-so.ch\/ona\/wp-content\/uploads\/2025\/09\/08-NHL-Stenden-a-Leeuwarden-300x225.jpeg 300w, https:\/\/ia-dev.hes-so.ch\/ona\/wp-content\/uploads\/2025\/09\/08-NHL-Stenden-a-Leeuwarden-768x576.jpeg 768w, https:\/\/ia-dev.hes-so.ch\/ona\/wp-content\/uploads\/2025\/09\/08-NHL-Stenden-a-Leeuwarden-1536x1152.jpeg 1536w, https:\/\/ia-dev.hes-so.ch\/ona\/wp-content\/uploads\/2025\/09\/08-NHL-Stenden-a-Leeuwarden-2048x1536.jpeg 2048w\" sizes=\"auto, (max-width: 1024px) 100vw, 1024px\" \/><\/figure>\n\n\n\n<p>Un vaste espace d\u2019\u00e9tude lumineux et v\u00e9g\u00e9talis\u00e9 accueille les \u00e9tudiantes et \u00e9tudiants de NHL Stenden. Chaque recoin favorise la concentration, la lecture et l\u2019\u00e9change. Ce lieu illustre concr\u00e8tement le lien entre cr\u00e9ativit\u00e9, apprentissage et environnement inspirant, en \u00e9cho au street art observ\u00e9 sur le campus.<\/p>\n\n\n\n<p>Ville suivante et derni\u00e8re \u00e9tape : <a href=\"https:\/\/ia-dev.hes-so.ch\/ona\/photos\/metz\/\" data-type=\"page\" data-id=\"1794\">Metz<\/a><\/p>\n","protected":false},"excerpt":{"rendered":"<p>1er jour Arriv\u00e9 aux abords de Leeuwarden, la circulation est interrompue par l\u2019ouverture d\u2019un pont permettant le passage d\u2019un navire, [&hellip;]<\/p>\n","protected":false},"author":1,"featured_media":0,"parent":173,"menu_order":32,"comment_status":"closed","ping_status":"closed","template":"","meta":{"footnotes":""},"class_list":["post-1792","page","type-page","status-publish","hentry"],"_links":{"self":[{"href":"https:\/\/ia-dev.hes-so.ch\/ona\/wp-json\/wp\/v2\/pages\/1792","targetHints":{"allow":["GET"]}}],"collection":[{"href":"https:\/\/ia-dev.hes-so.ch\/ona\/wp-json\/wp\/v2\/pages"}],"about":[{"href":"https:\/\/ia-dev.hes-so.ch\/ona\/wp-json\/wp\/v2\/types\/page"}],"author":[{"embeddable":true,"href":"https:\/\/ia-dev.hes-so.ch\/ona\/wp-json\/wp\/v2\/users\/1"}],"replies":[{"embeddable":true,"href":"https:\/\/ia-dev.hes-so.ch\/ona\/wp-json\/wp\/v2\/comments?post=1792"}],"version-history":[{"count":14,"href":"https:\/\/ia-dev.hes-so.ch\/ona\/wp-json\/wp\/v2\/pages\/1792\/revisions"}],"predecessor-version":[{"id":2202,"href":"https:\/\/ia-dev.hes-so.ch\/ona\/wp-json\/wp\/v2\/pages\/1792\/revisions\/2202"}],"up":[{"embeddable":true,"href":"https:\/\/ia-dev.hes-so.ch\/ona\/wp-json\/wp\/v2\/pages\/173"}],"wp:attachment":[{"href":"https:\/\/ia-dev.hes-so.ch\/ona\/wp-json\/wp\/v2\/media?parent=1792"}],"curies":[{"name":"wp","href":"https:\/\/api.w.org\/{rel}","templated":true}]}}