{"id":1794,"date":"2025-10-10T08:13:17","date_gmt":"2025-10-10T06:13:17","guid":{"rendered":"https:\/\/ia-dev.hes-so.ch\/ona\/?page_id=1794"},"modified":"2025-10-10T08:13:18","modified_gmt":"2025-10-10T06:13:18","slug":"metz","status":"publish","type":"page","link":"https:\/\/ia-dev.hes-so.ch\/ona\/photos\/metz\/","title":{"rendered":"Metz"},"content":{"rendered":"\n<p><strong>1<sup>er<\/sup> jour<\/strong><\/p>\n\n\n\n<figure class=\"wp-block-image size-large\"><img loading=\"lazy\" decoding=\"async\" width=\"1024\" height=\"768\" src=\"https:\/\/ia-dev.hes-so.ch\/ona\/wp-content\/uploads\/2025\/10\/01-Metz-Institut-en-Innovation-Logistique-1024x768.jpeg\" alt=\"\" class=\"wp-image-2178\" srcset=\"https:\/\/ia-dev.hes-so.ch\/ona\/wp-content\/uploads\/2025\/10\/01-Metz-Institut-en-Innovation-Logistique-1024x768.jpeg 1024w, https:\/\/ia-dev.hes-so.ch\/ona\/wp-content\/uploads\/2025\/10\/01-Metz-Institut-en-Innovation-Logistique-300x225.jpeg 300w, https:\/\/ia-dev.hes-so.ch\/ona\/wp-content\/uploads\/2025\/10\/01-Metz-Institut-en-Innovation-Logistique-768x576.jpeg 768w, https:\/\/ia-dev.hes-so.ch\/ona\/wp-content\/uploads\/2025\/10\/01-Metz-Institut-en-Innovation-Logistique-1536x1152.jpeg 1536w, https:\/\/ia-dev.hes-so.ch\/ona\/wp-content\/uploads\/2025\/10\/01-Metz-Institut-en-Innovation-Logistique-2048x1536.jpeg 2048w\" sizes=\"auto, (max-width: 1024px) 100vw, 1024px\" \/><\/figure>\n\n\n\n<p>En visite \u00e0 Metz, \u00e0 l\u2019Institut en Innovation Logistique (I\u00b2L), dont le nouveau b\u00e2timent a \u00e9t\u00e9 inaugur\u00e9 aujourd\u2019hui. Cette \u00e9cole d\u2019ing\u00e9nieur\u00b7es illustre la collaboration exemplaire entre les collectivit\u00e9s et le monde industriel, qui ont uni leurs efforts pour faire \u00e9merger ce projet. Elle porte la marque de l\u2019engagement du professeur Nidhal Rezg et de son \u00e9quipe, au service d\u2019une formation d\u2019avenir dans la logistique et l\u2019ing\u00e9nierie durable.<\/p>\n\n\n\n<p><strong>2<sup>\u00e8me<\/sup> jour<\/strong><\/p>\n\n\n\n<figure class=\"wp-block-image size-large\"><img loading=\"lazy\" decoding=\"async\" width=\"768\" height=\"1024\" src=\"https:\/\/ia-dev.hes-so.ch\/ona\/wp-content\/uploads\/2025\/10\/02-Metz-Institut-en-Innovation-Logistique-768x1024.jpeg\" alt=\"\" class=\"wp-image-2179\" srcset=\"https:\/\/ia-dev.hes-so.ch\/ona\/wp-content\/uploads\/2025\/10\/02-Metz-Institut-en-Innovation-Logistique-768x1024.jpeg 768w, https:\/\/ia-dev.hes-so.ch\/ona\/wp-content\/uploads\/2025\/10\/02-Metz-Institut-en-Innovation-Logistique-225x300.jpeg 225w, https:\/\/ia-dev.hes-so.ch\/ona\/wp-content\/uploads\/2025\/10\/02-Metz-Institut-en-Innovation-Logistique-1152x1536.jpeg 1152w, https:\/\/ia-dev.hes-so.ch\/ona\/wp-content\/uploads\/2025\/10\/02-Metz-Institut-en-Innovation-Logistique-1536x2048.jpeg 1536w, https:\/\/ia-dev.hes-so.ch\/ona\/wp-content\/uploads\/2025\/10\/02-Metz-Institut-en-Innovation-Logistique-scaled.jpeg 1920w\" sizes=\"auto, (max-width: 768px) 100vw, 768px\" \/><\/figure>\n\n\n\n<p>Dans le laboratoire de logistique de l\u2019Institut en Innovation Logistique (I\u00b2L) \u00e0 Metz, un robot autonome scanne les stocks sur plusieurs niveaux, jusqu\u2019\u00e0 12 m\u00e8tres de hauteur. La dalle du premier \u00e9tage a \u00e9t\u00e9 partiellement ouverte pour permettre son passage, illustrant la volont\u00e9 de l\u2019\u00e9cole d\u2019offrir aux \u00e9tudiantes et \u00e9tudiants des conditions d\u2019apprentissage ancr\u00e9es dans les technologies industrielles les plus r\u00e9centes.<\/p>\n\n\n\n<p><strong>3<sup>\u00e8me<\/sup> jour<\/strong><\/p>\n\n\n\n<figure class=\"wp-block-image size-large\"><img loading=\"lazy\" decoding=\"async\" width=\"1024\" height=\"768\" src=\"https:\/\/ia-dev.hes-so.ch\/ona\/wp-content\/uploads\/2025\/10\/03-Le-temps-de-rentrer-1024x768.jpeg\" alt=\"\" class=\"wp-image-2180\" srcset=\"https:\/\/ia-dev.hes-so.ch\/ona\/wp-content\/uploads\/2025\/10\/03-Le-temps-de-rentrer-1024x768.jpeg 1024w, https:\/\/ia-dev.hes-so.ch\/ona\/wp-content\/uploads\/2025\/10\/03-Le-temps-de-rentrer-300x225.jpeg 300w, https:\/\/ia-dev.hes-so.ch\/ona\/wp-content\/uploads\/2025\/10\/03-Le-temps-de-rentrer-768x576.jpeg 768w, https:\/\/ia-dev.hes-so.ch\/ona\/wp-content\/uploads\/2025\/10\/03-Le-temps-de-rentrer-1536x1152.jpeg 1536w, https:\/\/ia-dev.hes-so.ch\/ona\/wp-content\/uploads\/2025\/10\/03-Le-temps-de-rentrer-2048x1536.jpeg 2048w\" sizes=\"auto, (max-width: 1024px) 100vw, 1024px\" \/><\/figure>\n\n\n\n<p>Derni\u00e8re \u00e9tape du p\u00e9riple \u00e0 Metz\u2026 Les roues, un peu enlis\u00e9es dans la gadoue, t\u00e9moignent de la fin d\u2019un long voyage \u00e0 travers les hautes \u00e9coles en ing\u00e9nierie. Cinq mois et demi riches en d\u00e9couvertes, en \u00e9changes et en r\u00e9flexions sur les enjeux de la formation. Le moment est venu de rentrer, m\u00eame si la caravane semble vouloir prolonger encore un peu l\u2019aventure\u2026<br><\/p>\n\n\n\n<p class=\"has-text-align-center\"><strong>Fin du voyage<\/strong><\/p>\n","protected":false},"excerpt":{"rendered":"<p>1er jour En visite \u00e0 Metz, \u00e0 l\u2019Institut en Innovation Logistique (I\u00b2L), dont le nouveau b\u00e2timent a \u00e9t\u00e9 inaugur\u00e9 aujourd\u2019hui. [&hellip;]<\/p>\n","protected":false},"author":1,"featured_media":0,"parent":173,"menu_order":33,"comment_status":"closed","ping_status":"closed","template":"","meta":{"footnotes":""},"class_list":["post-1794","page","type-page","status-publish","hentry"],"_links":{"self":[{"href":"https:\/\/ia-dev.hes-so.ch\/ona\/wp-json\/wp\/v2\/pages\/1794","targetHints":{"allow":["GET"]}}],"collection":[{"href":"https:\/\/ia-dev.hes-so.ch\/ona\/wp-json\/wp\/v2\/pages"}],"about":[{"href":"https:\/\/ia-dev.hes-so.ch\/ona\/wp-json\/wp\/v2\/types\/page"}],"author":[{"embeddable":true,"href":"https:\/\/ia-dev.hes-so.ch\/ona\/wp-json\/wp\/v2\/users\/1"}],"replies":[{"embeddable":true,"href":"https:\/\/ia-dev.hes-so.ch\/ona\/wp-json\/wp\/v2\/comments?post=1794"}],"version-history":[{"count":10,"href":"https:\/\/ia-dev.hes-so.ch\/ona\/wp-json\/wp\/v2\/pages\/1794\/revisions"}],"predecessor-version":[{"id":2201,"href":"https:\/\/ia-dev.hes-so.ch\/ona\/wp-json\/wp\/v2\/pages\/1794\/revisions\/2201"}],"up":[{"embeddable":true,"href":"https:\/\/ia-dev.hes-so.ch\/ona\/wp-json\/wp\/v2\/pages\/173"}],"wp:attachment":[{"href":"https:\/\/ia-dev.hes-so.ch\/ona\/wp-json\/wp\/v2\/media?parent=1794"}],"curies":[{"name":"wp","href":"https:\/\/api.w.org\/{rel}","templated":true}]}}